{"id":4261,"date":"2025-08-25T11:28:56","date_gmt":"2025-08-25T09:28:56","guid":{"rendered":"https:\/\/pulsschlag24.com\/produkt\/atacama-apollo-storm-10-premium-black-edition-meuble-hi-fi-niveau-de-base-noir\/"},"modified":"2025-08-25T11:28:56","modified_gmt":"2025-08-25T09:28:56","slug":"atacama-apollo-storm-10-premium-black-edition-meuble-hi-fi-niveau-de-base-noir","status":"publish","type":"product","link":"https:\/\/pulsschlag24.com\/fr\/produkt\/atacama-apollo-storm-10-premium-black-edition-meuble-hi-fi-niveau-de-base-noir\/","title":{"rendered":"Atacama APOLLO \u2013 STORM 10 Premium Black Edition \u2013 Meuble Hi-Fi \u2013 Niveau de base \u2013 Noir"},"content":{"rendered":"<p>Pr\u00e9sentation de l&rsquo;Apollo Storm 10 : le rack AV modulaire par excellence<\/p>\n<p>&nbsp;<\/p>\n<p>Erh\u00f6hen Sie Ihr audiovisuelles Erlebnis mit dem Apollo Storm 10 Premium Black Edition, einem beeindruckenden und funktionalen modularen AV-Rack aus massiver britischer Eiche. Wahlweise sind bis zu 4 Ebenen mit verschiedenen H\u00f6henabst\u00e4nden erh\u00e4ltlich &#8211; Basis 60mm, 135mm, 185mm und 235mm. <\/p>\n<p>&nbsp;<\/p>\n<p>Pourquoi l&rsquo;Apollo Storm 10 ?<\/p>\n<p>&nbsp;<\/p>\n<p>Conception modulaire : ce rack est con\u00e7u de mani\u00e8re flexible, vous permettant de choisir pr\u00e9cis\u00e9ment le nombre de modules n\u00e9cessaires \u00e0 votre \u00e9quipement et \u00e0 l\u2019espace disponible. Ajoutez ou retirez simplement les modules souhait\u00e9s de votre panier, et le prix sera automatiquement ajust\u00e9 lors du paiement. <\/p>\n<p>Con\u00e7u pour la performance : l\u2019Apollo Storm 10 est bien plus qu\u2019un simple meuble esth\u00e9tique. Sa conception m\u00e9ticuleuse vise \u00e0 optimiser les performances de votre \u00e9quipement audiovisuel. Sa structure rigide en ch\u00eane massif et son syst\u00e8me d\u2019isolation multi-\u00e9tages minimisent les r\u00e9sonances et les vibrations externes, garantissant ainsi une qualit\u00e9 sonore exceptionnelle.  <\/p>\n<p>Design \u00e9l\u00e9gant : La finition en ch\u00eane naturel et les d\u00e9tails artisanaux apportent une touche d\u2019\u00e9l\u00e9gance \u00e0 votre salon ou salle de cin\u00e9ma maison. Gr\u00e2ce \u00e0 deux couleurs de pieds et quatre hauteurs d\u2019\u00e9tag\u00e8res, vous pouvez personnaliser cette \u00e9tag\u00e8re pour qu\u2019elle s\u2019int\u00e8gre parfaitement \u00e0 votre d\u00e9coration. <\/p>\n<p>Fonctionnalit\u00e9s suppl\u00e9mentaires :<\/p>\n<p>&nbsp;<\/p>\n<p>Des modules d&rsquo;\u00e9tag\u00e8res sur mesure pour un ajustement parfait.<\/p>\n<p>Quatre hauteurs d&rsquo;\u00e9tag\u00e8res<\/p>\n<p>Pointes r\u00e9glables pour compenser les irr\u00e9gularit\u00e9s du sol (les pointes sont recommand\u00e9es pour les sols fragiles).<\/p>\n<p>Construction en ch\u00eane massif pour une stabilit\u00e9 et une durabilit\u00e9 accrues<\/p>\n<p>Avis :<\/p>\n<p>&nbsp;<\/p>\n<p>Le ch\u00eane est un mat\u00e9riau naturel, des variations dans le grain sont donc \u00e0 pr\u00e9voir.<\/p>\n<p>Pour garantir un aspect uniforme, il est conseill\u00e9 d&rsquo;acheter \u00e0 l&rsquo;avance l&rsquo;ensemble du rack avec le nombre de modules requis.<\/p>\n<p>Con\u00e7u et fabriqu\u00e9 en Grande-Bretagne, l&rsquo;Apollo Storm 10 est le choix id\u00e9al pour les passionn\u00e9s d&rsquo;audio et de vid\u00e9o qui appr\u00e9cient la performance et le style.<\/p>\n","protected":false},"excerpt":{"rendered":"<p>\u2713 Combinaisons possibles de modules d&rsquo;\u00e9tag\u00e8res<br \/>\n\u2713 Fabrication et mat\u00e9riaux de qualit\u00e9 sup\u00e9rieure<br \/>\n\u2713 Grande capacit\u00e9 de charge et utilisation universelle<br \/>\n\u2713 Con\u00e7u et fabriqu\u00e9 en Grande-Bretagne<\/p>\n","protected":false},"featured_media":4027,"comment_status":"open","ping_status":"closed","template":"","meta":[],"product_brand":[],"product_cat":[753,754],"product_tag":[],"class_list":{"0":"post-4261","1":"product","2":"type-product","3":"status-publish","4":"has-post-thumbnail","6":"product_cat-meubles-hi-fi","7":"product_cat-atacama-apollo","8":"product_shipping_class-jusqua-20-kg","9":"pa_breite-aussen-990-mm","10":"pa_breite-innen-910-mm","11":"pa_farbe-der-saeulenmodule-soie-noire","12":"pa_hoehe-innen-innenlagerhoehe-60-mm","13":"pa_holzfarbe-noir","14":"pa_regalbrettstaerke-chene-massif-de-27-mm","15":"pa_tiefe-aussen-450-mm","16":"pa_tiefe-innen-370-mm","17":"tm-has-options","19":"first","20":"instock","21":"taxable","22":"shipping-taxable","23":"purchasable","24":"product-type-simple"},"_links":{"self":[{"href":"https:\/\/pulsschlag24.com\/fr\/wp-json\/wp\/v2\/product\/4261","targetHints":{"allow":["GET"]}}],"collection":[{"href":"https:\/\/pulsschlag24.com\/fr\/wp-json\/wp\/v2\/product"}],"about":[{"href":"https:\/\/pulsschlag24.com\/fr\/wp-json\/wp\/v2\/types\/product"}],"replies":[{"embeddable":true,"href":"https:\/\/pulsschlag24.com\/fr\/wp-json\/wp\/v2\/comments?post=4261"}],"wp:featuredmedia":[{"embeddable":true,"href":"https:\/\/pulsschlag24.com\/fr\/wp-json\/wp\/v2\/media\/4027"}],"wp:attachment":[{"href":"https:\/\/pulsschlag24.com\/fr\/wp-json\/wp\/v2\/media?parent=4261"}],"wp:term":[{"taxonomy":"product_brand","embeddable":true,"href":"https:\/\/pulsschlag24.com\/fr\/wp-json\/wp\/v2\/product_brand?post=4261"},{"taxonomy":"product_cat","embeddable":true,"href":"https:\/\/pulsschlag24.com\/fr\/wp-json\/wp\/v2\/product_cat?post=4261"},{"taxonomy":"product_tag","embeddable":true,"href":"https:\/\/pulsschlag24.com\/fr\/wp-json\/wp\/v2\/product_tag?post=4261"}],"curies":[{"name":"wp","href":"https:\/\/api.w.org\/{rel}","templated":true}]}}