{"id":4253,"date":"2025-05-05T14:35:51","date_gmt":"2025-05-05T12:35:51","guid":{"rendered":"https:\/\/pulsschlag24.com\/produkt\/atacama-apollo-storm-10-meuble-hi-fi-etagere-135-mm-avec-rangement-pour-vinyles-chene-clair\/"},"modified":"2025-05-05T14:35:51","modified_gmt":"2025-05-05T12:35:51","slug":"atacama-apollo-storm-10-meuble-hi-fi-etagere-135-mm-avec-rangement-pour-vinyles-chene-clair","status":"publish","type":"product","link":"https:\/\/pulsschlag24.com\/fr\/produkt\/atacama-apollo-storm-10-meuble-hi-fi-etagere-135-mm-avec-rangement-pour-vinyles-chene-clair\/","title":{"rendered":"Atacama APOLLO \u2013 STORM 10 \u2013 Meuble Hi-Fi \u2013 \u00c9tag\u00e8re 135 mm avec rangement pour vinyles \u2013 Ch\u00eane clair"},"content":{"rendered":"<p>Am\u00e9liorez votre exp\u00e9rience vinyle avec le module de rangement de disques Apollo Storm 10 \u2013 un ajout impressionnant et fonctionnel \u00e0 votre rack modulaire Apollo Storm 10.<\/p>\n<p>Ce nouvel ajout innovant \u00e0 votre rack modulaire Apollo Storm 10 vous permet de ranger et d&rsquo;exposer des disques vinyles 12 pouces \u00e0 c\u00f4t\u00e9 de votre platine.<\/p>\n<p>Pr\u00e9sentez jusqu&rsquo;\u00e0 70 de vos albums pr\u00e9f\u00e9r\u00e9s et parcourez facilement votre collection pour trouver l&rsquo;exp\u00e9rience d&rsquo;\u00e9coute parfaite !<\/p>\n<p>Un tapis antid\u00e9rapant sur l&rsquo;\u00e9tag\u00e8re inf\u00e9rieure assure un maintien optimal et emp\u00eache vos disques de glisser. Le module de rangement offre une flexibilit\u00e9 maximale, puisqu&rsquo;il peut \u00eatre positionn\u00e9 \u00e0 gauche ou \u00e0 droite, vous permettant ainsi de placer votre platine vinyle de chaque c\u00f4t\u00e9. <\/p>\n<p>Ce module est compatible avec deux hauteurs de pieds : 135 mm ou 185 mm. Les deux hauteurs de pieds offrent suffisamment d\u2019espace pour les syst\u00e8mes hi-fi ou les CD sous l\u2019\u00e9tag\u00e8re du c\u00f4t\u00e9 oppos\u00e9 \u00e0 l\u2019\u00e9tag\u00e8re \u00e0 disques.<\/p>\n<p>Les pieds sont laqu\u00e9s noir soyeux et sont disponibles en ch\u00eane massif.<\/p>\n<p>REMARQUE : Le module de rangement pour vinyles Storm 10 doit toujours \u00eatre plac\u00e9 au-dessus d&rsquo;autres modules Storm 10 standard.<\/p>\n<p>Pourquoi l&rsquo;Apollo Storm 10 ?<\/p>\n<p>Conception modulaire : Ce meuble est con\u00e7u pour une flexibilit\u00e9 optimale, vous permettant de s\u00e9lectionner le nombre exact de modules n\u00e9cessaires \u00e0 votre \u00e9quipement et \u00e0 l\u2019espace disponible. Ajoutez ou retirez simplement les modules souhait\u00e9s de votre panier. Le prix sera automatiquement ajust\u00e9 lors du paiement.<br \/>Con\u00e7u pour la performance : L\u2019Apollo Storm 10 n\u2019est pas qu\u2019un simple meuble esth\u00e9tique. Il est con\u00e7u avec pr\u00e9cision pour optimiser les performances de votre \u00e9quipement audiovisuel. Sa construction en ch\u00eane massif, rigide en torsion, et son syst\u00e8me d\u2019isolation multi-\u00e9tages minimisent les r\u00e9sonances et les vibrations externes, garantissant une qualit\u00e9 sonore sup\u00e9rieure.<br \/>Design \u00e9l\u00e9gant : La finition en ch\u00eane naturel et les d\u00e9tails artisanaux apportent une touche d\u2019\u00e9l\u00e9gance \u00e0 tout home cin\u00e9ma ou salon. Avec deux couleurs de pieds et quatre hauteurs d\u2019\u00e9tag\u00e8res, vous pouvez personnaliser le meuble pour qu\u2019il s\u2019int\u00e8gre parfaitement \u00e0 votre d\u00e9coration int\u00e9rieure.<br \/>Caract\u00e9ristiques suppl\u00e9mentaires :     <\/p>\n<p>Modules d&rsquo;\u00e9tag\u00e8res con\u00e7us avec pr\u00e9cision pour un ajustement parfait<br \/>\nPieds disponibles en noir<br \/>\nQuatre hauteurs d&rsquo;\u00e9tag\u00e8res au choix<br \/>\nPieds r\u00e9glables pour compenser les irr\u00e9gularit\u00e9s du sol (recommand\u00e9s pour les sols fragiles)<br \/>\nStructure en ch\u00eane massif pour une stabilit\u00e9 et une durabilit\u00e9 optimales<br \/>\nNouvelle option de rangement en vinyle sur l&rsquo;\u00e9tag\u00e8re sup\u00e9rieure<\/p>\n<p>Remarque :<br \/>Le ch\u00eane est un mat\u00e9riau naturel. Des variations de couleur, des n\u0153uds et des veinures sont donc \u00e0 pr\u00e9voir. Chaque module est unique et s\u2019assombrira avec le temps sous l\u2019effet du soleil.<br \/>Pour une esth\u00e9tique harmonieuse, nous vous recommandons d\u2019acheter le rack complet avec le nombre de modules souhait\u00e9.<br \/>Con\u00e7u et fabriqu\u00e9 au Royaume-Uni, l\u2019Apollo Storm 10 est le choix id\u00e9al pour les passionn\u00e9s d\u2019audio et de vid\u00e9o qui recherchent \u00e0 la fois performance et \u00e9l\u00e9gance.  <\/p>\n<p>Con\u00e7u et fabriqu\u00e9 en Grande-Bretagne.<\/p>\n","protected":false},"excerpt":{"rendered":"<p>\u2713 Combinaisons possibles de modules d&rsquo;\u00e9tag\u00e8res<br \/>\n\u2713 Fabrication et mat\u00e9riaux de qualit\u00e9 sup\u00e9rieure<br \/>\n\u2713 Grande capacit\u00e9 de charge et utilisation universelle<br \/>\n\u2713 Con\u00e7u et fabriqu\u00e9 en Grande-Bretagne<\/p>\n","protected":false},"featured_media":4254,"comment_status":"open","ping_status":"closed","template":"","meta":[],"product_brand":[],"product_cat":[753,754],"product_tag":[],"class_list":{"0":"post-4253","1":"product","2":"type-product","3":"status-publish","4":"has-post-thumbnail","6":"product_cat-meubles-hi-fi","7":"product_cat-atacama-apollo","8":"product_shipping_class-jusqua-20-kg","9":"pa_breite-aussen-990-mm","10":"pa_breite-innen-910-mm","11":"pa_farbe-der-saeulenmodule-soie-noire","12":"pa_hoehe-innen-innenlagerhoehe-235-mm","13":"pa_holzfarbe-chene-clair","14":"pa_regalbrettstaerke-chene-massif-de-27-mm","15":"pa_tiefe-aussen-450-mm","16":"pa_tiefe-innen-370-mm","17":"tm-has-options","19":"first","20":"instock","21":"taxable","22":"shipping-taxable","23":"purchasable","24":"product-type-simple"},"_links":{"self":[{"href":"https:\/\/pulsschlag24.com\/fr\/wp-json\/wp\/v2\/product\/4253","targetHints":{"allow":["GET"]}}],"collection":[{"href":"https:\/\/pulsschlag24.com\/fr\/wp-json\/wp\/v2\/product"}],"about":[{"href":"https:\/\/pulsschlag24.com\/fr\/wp-json\/wp\/v2\/types\/product"}],"replies":[{"embeddable":true,"href":"https:\/\/pulsschlag24.com\/fr\/wp-json\/wp\/v2\/comments?post=4253"}],"wp:featuredmedia":[{"embeddable":true,"href":"https:\/\/pulsschlag24.com\/fr\/wp-json\/wp\/v2\/media\/4254"}],"wp:attachment":[{"href":"https:\/\/pulsschlag24.com\/fr\/wp-json\/wp\/v2\/media?parent=4253"}],"wp:term":[{"taxonomy":"product_brand","embeddable":true,"href":"https:\/\/pulsschlag24.com\/fr\/wp-json\/wp\/v2\/product_brand?post=4253"},{"taxonomy":"product_cat","embeddable":true,"href":"https:\/\/pulsschlag24.com\/fr\/wp-json\/wp\/v2\/product_cat?post=4253"},{"taxonomy":"product_tag","embeddable":true,"href":"https:\/\/pulsschlag24.com\/fr\/wp-json\/wp\/v2\/product_tag?post=4253"}],"curies":[{"name":"wp","href":"https:\/\/api.w.org\/{rel}","templated":true}]}}