{"id":4247,"date":"2025-08-25T10:46:16","date_gmt":"2025-08-25T08:46:16","guid":{"rendered":"https:\/\/pulsschlag24.com\/produkt\/atacama-apollo-storm-6-premium-black-edition-meuble-hi-fi-etagere-235-mm-noir\/"},"modified":"2025-08-25T10:46:16","modified_gmt":"2025-08-25T08:46:16","slug":"atacama-apollo-storm-6-premium-black-edition-meuble-hi-fi-etagere-235-mm-noir","status":"publish","type":"product","link":"https:\/\/pulsschlag24.com\/fr\/produkt\/atacama-apollo-storm-6-premium-black-edition-meuble-hi-fi-etagere-235-mm-noir\/","title":{"rendered":"Atacama APOLLO \u2013 STORM 6 Premium Black Edition \u2013 Meuble Hi-Fi \u2013 \u00c9tag\u00e8re 235 mm \u2013 Noir"},"content":{"rendered":"<p>APOLLO &#8211; STORM 6 fait partie de la s\u00e9rie Atacama Storm.<\/p>\n<p>D\u00e9couvrez le rack HiFi Apollo Storm 6 Premium Black Edition, un mod\u00e8le prim\u00e9.<\/p>\n<p>Am\u00e9liorez votre exp\u00e9rience sonore avec l&rsquo;Apollo Storm 6, un rack HiFi modulaire en ch\u00eane massif, r\u00e9compens\u00e9 pour ses performances exceptionnelles par le magazine What HiFi? Sound &amp; Vision (janvier 2018). <\/p>\n<p>&nbsp;<\/p>\n<p>Con\u00e7u pour un son excellent :<\/p>\n<ul>\n<li>Ing\u00e9nierie de pr\u00e9cision : chaque module d\u2019\u00e9tag\u00e8re est usin\u00e9 avec soin par commande num\u00e9rique (CNC) pour garantir un ajustement parfait et des performances optimales.<\/li>\n<li>Qualit\u00e9 artisanale : des artisans passionn\u00e9s garantissent une esth\u00e9tique visuellement \u00e9poustouflante qui s&rsquo;harmonise parfaitement avec votre d\u00e9coration int\u00e9rieure.<\/li>\n<li>Technologie d&rsquo;isolation : L&rsquo;isolation multi-\u00e9tapes avec disques en polym\u00e8re, inserts en laiton et pointes en acier r\u00e9glables minimise les r\u00e9sonances et les vibrations externes, assurant ainsi une qualit\u00e9 sonore optimale.<\/li>\n<li>Construction rigide en torsion : La construction en composite de bois dur massif (27 mm) offre une stabilit\u00e9 et une absorption de r\u00e9sonance exceptionnelles.<\/li>\n<li>Nouvelle finition pour l&rsquo;\u00e9dition Premium Black : les bords avant et lat\u00e9raux sont peints en noir satin\u00e9, la face inf\u00e9rieure est teint\u00e9e fonc\u00e9e pour mettre en valeur le v\u00e9ritable grain du bois.<\/li>\n<\/ul>\n<p>Adapt\u00e9 \u00e0 vos besoins :<\/p>\n<ul>\n<li>Conception modulaire : ce rack est flexible. Vous pouvez choisir chaque module en fonction de votre \u00e9quipement et de l\u2019espace disponible. Ajoutez ou retirez simplement le nombre de modules et la hauteur des pieds souhait\u00e9s \u00e0 votre panier, et le prix sera automatiquement ajust\u00e9 lors du paiement.  <\/li>\n<li>Rangement individuel : Choisissez parmi quatre hauteurs de rangement pour cr\u00e9er la configuration id\u00e9ale pour vos composants hi-fi. Les modules sont disponibles en option avec des hauteurs de base de 60 mm, 135 mm, 185 mm et 235 mm. <\/li>\n<\/ul>\n<p>Beaut\u00e9 naturelle :<\/p>\n<p>Sa construction en ch\u00eane massif fonc\u00e9 conf\u00e8re \u00e0 l&rsquo;\u00e9tag\u00e8re une \u00e9l\u00e9gance certaine, et les variations naturelles de couleur et de veinage rendent chaque pi\u00e8ce unique. Veuillez noter que le ch\u00eane fonce naturellement avec le temps, surtout sous l&rsquo;effet du soleil. Pour une apparence harmonieuse, nous vous recommandons d&rsquo;acheter tous les modules n\u00e9cessaires \u00e0 l&rsquo;avance.  <\/p>\n<p>Con\u00e7ue et fabriqu\u00e9e en Grande-Bretagne, l&rsquo;Apollo Storm 6 est le choix id\u00e9al pour les audiophiles qui appr\u00e9cient \u00e0 la fois des performances sup\u00e9rieures et un style intemporel.<\/p>\n","protected":false},"excerpt":{"rendered":"<p>\u2713 Fabrication de qualit\u00e9 sup\u00e9rieure<br \/>\n\u2713 Grande durabilit\u00e9 et compatibilit\u00e9 universelle<br \/>\n\u2713 Con\u00e7u et fabriqu\u00e9 en Grande-Bretagne<\/p>\n","protected":false},"featured_media":3987,"comment_status":"open","ping_status":"closed","template":"","meta":[],"product_brand":[],"product_cat":[753,754],"product_tag":[],"class_list":{"0":"post-4247","1":"product","2":"type-product","3":"status-publish","4":"has-post-thumbnail","6":"product_cat-meubles-hi-fi","7":"product_cat-atacama-apollo","8":"product_shipping_class-jusqua-10-kg","9":"pa_breite-aussen-590-mm","10":"pa_breite-innen-510-mm","11":"pa_farbe-der-saeulenmodule-soie-noire","12":"pa_hoehe-innen-innenlagerhoehe-235-mm","13":"pa_holzfarbe-noir","14":"pa_regalbrettstaerke-chene-massif-de-27-mm","15":"pa_tiefe-aussen-450-mm","16":"pa_tiefe-innen-370-mm","17":"tm-has-options","19":"first","20":"instock","21":"taxable","22":"shipping-taxable","23":"purchasable","24":"product-type-simple"},"_links":{"self":[{"href":"https:\/\/pulsschlag24.com\/fr\/wp-json\/wp\/v2\/product\/4247","targetHints":{"allow":["GET"]}}],"collection":[{"href":"https:\/\/pulsschlag24.com\/fr\/wp-json\/wp\/v2\/product"}],"about":[{"href":"https:\/\/pulsschlag24.com\/fr\/wp-json\/wp\/v2\/types\/product"}],"replies":[{"embeddable":true,"href":"https:\/\/pulsschlag24.com\/fr\/wp-json\/wp\/v2\/comments?post=4247"}],"wp:featuredmedia":[{"embeddable":true,"href":"https:\/\/pulsschlag24.com\/fr\/wp-json\/wp\/v2\/media\/3987"}],"wp:attachment":[{"href":"https:\/\/pulsschlag24.com\/fr\/wp-json\/wp\/v2\/media?parent=4247"}],"wp:term":[{"taxonomy":"product_brand","embeddable":true,"href":"https:\/\/pulsschlag24.com\/fr\/wp-json\/wp\/v2\/product_brand?post=4247"},{"taxonomy":"product_cat","embeddable":true,"href":"https:\/\/pulsschlag24.com\/fr\/wp-json\/wp\/v2\/product_cat?post=4247"},{"taxonomy":"product_tag","embeddable":true,"href":"https:\/\/pulsschlag24.com\/fr\/wp-json\/wp\/v2\/product_tag?post=4247"}],"curies":[{"name":"wp","href":"https:\/\/api.w.org\/{rel}","templated":true}]}}