{"id":4244,"date":"2025-05-05T14:35:51","date_gmt":"2025-05-05T12:35:51","guid":{"rendered":"https:\/\/pulsschlag24.com\/produkt\/atacama-apollo-storm-6-meuble-hi-fi-etagere-185-mm-chene-fonce\/"},"modified":"2025-05-05T14:35:51","modified_gmt":"2025-05-05T12:35:51","slug":"atacama-apollo-storm-6-meuble-hi-fi-etagere-185-mm-chene-fonce","status":"publish","type":"product","link":"https:\/\/pulsschlag24.com\/fr\/produkt\/atacama-apollo-storm-6-meuble-hi-fi-etagere-185-mm-chene-fonce\/","title":{"rendered":"Atacama APOLLO \u2013 STORM 6 \u2013 Meuble Hi-Fi \u2013 \u00c9tag\u00e8re 185 mm \u2013 Ch\u00eane fonc\u00e9"},"content":{"rendered":"<p>APOLLO &#8211; STORM 6 fait partie de la s\u00e9rie Atacama Storm.<br \/>\nVous recherchez un support professionnel pour votre syst\u00e8me hi-fi et pr\u00e9f\u00e9rez le ch\u00eane ? Fabriqu\u00e9 en ch\u00eane massif britannique, le meuble hi-fi modulaire APOLLO &#8211; STORM 6 est la solution id\u00e9ale. Il deviendra une pi\u00e8ce ma\u00eetresse \u00e9l\u00e9gante pour mettre en valeur, soutenir et isoler vos \u00e9quipements hi-fi.<br \/><!-- -->Chaque module est d\u00e9coup\u00e9 avec pr\u00e9cision sur une machine CNC pour garantir un ajustement et des performances optimaux, puis fini \u00e0 la main par des artisans qualifi\u00e9s afin de sublimer la beaut\u00e9 naturelle du bois.<br \/><!-- -->Le meuble hi-fi APOLLO &#8211; STORM 6 n&rsquo;est pas qu&rsquo;un simple meuble esth\u00e9tique. Il a \u00e9t\u00e9 con\u00e7u avant tout pour optimiser les performances des appareils hi-fi qu&rsquo;il accueille.<br \/><!-- -->Avec quatre hauteurs de pieds au choix et une construction en bois composite dur de 27 mm d&rsquo;\u00e9paisseur, offrant une grande rigidit\u00e9 en torsion et une excellente absorption des r\u00e9sonances, chaque module propose trois niveaux d&rsquo;isolation suppl\u00e9mentaires.<br \/><!-- -->Tout d&rsquo;abord, un disque isolant en polym\u00e8re s\u00e9pare la collerette ext\u00e9rieure de la colonne du bois, cr\u00e9ant ainsi une barri\u00e8re entre le bois et les composants ext\u00e9rieurs des pieds. Le second point de s\u00e9paration est l&rsquo;extr\u00e9mit\u00e9 du pied. \u00c9galement en polym\u00e8re, elle assure une isolation compl\u00e8te de la collerette ext\u00e9rieure du pied contre les r\u00e9sonances sonores lors de l&rsquo;\u00e9coute de musique. Un filetage en laiton \u00e0 pression est ins\u00e9r\u00e9 dans chaque embout de pied (le laiton a \u00e9t\u00e9 choisi pour sa faible vitesse de propagation de l&rsquo;\u00e9nergie). Le troisi\u00e8me et dernier niveau d&rsquo;isolation est obtenu gr\u00e2ce \u00e0 des pointes en acier zingu\u00e9 brillant de 8 mm, enti\u00e8rement r\u00e9glables, et leurs contre-\u00e9crous assortis.<br \/>\nRemarque : Le ch\u00eane \u00e9tant un mat\u00e9riau naturel, les variations de couleur, les nuances dues aux n\u0153uds et autres particularit\u00e9s structurelles font partie int\u00e9grante du charme de ce produit hi-fi. Chaque module d&rsquo;\u00e9tag\u00e8re est unique et s&rsquo;assombrira avec le temps, un ph\u00e9nom\u00e8ne naturel li\u00e9 au vieillissement du bois, notamment sous l&rsquo;effet de la lumi\u00e8re du soleil. Ces variations seront accentu\u00e9es si vous ajoutez des \u00e9tag\u00e8res ult\u00e9rieurement. Par cons\u00e9quent, si possible, nous vous recommandons d&rsquo;acqu\u00e9rir votre APOLLO &#8211; STORM 6 en ensemble complet et harmonieux, en tenant compte de vos futurs besoins de rangement.<br \/>\nToutes les options de pieds disponibles (base, hauteurs de 135 mm, 185 mm et 235 mm) sont propos\u00e9es en finition noir satin\u00e9. Ainsi, la s\u00e9rie s&rsquo;harmonisera parfaitement avec la vaste gamme de pieds d&rsquo;enceintes Atacama.<br \/>\nToute combinaison de modules d&rsquo;\u00e9tag\u00e8res peut \u00eatre utilis\u00e9e et plac\u00e9e sur une base jusqu&rsquo;\u00e0 une hauteur maximale de 1 000 mm.<br \/>\nLa capacit\u00e9 de charge est de 30 kg par \u00e9tag\u00e8re, selon vos besoins de rangement.<br \/>\nAPOLLO &#8211; STORM 6 est fabriqu\u00e9 au Royaume-Uni par Atacama et, gr\u00e2ce \u00e0 la transformation exclusive du ch\u00eane massif, sa production n\u00e9cessite quelques jours de plus que celle des meubles audio standard.<br \/>Attention : en raison de l&rsquo;exclusivit\u00e9 de ce produit, des retards de livraison sont possibles.           Nous vous prions donc de nous contacter \u00e0 l&rsquo;avance, par t\u00e9l\u00e9phone ou par courriel.<\/p>\n","protected":false},"excerpt":{"rendered":"<p>\u2713 Fabrication de qualit\u00e9 sup\u00e9rieure<br \/>\n\u2713 Grande durabilit\u00e9 et compatibilit\u00e9 universelle<br \/>\n\u2713 Con\u00e7u et fabriqu\u00e9 en Grande-Bretagne<\/p>\n","protected":false},"featured_media":3974,"comment_status":"open","ping_status":"closed","template":"","meta":[],"product_brand":[],"product_cat":[753,754],"product_tag":[],"class_list":{"0":"post-4244","1":"product","2":"type-product","3":"status-publish","4":"has-post-thumbnail","6":"product_cat-meubles-hi-fi","7":"product_cat-atacama-apollo","8":"product_shipping_class-jusqua-10-kg","9":"pa_breite-aussen-590-mm","10":"pa_breite-innen-510-mm","11":"pa_farbe-der-saeulenmodule-soie-noire","12":"pa_hoehe-innen-innenlagerhoehe-185-mm","13":"pa_holzfarbe-chene-fonce","14":"pa_regalbrettstaerke-chene-massif-de-27-mm","15":"pa_tiefe-aussen-450-mm","16":"pa_tiefe-innen-370-mm","17":"tm-has-options","19":"first","20":"instock","21":"taxable","22":"shipping-taxable","23":"purchasable","24":"product-type-simple"},"_links":{"self":[{"href":"https:\/\/pulsschlag24.com\/fr\/wp-json\/wp\/v2\/product\/4244","targetHints":{"allow":["GET"]}}],"collection":[{"href":"https:\/\/pulsschlag24.com\/fr\/wp-json\/wp\/v2\/product"}],"about":[{"href":"https:\/\/pulsschlag24.com\/fr\/wp-json\/wp\/v2\/types\/product"}],"replies":[{"embeddable":true,"href":"https:\/\/pulsschlag24.com\/fr\/wp-json\/wp\/v2\/comments?post=4244"}],"wp:featuredmedia":[{"embeddable":true,"href":"https:\/\/pulsschlag24.com\/fr\/wp-json\/wp\/v2\/media\/3974"}],"wp:attachment":[{"href":"https:\/\/pulsschlag24.com\/fr\/wp-json\/wp\/v2\/media?parent=4244"}],"wp:term":[{"taxonomy":"product_brand","embeddable":true,"href":"https:\/\/pulsschlag24.com\/fr\/wp-json\/wp\/v2\/product_brand?post=4244"},{"taxonomy":"product_cat","embeddable":true,"href":"https:\/\/pulsschlag24.com\/fr\/wp-json\/wp\/v2\/product_cat?post=4244"},{"taxonomy":"product_tag","embeddable":true,"href":"https:\/\/pulsschlag24.com\/fr\/wp-json\/wp\/v2\/product_tag?post=4244"}],"curies":[{"name":"wp","href":"https:\/\/api.w.org\/{rel}","templated":true}]}}