{"id":4217,"date":"2025-05-05T14:36:18","date_gmt":"2025-05-05T12:36:18","guid":{"rendered":"https:\/\/pulsschlag24.com\/produkt\/serie-atacama-elite-eco-24-reference-meuble-hi-fi-en-bambou-leger\/"},"modified":"2025-12-15T13:11:29","modified_gmt":"2025-12-15T12:11:29","slug":"serie-atacama-elite-eco-24-reference-meuble-hi-fi-en-bambou-leger","status":"publish","type":"product","link":"https:\/\/pulsschlag24.com\/fr\/produkt\/serie-atacama-elite-eco-24-reference-meuble-hi-fi-en-bambou-leger\/","title":{"rendered":"Atacama ELITE ECO 24 Reference \u2013 Meuble Hi-Fi en bambou l\u00e9ger"},"content":{"rendered":"<p>Meuble HiFi de r\u00e9f\u00e9rence Atacama Elite Eco 24 &#8211; Sublimez votre exp\u00e9rience HiFi gr\u00e2ce \u00e0 une conception innovante<\/p>\n<p>Plongez au c\u0153ur de l&rsquo;excellence audio avec le meuble hi-fi modulaire Atacama Elite Eco 24 Reference. R\u00e9compens\u00e9 par le prestigieux prix 5 \u00e9toiles, ce meuble hi-fi arbore un design semi-ferm\u00e9 raffin\u00e9, r\u00e9alis\u00e9 en bambou pur, alliant esth\u00e9tique et performances acoustiques exceptionnelles.<br \/>Pour l&rsquo;audiophile exigeant qui recherche la plus haute qualit\u00e9, l&rsquo;Elite Eco 24 Reference int\u00e8gre la technologie r\u00e9volutionnaire 3D-A.V.R.D.C. (Three-Dimensional Advanced Vectored Resonance Deflection Channels). Cette technologie novatrice red\u00e9finit les standards du mobilier Atacama, offrant un contr\u00f4le et une efficacit\u00e9 in\u00e9gal\u00e9s.<br \/>L&rsquo;Elite Eco 24 Reference supporte sans effort des composants hi-fi pesant jusqu&rsquo;\u00e0 80 kg par module, pour une capacit\u00e9 de charge maximale de 250 kg une fois le meuble enti\u00e8rement assembl\u00e9.  <\/p>\n<p>Mais ce qui distingue v\u00e9ritablement l&rsquo;Elite Eco 24, c&rsquo;est sa technologie innovante 3D A.V.R.D.C. Cette caract\u00e9ristique permet de d\u00e9tourner intelligemment les r\u00e9sonances ind\u00e9sirables de votre pr\u00e9cieux \u00e9quipement audio. Les panneaux en bambou sont strat\u00e9giquement d\u00e9coup\u00e9s avec des canaux verticaux qui, combin\u00e9s aux rainures des \u00e9tag\u00e8res et des pieds, dirigent la r\u00e9sonance m\u00e9canique vers les supports verticaux. Ces derniers transf\u00e8rent ensuite l&rsquo;\u00e9nergie aux pointes d&rsquo;isolation r\u00e9glables. Ces pointes d&rsquo;isolation am\u00e9liorent non seulement la stabilit\u00e9, mais cr\u00e9ent \u00e9galement une petite ventilation de chaque c\u00f4t\u00e9 du meuble pour une circulation d&rsquo;air optimale autour de vos composants hi-fi, optimisant ainsi leur ventilation.<br \/>Pour garantir une exp\u00e9rience d&rsquo;\u00e9coute pure, des c\u00f4nes tronconiques invers\u00e9s nickel\u00e9s sont int\u00e9gr\u00e9s entre le bambou et les pointes de sol dans les quatre pieds du module de base afin d&rsquo;\u00e9viter tout effet Larsen.    <\/p>\n<p>Faites passer votre syst\u00e8me hi-fi \u00e0 un niveau sup\u00e9rieur avec l&rsquo;\u00e9tag\u00e8re hi-fi Atacama Elite Eco 24, o\u00f9 un design innovant rencontre des performances in\u00e9gal\u00e9es.<\/p>\n","protected":false},"excerpt":{"rendered":"<p>\u2713 Capacit\u00e9 de charge jusqu&rsquo;\u00e0 80 kg par module<br \/>\u2713 Capacit\u00e9 totale : 250 kg<br \/>\u2713 La technologie 3D-A.V.R.D.C. dissipe les r\u00e9sonances<\/p>\n","protected":false},"featured_media":4218,"comment_status":"open","ping_status":"closed","template":"","meta":[],"product_brand":[],"product_cat":[753,755],"product_tag":[],"class_list":{"0":"post-4217","1":"product","2":"type-product","3":"status-publish","4":"has-post-thumbnail","6":"product_cat-meubles-hi-fi","7":"product_cat-atacama-elite-eco","8":"product_shipping_class-jusqua-30-kg","9":"pa_breite-aussen-600-mm","10":"pa_breite-innen-520-mm","11":"pa_holzfarbe-bambou-clair","12":"pa_regalbrettstaerke-bambou-massif-de-27-mm","13":"pa_tiefe-aussen-400-mm","14":"pa_tiefe-innen-300-mm","15":"tm-has-options","17":"first","18":"outofstock","19":"taxable","20":"shipping-taxable","21":"purchasable","22":"product-type-simple"},"_links":{"self":[{"href":"https:\/\/pulsschlag24.com\/fr\/wp-json\/wp\/v2\/product\/4217","targetHints":{"allow":["GET"]}}],"collection":[{"href":"https:\/\/pulsschlag24.com\/fr\/wp-json\/wp\/v2\/product"}],"about":[{"href":"https:\/\/pulsschlag24.com\/fr\/wp-json\/wp\/v2\/types\/product"}],"replies":[{"embeddable":true,"href":"https:\/\/pulsschlag24.com\/fr\/wp-json\/wp\/v2\/comments?post=4217"}],"wp:featuredmedia":[{"embeddable":true,"href":"https:\/\/pulsschlag24.com\/fr\/wp-json\/wp\/v2\/media\/4218"}],"wp:attachment":[{"href":"https:\/\/pulsschlag24.com\/fr\/wp-json\/wp\/v2\/media?parent=4217"}],"wp:term":[{"taxonomy":"product_brand","embeddable":true,"href":"https:\/\/pulsschlag24.com\/fr\/wp-json\/wp\/v2\/product_brand?post=4217"},{"taxonomy":"product_cat","embeddable":true,"href":"https:\/\/pulsschlag24.com\/fr\/wp-json\/wp\/v2\/product_cat?post=4217"},{"taxonomy":"product_tag","embeddable":true,"href":"https:\/\/pulsschlag24.com\/fr\/wp-json\/wp\/v2\/product_tag?post=4217"}],"curies":[{"name":"wp","href":"https:\/\/api.w.org\/{rel}","templated":true}]}}