{"id":4213,"date":"2025-05-27T13:57:43","date_gmt":"2025-05-27T11:57:43","guid":{"rendered":"https:\/\/pulsschlag24.com\/produkt\/atacama-evoque-eco-65-60-se2-reference-meuble-hi-fi-bambou-fonce-emballage-endommage\/"},"modified":"2025-05-27T13:57:43","modified_gmt":"2025-05-27T11:57:43","slug":"atacama-evoque-eco-65-60-se2-reference-meuble-hi-fi-bambou-fonce-emballage-endommage","status":"publish","type":"product","link":"https:\/\/pulsschlag24.com\/fr\/produkt\/atacama-evoque-eco-65-60-se2-reference-meuble-hi-fi-bambou-fonce-emballage-endommage\/","title":{"rendered":"Atacama EVOQUE ECO 65\/60 SE2 Reference \u2013 Meuble Hi-Fi \u2013 Bambou fonc\u00e9 \u2013 Emballage endommag\u00e9"},"content":{"rendered":"<p>Le support Atacama Evoque Eco 65-60 SE2 Reference Series int\u00e8gre les derni\u00e8res avanc\u00e9es technologiques de la gamme Evoque prim\u00e9e et propose des am\u00e9liorations suppl\u00e9mentaires au niveau des canaux de d\u00e9viation et de la conception des pieds par rapport aux mod\u00e8les Evoque et Evoque Eco Special Edition. Ce support Reference Series est \u00e9quip\u00e9 de s\u00e9rie de pointes en acier inoxydable \u00e0 r\u00e9glage m\u00e9canique, offrant une capacit\u00e9 de charge par module sup\u00e9rieure de 50 % \u00e0 celle de l&rsquo;Evoque Eco 60-40 SE2. Il offre \u00e9galement une largeur (65 cm) et une profondeur (60 cm) nettement sup\u00e9rieures pour accueillir des composants hi-fi plus volumineux.<br \/>\nCaract\u00e9ristiques et avantages de l&rsquo;Evoque SE2 Reference Series  <\/p>\n<p>1. Parquet en bambou haute densit\u00e9.<br \/>Le bambou carbonis\u00e9 haute densit\u00e9 d&rsquo;Atacama offre des avantages acoustiques consid\u00e9rables par rapport aux parquets traditionnels en bois dur et en placage. Sa structure microporeuse unique assure un excellent amortissement des vibrations et une ma\u00eetrise optimale de la r\u00e9sonance. Le proc\u00e9d\u00e9 de fabrication, la stratification, la densit\u00e9 et l&rsquo;\u00e9paisseur totale ont \u00e9t\u00e9 sp\u00e9cifiquement s\u00e9lectionn\u00e9s pour des performances acoustiques optimales.  <\/p>\n<p>2. Joints d&rsquo;\u00e9tanch\u00e9it\u00e9 A.S.I.S.T.<br \/>La technologie d&rsquo;isolation sonique Atacama (A.S.I.S.T.) est int\u00e9gr\u00e9e \u00e0 chaque module. Elle comprend deux joints d&rsquo;\u00e9tanch\u00e9it\u00e9* dans chaque jambe qui r\u00e9duisent les vibrations et isolent les composants en aluminium du collier ext\u00e9rieur de la jambe. <\/p>\n<p>3. Capuchons sup\u00e9rieur et inf\u00e9rieur en aluminium, reli\u00e9s par des boulons internes.<br \/>Ces composants font office de r\u00e9sonateurs, \u00e9vacuant l&rsquo;\u00e9nergie des \u00e9tag\u00e8res en bambou vers le sol.<\/p>\n<p>4. Longueur des pieds optimis\u00e9e m\u00e9caniquement*<br \/>La longueur des pieds est sup\u00e9rieure de 20 mm \u00e0 la hauteur des pieds correspondants de l&rsquo;Evoque standard. Ceci abaisse la fr\u00e9quence de r\u00e9sonance de chaque module* par rapport \u00e0 un Evoque standard similaire. <\/p>\n<p>5. Contrepoids d&rsquo;accord des pieds*<br \/>En fixant des contrepoids Frostrum en bronze nickel\u00e9 enti\u00e8rement r\u00e9glables aux boulons internes des pieds*, la fr\u00e9quence du module peut \u00eatre ajust\u00e9e afin de r\u00e9duire la r\u00e9sonance des appareils concern\u00e9s.<\/p>\n<p>6. Am\u00e9lioration SE2 par rapport \u00e0 la SE : longueur des pattes optimis\u00e9e m\u00e9caniquement*<br \/>Les pattes sont plus longues de 5 mm que sur l\u2019Evoque SE standard. Cela r\u00e9duit davantage la fr\u00e9quence de r\u00e9sonance de chaque module* par rapport \u00e0 une Evoque SE standard similaire. <\/p>\n<p>7. Am\u00e9lioration SE2 par rapport \u00e0 la version SE : canaux de d\u00e9flexion \u00e0 r\u00e9sonance vectorielle avanc\u00e9e AVRDC.<br \/>Chaque panneau Bamboo est dot\u00e9 de nouveaux canaux de d\u00e9flexion \u00e0 r\u00e9sonance vectorielle avanc\u00e9e AVRDC.<\/p>\n<p>Le syst\u00e8me A.V.R.D.C. est une conception g\u00e9om\u00e9trique tridimensionnelle incurv\u00e9e int\u00e9gr\u00e9e \u00e0 la face inf\u00e9rieure de chaque module. Ce nouveau motif multi-courbes neutralise l&rsquo;\u00e9nergie harmonique haute fr\u00e9quence en la dirigeant loin des \u00e9quipements support\u00e9s et vers les composants de mise \u00e0 la terre des pieds. Chaque canal, en forme de V puis incurv\u00e9, dirige verticalement et horizontalement le maximum d&rsquo;\u00e9nergie entrant dans l&rsquo;\u00e9tag\u00e8re vers les composants des pieds. Ceci \u00e9limine la r\u00e9sonance et optimise les performances de chaque module.   <\/p>\n<p>8. S\u00e9rie R\u00e9f\u00e9rence SE2 : Am\u00e9lioration par rapport \u00e0 la s\u00e9rie SE2 \u2013 C\u00f4nes d\u2019isolation avanc\u00e9s en acier inoxydable.<br \/>Comme une grande partie de la r\u00e9sonance est \u00e9loign\u00e9e du bambou, l\u2019interface des pointes a \u00e9t\u00e9 davantage ouverte. Ceci \u00e9vite la constriction de cette \u00e9nergie et lui permet de se dissiper librement vers le sol. Ces nouvelles pointes sont plus longues et profil\u00e9es pour maximiser le transfert d\u2019\u00e9nergie entre les modules tout en assurant une isolation. Nous appelons cela une \u00ab mise \u00e0 la terre m\u00e9canique \u00bb. Les pointes de la s\u00e9rie R\u00e9f\u00e9rence sont en acier inoxydable et offrent une capacit\u00e9 de charge sup\u00e9rieure de 50 % par module.    <\/p>\n<p>9. Am\u00e9lioration SE2 par rapport \u00e0 SE \u2013 Panneaux en bambou avec bords lat\u00e9raux profil\u00e9s.<br \/>Les bords profil\u00e9s des deux faces lat\u00e9rales de chaque module en bambou emp\u00eachent la r\u00e9sonance sous forme d&rsquo;ondes stationnaires et la dirigent vers les nouveaux canaux AVRDC, optimisant ainsi l&rsquo;efficacit\u00e9 de chaque \u00e9tag\u00e8re. Lorsqu&rsquo;une onde se r\u00e9fl\u00e9chit sur un bord, sa phase change. Pour les ondes stationnaires, l&rsquo;onde r\u00e9fl\u00e9chie est l&rsquo;image miroir de l&rsquo;onde initiale. Les ondes se combinent alors. Si leurs amplitudes sont de m\u00eame signe (positives ou n\u00e9gatives), elles s&rsquo;additionnent pour former une onde d&rsquo;amplitude sup\u00e9rieure. Ce ph\u00e9nom\u00e8ne est appel\u00e9 interf\u00e9rence constructive. Le profilage des bords lat\u00e9raux permet de l&rsquo;\u00e9viter.      <\/p>\n","protected":false},"excerpt":{"rendered":"<p>\u2713 Capacit\u00e9 de charge \u00e9lev\u00e9e et utilisation universelle<br \/>\u2713 Surface de rangement plus large (650 mm x 600 mm) pour les composants hi-fi plus volumineux<br \/>\u2713 Canaux de d\u00e9viation de r\u00e9sonance vectorielle \u00e9tendus<\/p>\n","protected":false},"featured_media":4205,"comment_status":"open","ping_status":"closed","template":"","meta":[],"product_brand":[],"product_cat":[753,756,766,770],"product_tag":[],"class_list":{"0":"post-4213","1":"product","2":"type-product","3":"status-publish","4":"has-post-thumbnail","6":"product_cat-meubles-hi-fi","7":"product_cat-atacama-evoque-eco","8":"product_cat-vente","9":"product_cat-produits-doccasion","10":"product_shipping_class-jusqua-30-kg","11":"pa_breite-innen-550-mm","12":"pa_farbe-der-saeulenmodule-soie-noire","13":"pa_holzfarbe-bambou-fonce","14":"pa_regalbrettstaerke-bambou-massif-de-27-mm","15":"pa_tiefe-aussen-60-mm","16":"pa_tiefe-innen-500-mm","17":"tm-has-options","19":"first","20":"instock","21":"sale","22":"taxable","23":"shipping-taxable","24":"purchasable","25":"product-type-simple"},"_links":{"self":[{"href":"https:\/\/pulsschlag24.com\/fr\/wp-json\/wp\/v2\/product\/4213","targetHints":{"allow":["GET"]}}],"collection":[{"href":"https:\/\/pulsschlag24.com\/fr\/wp-json\/wp\/v2\/product"}],"about":[{"href":"https:\/\/pulsschlag24.com\/fr\/wp-json\/wp\/v2\/types\/product"}],"replies":[{"embeddable":true,"href":"https:\/\/pulsschlag24.com\/fr\/wp-json\/wp\/v2\/comments?post=4213"}],"wp:featuredmedia":[{"embeddable":true,"href":"https:\/\/pulsschlag24.com\/fr\/wp-json\/wp\/v2\/media\/4205"}],"wp:attachment":[{"href":"https:\/\/pulsschlag24.com\/fr\/wp-json\/wp\/v2\/media?parent=4213"}],"wp:term":[{"taxonomy":"product_brand","embeddable":true,"href":"https:\/\/pulsschlag24.com\/fr\/wp-json\/wp\/v2\/product_brand?post=4213"},{"taxonomy":"product_cat","embeddable":true,"href":"https:\/\/pulsschlag24.com\/fr\/wp-json\/wp\/v2\/product_cat?post=4213"},{"taxonomy":"product_tag","embeddable":true,"href":"https:\/\/pulsschlag24.com\/fr\/wp-json\/wp\/v2\/product_tag?post=4213"}],"curies":[{"name":"wp","href":"https:\/\/api.w.org\/{rel}","templated":true}]}}