{"id":4111,"date":"2025-11-10T13:58:12","date_gmt":"2025-11-10T12:58:12","guid":{"rendered":"https:\/\/pulsschlag24.com\/produkt\/atacama-evoque-eco-35-40-meuble-hi-fi-bambou-fonce\/"},"modified":"2025-11-10T13:58:12","modified_gmt":"2025-11-10T12:58:12","slug":"atacama-evoque-eco-35-40-meuble-hi-fi-bambou-fonce","status":"publish","type":"product","link":"https:\/\/pulsschlag24.com\/fr\/produkt\/atacama-evoque-eco-35-40-meuble-hi-fi-bambou-fonce\/","title":{"rendered":"Atacama EVOQUE ECO 35\/40 \u2013 Meuble Hi-Fi \u2013 Bambou fonc\u00e9"},"content":{"rendered":"<p>Nous vous pr\u00e9sentons le rack HiFi compact Atacama Evoque Eco 35-40 en bambou fonc\u00e9.<\/p>\n<p>Le prix indiqu\u00e9 est pour un rack \u00e0 4 niveaux.<\/p>\n<p>Id\u00e9al pour les \u00e9quipements hi-fi compacts<br \/>L&rsquo;Evoque Eco 35-40 COMPACT a \u00e9t\u00e9 sp\u00e9cialement con\u00e7u pour les \u00e9quipements hi-fi compacts et offre les m\u00eames performances techniques que l&rsquo;Evoque Eco 60-40, maintes fois prim\u00e9, mais dans un espace r\u00e9duit.<\/p>\n<p>Caract\u00e9ristiques principales :<br \/>&#8211; Charge admissible jusqu\u2019\u00e0 30 kg par \u00e9tag\u00e8re<br \/>&#8211; \u00c9tag\u00e8res de 40 mm d\u2019\u00e9paisseur en bambou carbonis\u00e9 pour une absorption optimale des vibrations<br \/>&#8211; Trois hauteurs de pieds interchangeables<\/p>\n<p>Pieds :<br \/>&#8211; Pieds doubles A.S.I.S.T. avec joints d\u2019amortissement<br \/>&#8211; Boulons filet\u00e9s en acier au carbone<br \/>&#8211; Mise \u00e0 la terre en aluminium de qualit\u00e9 a\u00e9rospatiale<br \/>&#8211; Pointes r\u00e9glables nickel\u00e9es de 8 mm<\/p>\n<p>\u00c9cologique et \u00e9thique<br \/>\nFabriqu\u00e9 \u00e0 partir de bambou \u00e0 croissance rapide et sans pesticides<\/p>\n<p>Production et livraison neutres en carbone :<br \/>&#8211; Le bambou provient d\u2019un fournisseur unique \u00e9thique situ\u00e9 hors de Chine.<br \/>&#8211; Fabriqu\u00e9 \u00e0 la main en Grande-Bretagne.<\/p>\n<p>Remarque :<br \/>Le bambou est un produit naturel ; des variations de grain et de couleur sont possibles.<br \/>Sa couleur peut foncer avec le temps (processus de maturation normal).<br \/>Les images ont \u00e9t\u00e9 prises en studio et peuvent ne pas refl\u00e9ter parfaitement la couleur r\u00e9elle.<\/p>\n","protected":false},"excerpt":{"rendered":"<p>\u2713 Combinaisons possibles de modules d&rsquo;\u00e9tag\u00e8res<br \/>\n\u2713 Fabrication et mat\u00e9riaux de qualit\u00e9 sup\u00e9rieure<br \/>\n\u2713 Grande capacit\u00e9 de charge et utilisation universelle<br \/>\n\u2713 Con\u00e7u et fabriqu\u00e9 en Grande-Bretagne<\/p>\n","protected":false},"featured_media":4112,"comment_status":"open","ping_status":"closed","template":"","meta":[],"product_brand":[],"product_cat":[753,756],"product_tag":[],"class_list":{"0":"post-4111","1":"product","2":"type-product","3":"status-publish","4":"has-post-thumbnail","6":"product_cat-meubles-hi-fi","7":"product_cat-atacama-evoque-eco","8":"product_shipping_class-jusqua-30-kg","9":"pa_breite-aussen-350-mm","10":"pa_breite-innen-250-mm","11":"pa_farbe-der-saeulenmodule-soie-noire","12":"pa_holzfarbe-bambou-fonce","13":"pa_regalbrettstaerke-bambou-massif-de-27-mm","14":"pa_tiefe-aussen-400-mm","15":"pa_tiefe-innen-300-mm","16":"tm-has-options","18":"first","19":"instock","20":"taxable","21":"shipping-taxable","22":"purchasable","23":"product-type-simple"},"_links":{"self":[{"href":"https:\/\/pulsschlag24.com\/fr\/wp-json\/wp\/v2\/product\/4111","targetHints":{"allow":["GET"]}}],"collection":[{"href":"https:\/\/pulsschlag24.com\/fr\/wp-json\/wp\/v2\/product"}],"about":[{"href":"https:\/\/pulsschlag24.com\/fr\/wp-json\/wp\/v2\/types\/product"}],"replies":[{"embeddable":true,"href":"https:\/\/pulsschlag24.com\/fr\/wp-json\/wp\/v2\/comments?post=4111"}],"wp:featuredmedia":[{"embeddable":true,"href":"https:\/\/pulsschlag24.com\/fr\/wp-json\/wp\/v2\/media\/4112"}],"wp:attachment":[{"href":"https:\/\/pulsschlag24.com\/fr\/wp-json\/wp\/v2\/media?parent=4111"}],"wp:term":[{"taxonomy":"product_brand","embeddable":true,"href":"https:\/\/pulsschlag24.com\/fr\/wp-json\/wp\/v2\/product_brand?post=4111"},{"taxonomy":"product_cat","embeddable":true,"href":"https:\/\/pulsschlag24.com\/fr\/wp-json\/wp\/v2\/product_cat?post=4111"},{"taxonomy":"product_tag","embeddable":true,"href":"https:\/\/pulsschlag24.com\/fr\/wp-json\/wp\/v2\/product_tag?post=4111"}],"curies":[{"name":"wp","href":"https:\/\/api.w.org\/{rel}","templated":true}]}}