{"id":4048,"date":"2025-05-05T14:35:58","date_gmt":"2025-05-05T12:35:58","guid":{"rendered":"https:\/\/pulsschlag24.com\/produkt\/atacama-apollo-podium-6-meuble-hi-fi-chene-clair-rangement-pour-vinyles\/"},"modified":"2025-05-05T14:35:58","modified_gmt":"2025-05-05T12:35:58","slug":"atacama-apollo-podium-6-meuble-hi-fi-chene-clair-rangement-pour-vinyles","status":"publish","type":"product","link":"https:\/\/pulsschlag24.com\/fr\/produkt\/atacama-apollo-podium-6-meuble-hi-fi-chene-clair-rangement-pour-vinyles\/","title":{"rendered":"Atacama APOLLO \u2013 PODIUM 6 \u2013 Meuble Hi-Fi \u2013 Ch\u00eane clair \u2013 Rangement pour vinyles"},"content":{"rendered":"<p>Module de rangement pour vinyles HiFi Apollo Podium 6 : un ajout polyvalent \u00e0 votre installation audio.<\/p>\n<p>D\u00e9veloppez votre rack HiFi Apollo Podium 6 avec le module de rangement pour vinyles Apollo Podium 6.<\/p>\n<p>Le prix indiqu\u00e9 est pour UN module de rangement pour vinyles Podium 6.<\/p>\n<p>Il faut placer sous ce module soit un module de base Podium 6, soit un module d&rsquo;\u00e9tag\u00e8re.<\/p>\n<p>Deux modules de rangement pour vinyles au maximum peuvent \u00eatre empil\u00e9s l&rsquo;un sur l&rsquo;autre et doivent \u00eatre plac\u00e9s sur les deux niveaux inf\u00e9rieurs d&rsquo;un rack Podium 6 complet.<\/p>\n<p>Le module de rangement pour vinyles Apollo Podium 6 HiFi est une solution \u00e9l\u00e9gante et fonctionnelle pour organiser votre collection de vinyles. Con\u00e7u comme compl\u00e9ment au rack modulaire Apollo Podium 6 HiFi, il offre un rangement polyvalent pour les disques vinyles et les composants audio. <\/p>\n<p>Caract\u00e9ristiques principales :<\/p>\n<p>Conception modulaire : S\u2019int\u00e8gre facilement aux modules d\u2019\u00e9tag\u00e8res Apollo Podium 6, permettant ainsi de cr\u00e9er un syst\u00e8me de rangement personnalis\u00e9.<br \/>Rangement polyvalent : Offre un espace pour vos disques vinyles et composants audio, pour une configuration flexible.<br \/>Barres transversales amovibles : Personnalisez l\u2019int\u00e9rieur du module selon vos besoins sp\u00e9cifiques.<br \/>Conception empilable : Combinez plusieurs modules pour augmenter votre capacit\u00e9 de rangement. Jusqu\u2019\u00e0 deux modules peuvent \u00eatre empil\u00e9s dans le m\u00eame rack.<br \/>Mat\u00e9riaux de haute qualit\u00e9 : Fabriqu\u00e9 en ch\u00eane massif europ\u00e9en robuste, avec des pointes en laiton nickel\u00e9 pour une isolation et une stabilit\u00e9 optimales.<br \/>Id\u00e9al pour : <\/p>\n<p>Pour les passionn\u00e9s de vinyles en qu\u00eate d&rsquo;une solution de rangement \u00e9l\u00e9gante et organis\u00e9e.<br \/>Pour les audiophiles d\u00e9sireux de mettre en valeur leur mat\u00e9riel tout en cr\u00e9ant un espace propre et ordonn\u00e9.<br \/>Am\u00e9liorez votre exp\u00e9rience d&rsquo;\u00e9coute.<\/p>\n<p>Le module de rangement pour vinyles hi-fi Apollo Podium 6 offre non seulement un espace de rangement pratique, mais ajoute \u00e9galement une touche d&rsquo;\u00e9l\u00e9gance \u00e0 votre installation audio. Ses lignes \u00e9pur\u00e9es et ses mat\u00e9riaux haut de gamme s&rsquo;harmonisent avec diff\u00e9rents styles de d\u00e9coration int\u00e9rieure. <\/p>\n<p>Investissez dans la qualit\u00e9<\/p>\n<p>Avec l&rsquo;Apollo Podium 6, vous investissez dans un produit durable et de haute qualit\u00e9 qui am\u00e9liorera votre exp\u00e9rience d&rsquo;\u00e9coute pour les ann\u00e9es \u00e0 venir.<\/p>\n<p>WICHTIG<\/p>\n<p>Remarque : Les modules Apollo Podium 6 ne sont pas interchangeables avec la gamme Podium de hifi Racks Ltd en raison de sp\u00e9cifications techniques diff\u00e9rentes. D\u00e9couvrez la diff\u00e9rence avec le rack hi-fi Apollo Podium 6. Commandez d\u00e8s aujourd\u2019hui et optimisez votre installation audio.  <\/p>\n<p>Beaut\u00e9 naturelle :<\/p>\n<p>La construction robuste en ch\u00eane naturel conf\u00e8re \u00e0 l&rsquo;\u00e9tag\u00e8re une touche d&rsquo;\u00e9l\u00e9gance, et les variations naturelles de couleur et de veinage rendent chaque pi\u00e8ce unique. Veuillez noter que le ch\u00eane fonce naturellement avec le temps, surtout sous l&rsquo;effet du soleil. Pour une apparence harmonieuse, il est recommand\u00e9 d&rsquo;acheter tous les modules n\u00e9cessaires \u00e0 l&rsquo;avance.  <\/p>\n","protected":false},"excerpt":{"rendered":"<p>\u2713 Meuble Hi-Fi compatible avec toutes les marques et tous les mod\u00e8les<br \/>\n\u2713 Colonnes en ch\u00eane massif<br \/>\n\u2713 Grande capacit\u00e9 de charge et compatibilit\u00e9 universelle<br \/>\n\u2713 Combinaisons possibles de modules d&rsquo;\u00e9tag\u00e8res<\/p>\n","protected":false},"featured_media":4049,"comment_status":"open","ping_status":"closed","template":"","meta":[],"product_brand":[],"product_cat":[753,754],"product_tag":[],"class_list":{"0":"post-4048","1":"product","2":"type-product","3":"status-publish","4":"has-post-thumbnail","6":"product_cat-meubles-hi-fi","7":"product_cat-atacama-apollo","8":"pa_breite-aussen-550-mm","9":"pa_breite-innen-500-mm","10":"pa_farbe-der-saeulenmodule-chene-clair","11":"pa_hoehe-innen-innenlagerhoehe-340-mm","12":"pa_holzfarbe-chene-clair","13":"pa_regalbrettstaerke-chene-massif-de-27-mm","14":"pa_tiefe-aussen-450-mm","15":"pa_tiefe-innen-360-mm","16":"tm-has-options","18":"first","19":"instock","20":"taxable","21":"shipping-taxable","22":"purchasable","23":"product-type-simple"},"_links":{"self":[{"href":"https:\/\/pulsschlag24.com\/fr\/wp-json\/wp\/v2\/product\/4048","targetHints":{"allow":["GET"]}}],"collection":[{"href":"https:\/\/pulsschlag24.com\/fr\/wp-json\/wp\/v2\/product"}],"about":[{"href":"https:\/\/pulsschlag24.com\/fr\/wp-json\/wp\/v2\/types\/product"}],"replies":[{"embeddable":true,"href":"https:\/\/pulsschlag24.com\/fr\/wp-json\/wp\/v2\/comments?post=4048"}],"wp:featuredmedia":[{"embeddable":true,"href":"https:\/\/pulsschlag24.com\/fr\/wp-json\/wp\/v2\/media\/4049"}],"wp:attachment":[{"href":"https:\/\/pulsschlag24.com\/fr\/wp-json\/wp\/v2\/media?parent=4048"}],"wp:term":[{"taxonomy":"product_brand","embeddable":true,"href":"https:\/\/pulsschlag24.com\/fr\/wp-json\/wp\/v2\/product_brand?post=4048"},{"taxonomy":"product_cat","embeddable":true,"href":"https:\/\/pulsschlag24.com\/fr\/wp-json\/wp\/v2\/product_cat?post=4048"},{"taxonomy":"product_tag","embeddable":true,"href":"https:\/\/pulsschlag24.com\/fr\/wp-json\/wp\/v2\/product_tag?post=4048"}],"curies":[{"name":"wp","href":"https:\/\/api.w.org\/{rel}","templated":true}]}}