{"id":3947,"date":"2025-11-10T09:53:41","date_gmt":"2025-11-10T08:53:41","guid":{"rendered":"https:\/\/pulsschlag24.com\/produkt\/atacama-apollo-storm-3-meuble-hi-fi-chene-naturel\/"},"modified":"2026-04-28T10:04:58","modified_gmt":"2026-04-28T08:04:58","slug":"atacama-apollo-storm-3-meuble-hi-fi-en-chene-clair","status":"publish","type":"product","link":"https:\/\/pulsschlag24.com\/fr\/produkt\/atacama-apollo-storm-3-meuble-hi-fi-en-chene-clair\/","title":{"rendered":"Atacama APOLLO \u2013 STORM 3 \u2013 Meuble Hi-Fi \u2013 Ch\u00eane naturel"},"content":{"rendered":"<p>Pr\u00e9sentation du rack hi-fi compact Apollo Storm 3 (ch\u00eane naturel).<\/p>\n<p>Le prix indiqu\u00e9 est pour un rack \u00e0 4 niveaux.<\/p>\n<p>Am\u00e9liorez votre exp\u00e9rience sonore avec l&rsquo;Apollo Storm 3, un rack HiFi modulaire id\u00e9al pour les composants HiFi compacts.<\/p>\n<p>Con\u00e7u pour un son excellent :<\/p>\n<p>\u2022 Fabrication de pr\u00e9cision : Chaque module d\u2019\u00e9tag\u00e8re est usin\u00e9 avec pr\u00e9cision par commande num\u00e9rique (CNC) pour un ajustement parfait et des performances optimales.<br \/>\n\u2022 Qualit\u00e9 artisanale : Des artisans exp\u00e9riment\u00e9s garantissent un rendu esth\u00e9tique qui s&rsquo;int\u00e8gre harmonieusement \u00e0 votre d\u00e9cor.<br \/>\n\u2022 Technologie d&rsquo;isolation : L&rsquo;isolation multi-\u00e9tapes avec disques en polym\u00e8re, inserts en laiton et pointes en acier r\u00e9glables minimise les r\u00e9sonances et les vibrations externes, offrant ainsi un son d&rsquo;une puret\u00e9 exceptionnelle.<br \/>\n\u2022 Construction sans distorsion : La construction en composite de bois dur massif (27 mm) offre une stabilit\u00e9 et un amortissement de r\u00e9sonance exceptionnels.<\/p>\n<p>Beaut\u00e9 naturelle :<\/p>\n<p>Sa fabrication en ch\u00eane massif conf\u00e8re \u00e0 ce porte-manteau une touche d&rsquo;\u00e9l\u00e9gance. Les variations naturelles de couleur et de veinage rendent chaque pi\u00e8ce unique. Veuillez noter que le ch\u00eane fonce avec le temps, surtout sous l&rsquo;effet du soleil.<\/p>\n<p>Con\u00e7u et fabriqu\u00e9 en Grande-Bretagne, l&rsquo;Apollo Storm 3 est le choix id\u00e9al pour les audiophiles qui exigent des performances optimales et un design intemporel dans des composants hi-fi compacts.<\/p>\n<p>Con\u00e7u et fabriqu\u00e9 en Grande-Bretagne.<\/p>\n","protected":false},"excerpt":{"rendered":"<p>\u2713 Combinaison possible de modules d&rsquo;\u00e9tag\u00e8res<br \/>\n\u2713 Mat\u00e9riaux de qualit\u00e9 sup\u00e9rieure<br \/>\n\u2713 Grande capacit\u00e9 de charge et utilisation universelle<br \/>\n\u2713 Con\u00e7u et fabriqu\u00e9 au Royaume-Uni<\/p>\n","protected":false},"featured_media":3954,"comment_status":"open","ping_status":"closed","template":"","meta":[],"product_brand":[],"product_cat":[753,754],"product_tag":[],"class_list":{"0":"post-3947","1":"product","2":"type-product","3":"status-publish","4":"has-post-thumbnail","6":"product_cat-meubles-hi-fi","7":"product_cat-atacama-apollo","8":"product_shipping_class-jusqua-30-kg","9":"pa_breite-aussen-325-mm","10":"pa_breite-innen-245-mm","11":"pa_farbe-der-saeulenmodule-soie-noire","12":"pa_holzfarbe-chene-clair","13":"pa_regalbrettstaerke-chene-massif-de-27-mm","14":"pa_tiefe-aussen-400-mm","15":"pa_tiefe-innen-320-mm","16":"tm-has-options","18":"first","19":"instock","20":"taxable","21":"shipping-taxable","22":"purchasable","23":"product-type-simple"},"_links":{"self":[{"href":"https:\/\/pulsschlag24.com\/fr\/wp-json\/wp\/v2\/product\/3947","targetHints":{"allow":["GET"]}}],"collection":[{"href":"https:\/\/pulsschlag24.com\/fr\/wp-json\/wp\/v2\/product"}],"about":[{"href":"https:\/\/pulsschlag24.com\/fr\/wp-json\/wp\/v2\/types\/product"}],"replies":[{"embeddable":true,"href":"https:\/\/pulsschlag24.com\/fr\/wp-json\/wp\/v2\/comments?post=3947"}],"wp:featuredmedia":[{"embeddable":true,"href":"https:\/\/pulsschlag24.com\/fr\/wp-json\/wp\/v2\/media\/3954"}],"wp:attachment":[{"href":"https:\/\/pulsschlag24.com\/fr\/wp-json\/wp\/v2\/media?parent=3947"}],"wp:term":[{"taxonomy":"product_brand","embeddable":true,"href":"https:\/\/pulsschlag24.com\/fr\/wp-json\/wp\/v2\/product_brand?post=3947"},{"taxonomy":"product_cat","embeddable":true,"href":"https:\/\/pulsschlag24.com\/fr\/wp-json\/wp\/v2\/product_cat?post=3947"},{"taxonomy":"product_tag","embeddable":true,"href":"https:\/\/pulsschlag24.com\/fr\/wp-json\/wp\/v2\/product_tag?post=3947"}],"curies":[{"name":"wp","href":"https:\/\/api.w.org\/{rel}","templated":true}]}}