{"id":3895,"date":"2025-07-09T11:11:28","date_gmt":"2025-07-09T09:11:28","guid":{"rendered":"https:\/\/pulsschlag24.com\/a-propos-de-nous\/"},"modified":"2026-02-17T14:02:31","modified_gmt":"2026-02-17T13:02:31","slug":"a-propos-de-nous","status":"publish","type":"page","link":"https:\/\/pulsschlag24.com\/fr\/a-propos-de-nous\/","title":{"rendered":"\u00c0 propos de nous"},"content":{"rendered":"\t\t<div data-elementor-type=\"wp-page\" data-elementor-id=\"3895\" class=\"elementor elementor-3895 elementor-1709\" data-elementor-post-type=\"page\">\n\t\t\t\t<div class=\"wd-negative-gap elementor-element elementor-element-55e4ef8 e-flex e-con-boxed e-con e-parent\" data-id=\"55e4ef8\" data-element_type=\"container\" data-e-type=\"container\">\n\t\t\t\t\t<div class=\"e-con-inner\">\n\t\t<div class=\"elementor-element elementor-element-579c6dd e-con-full e-flex e-con e-child\" data-id=\"579c6dd\" data-element_type=\"container\" data-e-type=\"container\">\n\t\t\t\t<div class=\"elementor-element elementor-element-8256ba2 elementor-widget elementor-widget-heading\" data-id=\"8256ba2\" data-element_type=\"widget\" data-e-type=\"widget\" data-widget_type=\"heading.default\">\n\t\t\t\t<div class=\"elementor-widget-container\">\n\t\t\t\t\t<h1 class=\"elementor-heading-title elementor-size-default\">\u00c0 propos de nous<\/h1>\t\t\t\t<\/div>\n\t\t\t\t<\/div>\n\t\t\t\t<div class=\"elementor-element elementor-element-732a889 color-scheme-inherit text-left elementor-widget elementor-widget-text-editor\" data-id=\"732a889\" data-element_type=\"widget\" data-e-type=\"widget\" data-widget_type=\"text-editor.default\">\n\t\t\t\t<div class=\"elementor-widget-container\">\n\t\t\t\t\t\t\t\t\t<p>Le directeur g\u00e9n\u00e9ral poss\u00e8de une vaste exp\u00e9rience des produits Atacama et Apollo et a fond\u00e9 l&rsquo;entreprise en avril 2025.<\/p><p>Ren\u00e9 Joppin, propri\u00e9taire de Pulsschlag24, a d\u00e9clar\u00e9: \u00ab\u00a0Je suis ravi de me pr\u00e9senter ainsi que ma soci\u00e9t\u00e9 Pulsschlag24 comme votre nouveau distributeur principal de meubles et d&rsquo;accessoires hi-fi Atacama de haute qualit\u00e9 en Allemagne.<\/p><p>Je repense avec gratitude \u00e0 mes dix ann\u00e9es d&rsquo;exp\u00e9rience d\u00e9vou\u00e9e dans la vente des gammes de produits Atacama et Apollo. Je suis enthousiaste \u00e0 l&rsquo;id\u00e9e de ce nouveau chapitre et me r\u00e9jouis d&rsquo;une collaboration fructueuse et r\u00e9ussie. <\/p><p>Avec Pulsschlag24, je souhaite rapprocher la qualit\u00e9 et le design exceptionnels des produits Atacama des passionn\u00e9s de HiFi allemands, fran\u00e7ais et danois.\u00a0\u00bb<\/p>\t\t\t\t\t\t\t\t<\/div>\n\t\t\t\t<\/div>\n\t\t\t\t<\/div>\n\t\t<div class=\"elementor-element elementor-element-232cc44 e-con-full e-flex e-con e-child\" data-id=\"232cc44\" data-element_type=\"container\" data-e-type=\"container\">\n\t\t\t\t<div class=\"elementor-element elementor-element-9737377 elementor-widget elementor-widget-gallery\" data-id=\"9737377\" data-element_type=\"widget\" data-e-type=\"widget\" data-settings=\"{&quot;gallery_layout&quot;:&quot;masonry&quot;,&quot;columns&quot;:2,&quot;lazyload&quot;:&quot;yes&quot;,&quot;columns_tablet&quot;:2,&quot;columns_mobile&quot;:1,&quot;gap&quot;:{&quot;unit&quot;:&quot;px&quot;,&quot;size&quot;:10,&quot;sizes&quot;:[]},&quot;gap_tablet&quot;:{&quot;unit&quot;:&quot;px&quot;,&quot;size&quot;:10,&quot;sizes&quot;:[]},&quot;gap_mobile&quot;:{&quot;unit&quot;:&quot;px&quot;,&quot;size&quot;:10,&quot;sizes&quot;:[]},&quot;link_to&quot;:&quot;file&quot;,&quot;content_hover_animation&quot;:&quot;fade-in&quot;}\" data-widget_type=\"gallery.default\">\n\t\t\t\t<div class=\"elementor-widget-container\">\n\t\t\t\t\t\t\t<div class=\"elementor-gallery__container\">\n\t\t\t\t\t\t\t<a class=\"e-gallery-item elementor-gallery-item elementor-animated-content\" href=\"https:\/\/pulsschlag24.com\/wp-content\/uploads\/2025\/06\/pulsschlag24-ueber-uns-1.jpg\" data-elementor-open-lightbox=\"yes\" data-elementor-lightbox-slideshow=\"9737377\" data-elementor-lightbox-title=\"Pulsschlag24\" data-e-action-hash=\"#elementor-action%3Aaction%3Dlightbox%26settings%3DeyJpZCI6OTI2LCJ1cmwiOiJodHRwczpcL1wvcHVsc3NjaGxhZzI0LmNvbVwvd3AtY29udGVudFwvdXBsb2Fkc1wvMjAyNVwvMDZcL3B1bHNzY2hsYWcyNC11ZWJlci11bnMtMS5qcGciLCJzbGlkZXNob3ciOiI5NzM3Mzc3In0%3D\">\n\t\t\t\t\t<div class=\"e-gallery-image elementor-gallery-item__image\" data-thumbnail=\"https:\/\/pulsschlag24.com\/wp-content\/uploads\/2025\/06\/pulsschlag24-ueber-uns-1.jpg\" data-width=\"1600\" data-height=\"1200\" aria-label=\"Pulsschlag24\" role=\"img\" ><\/div>\n\t\t\t\t\t\t\t\t\t\t\t\t\t\t<\/a>\n\t\t\t\t\t\t\t<a class=\"e-gallery-item elementor-gallery-item elementor-animated-content\" href=\"https:\/\/pulsschlag24.com\/wp-content\/uploads\/2025\/06\/pulsschlag24-ueber-uns-3.jpg\" data-elementor-open-lightbox=\"yes\" data-elementor-lightbox-slideshow=\"9737377\" data-elementor-lightbox-title=\"Pulsschlag24\" data-e-action-hash=\"#elementor-action%3Aaction%3Dlightbox%26settings%3DeyJpZCI6OTI4LCJ1cmwiOiJodHRwczpcL1wvcHVsc3NjaGxhZzI0LmNvbVwvd3AtY29udGVudFwvdXBsb2Fkc1wvMjAyNVwvMDZcL3B1bHNzY2hsYWcyNC11ZWJlci11bnMtMy5qcGciLCJzbGlkZXNob3ciOiI5NzM3Mzc3In0%3D\">\n\t\t\t\t\t<div class=\"e-gallery-image elementor-gallery-item__image\" data-thumbnail=\"https:\/\/pulsschlag24.com\/wp-content\/uploads\/2025\/06\/pulsschlag24-ueber-uns-3.jpg\" data-width=\"1200\" data-height=\"1600\" aria-label=\"Pulsschlag24\" role=\"img\" ><\/div>\n\t\t\t\t\t\t\t\t\t\t\t\t\t\t<\/a>\n\t\t\t\t\t\t\t<a class=\"e-gallery-item elementor-gallery-item elementor-animated-content\" href=\"https:\/\/pulsschlag24.com\/wp-content\/uploads\/2025\/06\/pulsschlag24-ueber-uns-4.jpg\" data-elementor-open-lightbox=\"yes\" data-elementor-lightbox-slideshow=\"9737377\" data-elementor-lightbox-title=\"Pulsschlag24\" data-e-action-hash=\"#elementor-action%3Aaction%3Dlightbox%26settings%3DeyJpZCI6OTI5LCJ1cmwiOiJodHRwczpcL1wvcHVsc3NjaGxhZzI0LmNvbVwvd3AtY29udGVudFwvdXBsb2Fkc1wvMjAyNVwvMDZcL3B1bHNzY2hsYWcyNC11ZWJlci11bnMtNC5qcGciLCJzbGlkZXNob3ciOiI5NzM3Mzc3In0%3D\">\n\t\t\t\t\t<div class=\"e-gallery-image elementor-gallery-item__image\" data-thumbnail=\"https:\/\/pulsschlag24.com\/wp-content\/uploads\/2025\/06\/pulsschlag24-ueber-uns-4.jpg\" data-width=\"1200\" data-height=\"1600\" aria-label=\"Pulsschlag24\" role=\"img\" ><\/div>\n\t\t\t\t\t\t\t\t\t\t\t\t\t\t<\/a>\n\t\t\t\t\t\t\t<a class=\"e-gallery-item elementor-gallery-item elementor-animated-content\" href=\"https:\/\/pulsschlag24.com\/wp-content\/uploads\/2025\/06\/pulsschlag24-ueber-uns-2.jpg\" data-elementor-open-lightbox=\"yes\" data-elementor-lightbox-slideshow=\"9737377\" data-elementor-lightbox-title=\"Pulsschlag24\" data-e-action-hash=\"#elementor-action%3Aaction%3Dlightbox%26settings%3DeyJpZCI6OTI3LCJ1cmwiOiJodHRwczpcL1wvcHVsc3NjaGxhZzI0LmNvbVwvd3AtY29udGVudFwvdXBsb2Fkc1wvMjAyNVwvMDZcL3B1bHNzY2hsYWcyNC11ZWJlci11bnMtMi5qcGciLCJzbGlkZXNob3ciOiI5NzM3Mzc3In0%3D\">\n\t\t\t\t\t<div class=\"e-gallery-image elementor-gallery-item__image\" data-thumbnail=\"https:\/\/pulsschlag24.com\/wp-content\/uploads\/2025\/06\/pulsschlag24-ueber-uns-2.jpg\" data-width=\"1600\" data-height=\"1200\" aria-label=\"Pulsschlag24\" role=\"img\" ><\/div>\n\t\t\t\t\t\t\t\t\t\t\t\t\t\t<\/a>\n\t\t\t\t\t<\/div>\n\t\t\t\t\t<\/div>\n\t\t\t\t<\/div>\n\t\t\t\t<\/div>\n\t\t\t\t\t<\/div>\n\t\t\t\t<\/div>\n\t\t\t\t<\/div>\n\t\t","protected":false},"excerpt":{"rendered":"<p>\u00c0 propos de nous Le directeur g\u00e9n\u00e9ral poss\u00e8de une vaste exp\u00e9rience des produits Atacama et Apollo et a fond\u00e9 l&rsquo;entreprise<\/p>\n","protected":false},"author":1,"featured_media":0,"parent":0,"menu_order":0,"comment_status":"closed","ping_status":"closed","template":"","meta":{"footnotes":""},"class_list":["post-3895","page","type-page","status-publish","hentry"],"_links":{"self":[{"href":"https:\/\/pulsschlag24.com\/fr\/wp-json\/wp\/v2\/pages\/3895","targetHints":{"allow":["GET"]}}],"collection":[{"href":"https:\/\/pulsschlag24.com\/fr\/wp-json\/wp\/v2\/pages"}],"about":[{"href":"https:\/\/pulsschlag24.com\/fr\/wp-json\/wp\/v2\/types\/page"}],"author":[{"embeddable":true,"href":"https:\/\/pulsschlag24.com\/fr\/wp-json\/wp\/v2\/users\/1"}],"replies":[{"embeddable":true,"href":"https:\/\/pulsschlag24.com\/fr\/wp-json\/wp\/v2\/comments?post=3895"}],"version-history":[{"count":0,"href":"https:\/\/pulsschlag24.com\/fr\/wp-json\/wp\/v2\/pages\/3895\/revisions"}],"wp:attachment":[{"href":"https:\/\/pulsschlag24.com\/fr\/wp-json\/wp\/v2\/media?parent=3895"}],"curies":[{"name":"wp","href":"https:\/\/api.w.org\/{rel}","templated":true}]}}