{"id":5310,"date":"2026-03-09T21:47:54","date_gmt":"2026-03-09T20:47:54","guid":{"rendered":"https:\/\/pulsschlag24.com\/?post_type=product&#038;p=5310"},"modified":"2026-04-22T14:25:24","modified_gmt":"2026-04-22T12:25:24","slug":"atacama-evoque-eco-65-60-se2-reference-hi-fi-rack-natural-bamboo-kopie","status":"publish","type":"product","link":"https:\/\/pulsschlag24.com\/en\/product\/atacama-evoque-eco-65-60-se2-reference-hi-fi-rack-natural-bamboo-kopie\/","title":{"rendered":"Atacama EVOQUE ECO 60\/50 SE2 Edition \u2013 Hi-Fi Rack \u2013 Natural Oak"},"content":{"rendered":"<p>The Atacama Evoque Eco 60-50 SE2 solid oak edition<\/p>\n<p>Experience the ultimate fusion of high-performance audio isolation technology and stunning design with the Evoque Eco 60-50 SE2 solid oak rack. This bespoke rack was developed for discerning customers who desire the advanced anti-resonance properties of our multi-award-winning Evoque SE2 bamboo rack, but with the robust depth, increased load-bearing capacity, and classic beauty of 40mm thick solid European oak. <\/p>\n<p>&nbsp;<\/p>\n<p>Main advantages<\/p>\n<p>High-quality solid wood: Crafted from specially selected, high-density, AA+-certified solid European oak. Grown in a cooler climate, it boasts superior Janka hardness, surpassing that of the carbonized bamboo used in the standard Evoque. <\/p>\n<p>Environmentally conscious: The oak wood is FSC and PEFC certified, thus fulfilling our environmental promise.<\/p>\n<p>Increased load-bearing capacity: Thanks to additional depth and improved load-bearing capacity (38 kg per module), this shelf offers optimal support even for the largest and heaviest high-end audio components.<\/p>\n<p>Handcrafted quality: Each shelf is carefully prepared and finished by experienced craftsmen to ensure the highest quality. The modules are made to order \u2013 we therefore recommend ordering all the modules you need now to ensure a consistent surface finish. <\/p>\n<p>&nbsp;<\/p>\n<p>Unparalleled sound insulation technology<\/p>\n<p>Die Solid Oak Edition vereint alle revolution\u00e4ren, preisgekr\u00f6nten Funktionen des Evoque SE2, um unerw\u00fcnschte Resonanzen zu eliminieren und die Leistung Ihrer Ger\u00e4te zu maximieren:<\/p>\n<p>A.V.R.D.C. (Advanced Vectored Resonance Deflection Channels): A groundbreaking, multiply curved geometric design, precisely machined into the underside of each shelf, neutralizes high-frequency harmonics and directs them to the legs.<\/p>\n<p>A.S.I.S.T. (Atacama Sound Insulation System): Damping seals are integrated into each module to reduce reverberation and insulate the aluminum legs.<\/p>\n<p>Mechanical grounding: Improved, conical bronze insulation spikes maximize energy transfer between the modules while ensuring the necessary insulation. This allows resonances to be safely dissipated into the ground. <\/p>\n<p>Resonance dissipation: Aluminum top and bottom caps with internal bolts provide a separate dissipation path for unwanted energy generated by your devices.<\/p>\n<p>Optimized legs: Mechanically adjustable leg lengths and optional counterweights (nickel-plated bronze) allow you to fine-tune the resonant frequency of your rack for a purer, more natural sound.<\/p>\n<p>Control of standing waves: Rounded edges on the sides of the oak wood panels actively counteract the resonance energy (standing waves) by directing it into the A.V.R.D.C. channels.<\/p>\n","protected":false},"excerpt":{"rendered":"<p>\u2713 High load capacity and universal application<br \/>\u2713 Larger shelf area (600 mm x 500 mm) for larger hi-fi components<br \/>\u2713 Extended vectorial resonance deflection channels<\/p>\n","protected":false},"featured_media":5343,"comment_status":"open","ping_status":"closed","template":"","meta":[],"product_brand":[],"product_cat":[244,253],"product_tag":[],"class_list":{"0":"post-5310","1":"product","2":"type-product","3":"status-publish","4":"has-post-thumbnail","6":"product_cat-hi-fi-racks-en","7":"product_cat-atacama-evoque-eco-en","8":"product_shipping_class-up-to-30-kg","9":"pa_breite-aussen-600-mm-en","10":"pa_breite-innen-500-mm-en","11":"pa_farbe-der-saeulenmodule-silk-black-columns","12":"pa_holzfarbe-natural-oak","13":"pa_regalbrettstaerke-solid-40-mm-bamboo","14":"pa_tiefe-aussen-500-mm-en","15":"pa_tiefe-innen-400-mm-en","16":"tm-has-options","18":"first","19":"outofstock","20":"taxable","21":"shipping-taxable","22":"purchasable","23":"product-type-simple"},"_links":{"self":[{"href":"https:\/\/pulsschlag24.com\/en\/wp-json\/wp\/v2\/product\/5310","targetHints":{"allow":["GET"]}}],"collection":[{"href":"https:\/\/pulsschlag24.com\/en\/wp-json\/wp\/v2\/product"}],"about":[{"href":"https:\/\/pulsschlag24.com\/en\/wp-json\/wp\/v2\/types\/product"}],"replies":[{"embeddable":true,"href":"https:\/\/pulsschlag24.com\/en\/wp-json\/wp\/v2\/comments?post=5310"}],"wp:featuredmedia":[{"embeddable":true,"href":"https:\/\/pulsschlag24.com\/en\/wp-json\/wp\/v2\/media\/5343"}],"wp:attachment":[{"href":"https:\/\/pulsschlag24.com\/en\/wp-json\/wp\/v2\/media?parent=5310"}],"wp:term":[{"taxonomy":"product_brand","embeddable":true,"href":"https:\/\/pulsschlag24.com\/en\/wp-json\/wp\/v2\/product_brand?post=5310"},{"taxonomy":"product_cat","embeddable":true,"href":"https:\/\/pulsschlag24.com\/en\/wp-json\/wp\/v2\/product_cat?post=5310"},{"taxonomy":"product_tag","embeddable":true,"href":"https:\/\/pulsschlag24.com\/en\/wp-json\/wp\/v2\/product_tag?post=5310"}],"curies":[{"name":"wp","href":"https:\/\/api.w.org\/{rel}","templated":true}]}}