{"id":5644,"date":"2026-04-13T10:30:21","date_gmt":"2026-04-13T08:30:21","guid":{"rendered":"https:\/\/pulsschlag24.com\/?post_type=product&#038;p=5644"},"modified":"2026-04-13T10:54:03","modified_gmt":"2026-04-13T08:54:03","slug":"atacama-nexxus-500-essential-hoejttalerstativ-520-mm-sort-kopie","status":"publish","type":"product","link":"https:\/\/pulsschlag24.com\/da\/produkt\/atacama-nexxus-500-essential-hoejttalerstativ-520-mm-sort-kopie\/","title":{"rendered":"Atacama NeXXus 500 Essential \u2013 h\u00f8jttalerstativ \u2013 520 mm \u2013 hvid"},"content":{"rendered":"<p>NeXXus-serien \u2013 prisvenlige og opgraderbare h\u00f8jttalerstativer<br \/>\nAtacama pr\u00e6senterer de prisbel\u00f8nnede NeXXus 500 Essential-h\u00f8jttalerstativer i satinsort udf\u00f8relse \u2013 Atacamas f\u00f8rste modulopbyggede, opgraderbare og udvidelige h\u00f8jttaleroph\u00e6ngssystem.<br \/>\nNeXXus 500 Essential er det f\u00f8rste h\u00f8jttalerstativ i den nye NeXXus-serie og tilf\u00f8rer v\u00e6rdi og fleksibilitet til designet af h\u00f8jttalerstativer.<br \/>\nHver enkelt stativ leveres parvis og er som standard udstyret med to 50,8 mm (2\u00bb) brede st\u00f8tter\u00f8r og en ny 5 mm tyk, lasersk\u00e5ret bundplade i \u00abskilt&#8221;-design samt en 130 mm x 170 mm stor d\u00e6kplade.<br \/>\nHvis denne st\u00f8rrelse p\u00e5 frontpladen ikke passer til de underst\u00f8ttede h\u00f8jttalere, kan der ved behov k\u00f8bes et udvalg af frontplades\u00e6t i alternative st\u00f8rrelser separat. Sp\u00f8rg gerne specifikt efter dette, og kontakt os derfor.<br \/>\nMed den dobbelte b\u00e6reevne i forhold til den udg\u00e5ede Nexus-stativ (forg\u00e6ngeren) kan NeXXus 500 Essential-h\u00f8jttaleren b\u00e6re en v\u00e6gt p\u00e5 op til 15 kg hver, hvilket er en markant forbedring i forhold til den forrige generation (8,4 kg b\u00e6reevne). Takket v\u00e6re den st\u00f8rre bundplade kan ogs\u00e5 kraftigere h\u00f8jttalere placeres sikkert og fast.<br \/>\nSpike-gr\u00e6nsefladen er ligeledes blevet opdateret p\u00e5 NeXXus med 8 mm BZP-spikes.<br \/>\nH\u00f8jttalerstativerne i Atacama NeXXus-serien fremstilles i Storbritannien.<br \/>\nBem\u00e6rk: H\u00f8jttalere medf\u00f8lger ikke.  <\/p>\n<p>Yderligere oplysninger<br \/>\nAtacama anbefaler Atabite inaktivt fyldmateriale for at opn\u00e5 maksimal akustisk ydeevne.<br \/>\nFor dem, der \u00f8nsker at forbedre ydeevnen af deres h\u00f8jttalere yderligere, kan NeXXus-stativerne f\u00e5s med s\u00f8jledele fyldt med lydd\u00e6mpende materiale (Atabites SMD-Z 7HD).<br \/>\nDen maksimale Atabite-kapacitet er 16,8 kg pr. par (2 x 7 kg spande er tilstr\u00e6kkeligt til de fleste anvendelser).<br \/>\nDet valgfri Atacama-pakke med massivbundplader kan ogs\u00e5 bruges til at tilf\u00f8je v\u00e6gt og stabilitet, hvis det er n\u00f8dvendigt.<\/p>\n<p>I vores kategori <a href=\"https:\/\/pulsschlag24.com\/da\/produktkategori\/hi-fi-racks-da\/\">Hi-Fi-reoler<\/a> finder du et passende model til dine lydkomponenter til hver eneste h\u00f8jttalerstativ.<\/p>\n","protected":false},"excerpt":{"rendered":"<p>\u2713 Smukt design og fremragende finish<br \/>\n\u2713 Stor belastbarhed og universel anvendelse<br \/>\n\u2713 Inkluderer isolerende gelpuder fra Atacama, designet og fremstillet i Storbritannien<\/p>\n","protected":false},"featured_media":5659,"comment_status":"open","ping_status":"closed","template":"","meta":[],"product_brand":[],"product_cat":[255,262],"product_tag":[],"class_list":{"0":"post-5644","1":"product","2":"type-product","3":"status-publish","4":"has-post-thumbnail","6":"product_cat-hoejttalerstativer","7":"product_cat-atacama-nexxus-da","8":"product_shipping_class-op-til-20-kg","9":"pa_basisplatte-b-x-t-260-mm-x-365-mm-da","10":"pa_belastung-pro-staender-15-kg-da","11":"pa_deckplatte-b-x-t-130-mm-x-170-mm-da","12":"pa_gesamthoehe-520-mm-da","13":"pa_material-farbe-basisplatte-hvid","14":"pa_material-farbe-staender-hvid","15":"tm-has-options","17":"first","18":"outofstock","19":"taxable","20":"shipping-taxable","21":"purchasable","22":"product-type-simple"},"_links":{"self":[{"href":"https:\/\/pulsschlag24.com\/da\/wp-json\/wp\/v2\/product\/5644","targetHints":{"allow":["GET"]}}],"collection":[{"href":"https:\/\/pulsschlag24.com\/da\/wp-json\/wp\/v2\/product"}],"about":[{"href":"https:\/\/pulsschlag24.com\/da\/wp-json\/wp\/v2\/types\/product"}],"replies":[{"embeddable":true,"href":"https:\/\/pulsschlag24.com\/da\/wp-json\/wp\/v2\/comments?post=5644"}],"wp:featuredmedia":[{"embeddable":true,"href":"https:\/\/pulsschlag24.com\/da\/wp-json\/wp\/v2\/media\/5659"}],"wp:attachment":[{"href":"https:\/\/pulsschlag24.com\/da\/wp-json\/wp\/v2\/media?parent=5644"}],"wp:term":[{"taxonomy":"product_brand","embeddable":true,"href":"https:\/\/pulsschlag24.com\/da\/wp-json\/wp\/v2\/product_brand?post=5644"},{"taxonomy":"product_cat","embeddable":true,"href":"https:\/\/pulsschlag24.com\/da\/wp-json\/wp\/v2\/product_cat?post=5644"},{"taxonomy":"product_tag","embeddable":true,"href":"https:\/\/pulsschlag24.com\/da\/wp-json\/wp\/v2\/product_tag?post=5644"}],"curies":[{"name":"wp","href":"https:\/\/api.w.org\/{rel}","templated":true}]}}