{"id":5628,"date":"2026-04-12T13:01:48","date_gmt":"2026-04-12T11:01:48","guid":{"rendered":"https:\/\/pulsschlag24.com\/?post_type=product&#038;p=5628"},"modified":"2026-04-12T13:40:34","modified_gmt":"2026-04-12T11:40:34","slug":"atacama-moseco-nexxus-top-plate-option-pack-160-mm-x-220-mm-sort-kopie-2","status":"publish","type":"product","link":"https:\/\/pulsschlag24.com\/da\/produkt\/atacama-moseco-nexxus-top-plate-option-pack-160-mm-x-220-mm-sort-kopie-2\/","title":{"rendered":"Atacama NeXXus + Moseco + Cyclone XL \u2013 Top Plate Option Pack \u2013 190 mm x 305 mm \u2013 sort"},"content":{"rendered":"<p>Valgfrit d\u00e6kplades\u00e6t 190 mm x 305 mm til Nexxus-, Moseco- og Cyclone XL-h\u00f8jttalerstativer<\/p>\n<p>Dette store s\u00e6t d\u00e6kplader (B\/D): 190 mm x 305 mm maksimerer NeXXus-seriens b\u00e6reevne og sikrer optimal underst\u00f8ttelse af st\u00f8rre h\u00f8jttalere.<\/p>\n<p>Atacama tilbyder et udvalg af valgfrie, pr\u00e6cisionslasersk\u00e5rne d\u00e6kplades\u00e6t i kulstofst\u00e5l til h\u00f8jttalerstativerne i NeXXus-serien.<br \/>\nDisse d\u00e6kplades\u00e6t er ogs\u00e5 kompatible med h\u00f8jttalerstativerne i Moseco- og Cyclone XL-serierne.<\/p>\n<p>De passer ikke til den \u00e6ldre version af NeXXus-h\u00f8jttalerstativerne med tre ben.<\/p>\n<p>Alle d\u00e6kplader leveres parvis og er pulverlakeret i mat sort. D\u00e6kplades\u00e6ttet er universelt og passer derfor til forskellige h\u00f8jttalerm\u00e6rker og -typer. Der medf\u00f8lger otte buede gelpuder.  <\/p>\n<p>Fremstillet i Storbritannien.<\/p>\n<p>Bem\u00e6rk: D\u00e6ksplades\u00e6ttet (130 mm x 170 mm) f\u00f8lger altid med NeXXus-h\u00f8jttalerstativerne.<\/p>\n<p>Hvis De har valgt et af de forbedrede d\u00e6kplades\u00e6t, anbefaler vi, at De fastg\u00f8r de overskydende d\u00e6kplader (130 mm x 170 mm) til undersiden af bundpladerne ved hj\u00e6lp af r\u00f8rskruerne. Dette \u00f8ger stativernes masse i den nedre del, reducerer bundpladernes eftervibration og undg\u00e5r, at de originale d\u00e6kplader skal flyttes, hvis det bliver n\u00f8dvendigt senere. <\/p>\n<p><span style=\"font-weight: 400;\">Weitere interessante Produkte finden Sie in unserer Kategorie <a href=\"https:\/\/pulsschlag24.com\/da\/produktkategori\/hoejttalerstativer\/\">Lautsprecherst\u00e4nder<\/a>.<\/span><\/p>\n","protected":false},"excerpt":{"rendered":"<p>\u2713 Kvalitetsudstyr til h\u00f8jttalerstativer i Moseco- og NeXXus-serien fra Atacama<br \/>\n\u2713 H\u00f8jkvalitets topplader med en bredde p\u00e5 190 mm og en dybde p\u00e5 305 mm<br \/>\n\u2713 Sikrer dermed, at hi-fi-produkterne st\u00e5r mere stabilt p\u00e5 stativerne<\/p>\n","protected":false},"featured_media":5631,"comment_status":"open","ping_status":"closed","template":"","meta":[],"product_brand":[],"product_cat":[269,274],"product_tag":[],"class_list":{"0":"post-5628","1":"product","2":"type-product","3":"status-publish","4":"has-post-thumbnail","6":"product_cat-tilbehoer","7":"product_cat-tilbehoer-hoejttalerstativer","8":"product_shipping_class-op-til-5-kg","9":"pa_farbe-mat-sort","10":"pa_gewicht-35-kg-da","11":"pa_masse-190-mm-x-305-mm","12":"pa_material-lakeret-staal","13":"tm-has-options","15":"first","16":"outofstock","17":"taxable","18":"shipping-taxable","19":"purchasable","20":"product-type-simple"},"_links":{"self":[{"href":"https:\/\/pulsschlag24.com\/da\/wp-json\/wp\/v2\/product\/5628","targetHints":{"allow":["GET"]}}],"collection":[{"href":"https:\/\/pulsschlag24.com\/da\/wp-json\/wp\/v2\/product"}],"about":[{"href":"https:\/\/pulsschlag24.com\/da\/wp-json\/wp\/v2\/types\/product"}],"replies":[{"embeddable":true,"href":"https:\/\/pulsschlag24.com\/da\/wp-json\/wp\/v2\/comments?post=5628"}],"wp:featuredmedia":[{"embeddable":true,"href":"https:\/\/pulsschlag24.com\/da\/wp-json\/wp\/v2\/media\/5631"}],"wp:attachment":[{"href":"https:\/\/pulsschlag24.com\/da\/wp-json\/wp\/v2\/media?parent=5628"}],"wp:term":[{"taxonomy":"product_brand","embeddable":true,"href":"https:\/\/pulsschlag24.com\/da\/wp-json\/wp\/v2\/product_brand?post=5628"},{"taxonomy":"product_cat","embeddable":true,"href":"https:\/\/pulsschlag24.com\/da\/wp-json\/wp\/v2\/product_cat?post=5628"},{"taxonomy":"product_tag","embeddable":true,"href":"https:\/\/pulsschlag24.com\/da\/wp-json\/wp\/v2\/product_tag?post=5628"}],"curies":[{"name":"wp","href":"https:\/\/api.w.org\/{rel}","templated":true}]}}