{"id":5311,"date":"2026-03-09T21:47:54","date_gmt":"2026-03-09T20:47:54","guid":{"rendered":"https:\/\/pulsschlag24.com\/?post_type=product&#038;p=5311"},"modified":"2026-04-22T14:00:06","modified_gmt":"2026-04-22T12:00:06","slug":"atacama-evoque-eco-65-60-se2-reference-hi-fi-reol-lys-bambus-kopie","status":"publish","type":"product","link":"https:\/\/pulsschlag24.com\/da\/produkt\/atacama-evoque-eco-65-60-se2-reference-hi-fi-reol-lys-bambus-kopie\/","title":{"rendered":"Atacama EVOQUE ECO 60\/50 SE2 Edition \u2013 Hi-Fi-rack \u2013 Lys eg"},"content":{"rendered":"<p>Atacama Evoque Eco 60-50 SE2 Massivt egetr\u00e6 Edition<\/p>\n<p>Oplev den ultimative fusion af kraftfuld lydisolerende teknologi og betagende design med Evoque Eco 60-50 SE2 massivt egetr\u00e6-rack. Dette specialfremstillede produkt er udviklet til kr\u00e6sne kunder, der \u00f8nsker de avancerede antiresonansegenskaber fra vores prisbel\u00f8nnede Evoque SE2 bambus-rack, men med den robuste dybde, \u00f8gede b\u00e6reevne og klassiske sk\u00f8nhed fra 40 mm tykt, massivt europ\u00e6isk egetr\u00e6. <\/p>\n<p>&nbsp;<\/p>\n<p>Hovedfordele<\/p>\n<p>H\u00f8jkvalitets massivt tr\u00e6: Fremstillet af specielt udvalgt, h\u00f8jdensitets, AA+-certificeret, massivt europ\u00e6isk egetr\u00e6. V\u00e6ksten i et k\u00f8ligere klima sikrer en overlegen Janka-h\u00e5rdhed, der overg\u00e5r den karboniserede bambus, der bruges i standard-Evoque. <\/p>\n<p>Milj\u00f8bevidst: Egetr\u00e6et er FSC- og PEFC-certificeret og leverer dermed op til vores milj\u00f8forpligtelse.<\/p>\n<p>\u00d8get b\u00e6reevne: Takket v\u00e6re ekstra dybde og forbedret b\u00e6reevne (38 kg pr. modul) giver denne reol optimal st\u00f8tte til selv de st\u00f8rste og tungeste high-end-lydkomponenter.<\/p>\n<p>H\u00e5ndlavet kvalitet: Hver reol bliver omhyggeligt forberedt og for\u00e6dlet af erfarne h\u00e5ndv\u00e6rkere for at sikre den h\u00f8jeste kvalitet. Modulerne bliver fremstillet p\u00e5 bestilling \u2013 vi anbefaler derfor, at du bestiller alle de n\u00f8dvendige moduler nu for at sikre en ensartet overfladekvalitet. <\/p>\n<p>&nbsp;<\/p>\n<p>Uovertruffen lydisolerings teknologi<\/p>\n<p>Solid Oak Edition kombinerer alle de revolutionerende, prisbel\u00f8nnede funktioner fra Evoque SE2 for at eliminere u\u00f8nsket resonans og maksimere ydeevnen p\u00e5 dine enheder:<\/p>\n<p>A.V.R.D.C. (Advanced Vectored Resonance Deflection Channels): Et banebrydende, flerdobbt buet geometrisk design, der er pr\u00e6cist indarbejdet i undersiden af hver hylde, neutraliserer h\u00f8jfrekvente harmoniske svingninger og leder dem til benene.<\/p>\n<p>A.S.I.S.T. (Atacama lydisoleringssystem): Der er integreret d\u00e6mpningspakninger i hvert modul for at reducere efterklang og isolere aluminiumsbenene.<\/p>\n<p>Mekanisk jordforbindelse: Forbedrede, koniske isolationsspidser af bronze maksimerer energioverf\u00f8rslen mellem modulerne og sikrer samtidig den n\u00f8dvendige isolering. P\u00e5 denne m\u00e5de kan resonanser ledes sikkert ned i jorden. <\/p>\n<p>Resonansafledning: \u00d8vre og nedre h\u00e6tter af aluminium med interne bolte giver en separat afledningsvej for u\u00f8nsket energi, der genereres af dine enheder.<\/p>\n<p>Optimerede ben: Mekanisk justerbare benl\u00e6ngder og valgfri modv\u00e6gte (forniklet bronze) g\u00f8r det muligt at finjustere resonansfrekvensen p\u00e5 dit rack for at opn\u00e5 en renere, mere naturlig lyd.<\/p>\n<p>Kontrol af st\u00e5ende b\u00f8lger: Afrundede kanter p\u00e5 siderne af egetr\u00e6spanelerne modvirker aktivt resonansenergien (st\u00e5ende b\u00f8lger) ved at lede den ind i A.V.R.D.C.-kanalerne.<\/p>\n","protected":false},"excerpt":{"rendered":"<p>\u2713 Stor belastbarhed og universel anvendelighed<br \/>\n\u2713 St\u00f8rre afl\u00e6gningsflade (600 mm x 500 mm) til st\u00f8rre hi-fi-komponenter<br \/>\n\u2713 Udvidede vektorielle resonansafb\u00f8jningskanaler<\/p>\n","protected":false},"featured_media":5342,"comment_status":"open","ping_status":"closed","template":"","meta":[],"product_brand":[],"product_cat":[245,252],"product_tag":[],"class_list":{"0":"post-5311","1":"product","2":"type-product","3":"status-publish","4":"has-post-thumbnail","6":"product_cat-hi-fi-racks-da","7":"product_cat-atacama-evoque-eco-da","8":"product_shipping_class-bis-30-kg-da","9":"pa_breite-aussen-600-mm-da","10":"pa_breite-innen-500-mm-da","11":"pa_farbe-der-saeulenmodule-silkesorte-soejler","12":"pa_holzfarbe-lys-eg","13":"pa_regalbrettstaerke-massiv-40-mm-bambus","14":"pa_tiefe-aussen-500-mm-da","15":"pa_tiefe-innen-400-mm-da","16":"tm-has-options","18":"first","19":"outofstock","20":"taxable","21":"shipping-taxable","22":"purchasable","23":"product-type-simple"},"_links":{"self":[{"href":"https:\/\/pulsschlag24.com\/da\/wp-json\/wp\/v2\/product\/5311","targetHints":{"allow":["GET"]}}],"collection":[{"href":"https:\/\/pulsschlag24.com\/da\/wp-json\/wp\/v2\/product"}],"about":[{"href":"https:\/\/pulsschlag24.com\/da\/wp-json\/wp\/v2\/types\/product"}],"replies":[{"embeddable":true,"href":"https:\/\/pulsschlag24.com\/da\/wp-json\/wp\/v2\/comments?post=5311"}],"wp:featuredmedia":[{"embeddable":true,"href":"https:\/\/pulsschlag24.com\/da\/wp-json\/wp\/v2\/media\/5342"}],"wp:attachment":[{"href":"https:\/\/pulsschlag24.com\/da\/wp-json\/wp\/v2\/media?parent=5311"}],"wp:term":[{"taxonomy":"product_brand","embeddable":true,"href":"https:\/\/pulsschlag24.com\/da\/wp-json\/wp\/v2\/product_brand?post=5311"},{"taxonomy":"product_cat","embeddable":true,"href":"https:\/\/pulsschlag24.com\/da\/wp-json\/wp\/v2\/product_cat?post=5311"},{"taxonomy":"product_tag","embeddable":true,"href":"https:\/\/pulsschlag24.com\/da\/wp-json\/wp\/v2\/product_tag?post=5311"}],"curies":[{"name":"wp","href":"https:\/\/api.w.org\/{rel}","templated":true}]}}