{"id":5266,"date":"2026-02-23T15:31:55","date_gmt":"2026-02-23T14:31:55","guid":{"rendered":"https:\/\/pulsschlag24.com\/?post_type=product&#038;p=5266"},"modified":"2026-02-24T12:39:16","modified_gmt":"2026-02-24T11:39:16","slug":"atacama-moseco-6-hoejttalerstativ-615-mm-sort-bundplade-i-lys-bambus-kopie","status":"publish","type":"product","link":"https:\/\/pulsschlag24.com\/da\/produkt\/atacama-moseco-6-hoejttalerstativ-615-mm-sort-bundplade-i-lys-bambus-kopie\/","title":{"rendered":"Atacama Moseco 6 \u2013 H\u00f8jttalerstativ \u2013 615 mm \u2013 sort &amp; bundplade i lys bambus &#8211; Udstiller"},"content":{"rendered":"<p>Det drejer sig om et s\u00e6t h\u00f8jttalerstativer fra vores udstilling i meget god stand.<\/p>\n<p>&nbsp;<\/p>\n<p>Disse h\u00f8jkvalitets h\u00f8jttalerstativer fra Atacama er specielt udviklet med henblik p\u00e5 design og konstruktion til kr\u00e6vende lydentusiaster.<br \/>\nStativerne er ekstremt stabile og minimerer overf\u00f8rslen af kabinetsvibrationer.<br \/>\nMed en h\u00f8jde p\u00e5 over 60 centimeter sikres en optimal placering af h\u00f8jttalerne.<br \/>\nKabler kan f\u00f8res gennem den bageste s\u00f8jle.<br \/>\nMoseco blev k\u00e5ret til \u00bbbedste h\u00f8jttalerstativ 2014 og 2015\u00ab af WHAT HIFI? SOUND og VISION-magasinet.<br \/>\nMoseco h\u00f8jttalerstativer kombinerer alle de \u00e6stetiske og lydm\u00e6ssige fordele ved bambus med tilpasningsevnen, styrken og stabiliteten af dobbeltkulstofst\u00e5lst\u00e6nger. Disse st\u00e6nger best\u00e5r af en 50 mm frontkolonne og en 28 mm bagkolonne, der tilbyder kabelh\u00e5ndteringsfunktioner.<br \/>\nMoseco h\u00f8jttalerstativerne ser ikke kun godt ud, men passer ogs\u00e5 perfekt til de prisbel\u00f8nnede Atacama Hifi Racks-serier Eris, Elite, Evoque Design Edition og Elara, b\u00e5de i farve og stil, og er et ideelt supplement til de fleste sm\u00e5 til mellemstore bogreolsh\u00f8jttalere.<br \/>\nFor dem, der \u00f8nsker at forbedre ydeevnen af deres h\u00f8jttalere yderligere, kan Moseco-stativerne f\u00e5 den forreste s\u00f8jle fyldt med lydd\u00e6mpende materiale (en spand med Atabite SMD-Z7.5HD er ideel til et par Moseco).   Det valgfri Atacama-pakke med massiv bundplader kan ogs\u00e5 bruges til at \u00f8ge v\u00e6gten og stabiliteten, hvis det er n\u00f8dvendigt.<\/p>\n<p>Farvevalget her er mat sort som standard, og bundpladerne leveres som standard i naturligt lyst bambus. Moseco-h\u00f8jttalerstativerne er fremstillet i Storbritannien.<br \/>\nBambus er et naturprodukt, s\u00e5 der kan forekomme mindre farveforskelle mellem pladerne, og farverne vil med tiden \u00bbmodnes\u00ab eller endda \u00e6ndre sig, hvis stativerne placeres i direkte sollys. Disse sm\u00e5 farve\u00e6ndringer kan ogs\u00e5 forekomme, hvis man fors\u00f8ger at kombinere et par Moseco h\u00f8jttalerstandere med et andet Atacama-produkt, der er baseret p\u00e5 bambus. Atacama k\u00f8ber alle bambusprodukter direkte fra b\u00e6redygtigt skovbrug.   <\/p>\n","protected":false},"excerpt":{"rendered":"<p>\u2713 Smukt design og fremragende forarbejdningskvalitet<br \/>\n\u2713 Stor belastbarhed og universel anvendelighed<br \/>\n\u2713 Fremstillet i Storbritannien<\/p>\n","protected":false},"featured_media":1434,"comment_status":"open","ping_status":"closed","template":"","meta":[],"product_brand":[],"product_cat":[243,255,260,267],"product_tag":[],"class_list":{"0":"post-5266","1":"product","2":"type-product","3":"status-publish","4":"has-post-thumbnail","6":"product_cat-b-varer","7":"product_cat-hoejttalerstativer","8":"product_cat-atacama-moseco-da","9":"product_cat-tilbud","10":"product_shipping_class-op-til-20-kg","11":"pa_basisplatte-b-x-t-240-mm-x-280-mm-da","12":"pa_belastung-pro-staender-75-kg-da","13":"pa_deckplatte-b-x-t-130-mm-x-170-mm-da","14":"pa_gesamthoehe-615-mm-da","15":"pa_holzfarbe-lys-bambus","16":"pa_material-farbe-basisplatte-lys-bambus","17":"pa_material-farbe-staender-mat-sort","18":"tm-has-options","20":"first","21":"instock","22":"sale","23":"taxable","24":"shipping-taxable","25":"purchasable","26":"product-type-simple"},"_links":{"self":[{"href":"https:\/\/pulsschlag24.com\/da\/wp-json\/wp\/v2\/product\/5266","targetHints":{"allow":["GET"]}}],"collection":[{"href":"https:\/\/pulsschlag24.com\/da\/wp-json\/wp\/v2\/product"}],"about":[{"href":"https:\/\/pulsschlag24.com\/da\/wp-json\/wp\/v2\/types\/product"}],"replies":[{"embeddable":true,"href":"https:\/\/pulsschlag24.com\/da\/wp-json\/wp\/v2\/comments?post=5266"}],"wp:featuredmedia":[{"embeddable":true,"href":"https:\/\/pulsschlag24.com\/da\/wp-json\/wp\/v2\/media\/1434"}],"wp:attachment":[{"href":"https:\/\/pulsschlag24.com\/da\/wp-json\/wp\/v2\/media?parent=5266"}],"wp:term":[{"taxonomy":"product_brand","embeddable":true,"href":"https:\/\/pulsschlag24.com\/da\/wp-json\/wp\/v2\/product_brand?post=5266"},{"taxonomy":"product_cat","embeddable":true,"href":"https:\/\/pulsschlag24.com\/da\/wp-json\/wp\/v2\/product_cat?post=5266"},{"taxonomy":"product_tag","embeddable":true,"href":"https:\/\/pulsschlag24.com\/da\/wp-json\/wp\/v2\/product_tag?post=5266"}],"curies":[{"name":"wp","href":"https:\/\/api.w.org\/{rel}","templated":true}]}}