{"id":5214,"date":"2026-02-11T09:14:04","date_gmt":"2026-02-11T08:14:04","guid":{"rendered":"https:\/\/pulsschlag24.com\/?post_type=product&#038;p=5214"},"modified":"2026-02-11T09:50:21","modified_gmt":"2026-02-11T08:50:21","slug":"viablue-ufo-absorber-50300-oe-35-mm-sort-4-stk-kopie","status":"publish","type":"product","link":"https:\/\/pulsschlag24.com\/da\/produkt\/viablue-ufo-absorber-50300-oe-35-mm-sort-4-stk-kopie\/","title":{"rendered":"ViaBlue TRI Spikes 50070 \u2013 \u00d8 35 mm \u2013 Sort \u2013 4 stk."},"content":{"rendered":"<p>Skr\u00e6ddersyet. Eksklusivt. Unik.<br \/>\nVIABLUE\u2122 TRI Spikes leder forstyrrende vibrationer v\u00e6k via tre spidser og forhindrer dermed overf\u00f8rsel til m\u00f8bler og overflader. De formfuldendte spidser sikrer en klar, ren og differentieret lyd. Et perfekt supplement til store h\u00f8jttalere og apparater som pladespillere og r\u00f8rforst\u00e6rkere.  <\/p>\n<p>Kompakt brillans<br \/>\n200 kg pr. s\u00e6t maksimal belastning<br \/>\n\u00d8 35 mm for at sk\u00e5ne gulve<br \/>\n2 belagte metalunderlag<br \/>\n3 indskruede spidser i rustfrit st\u00e5l<br \/>\n2-delt st\u00f8tteplade med indl\u00e6g i rustfrit st\u00e5l<\/p>\n<p>Intelligent h\u00f8jdejustering op til 1 mm<br \/>\nVIABLUE\u2122 h\u00f8jdejustering direkte mellem TRI-grundelementerne<br \/>\nLet justering takket v\u00e6re 30 mm fingevind<br \/>\nMeget h\u00f8j stabilitet takket v\u00e6re stor gevinddiameter<\/p>\n<p>Komfortabel placering og fastg\u00f8relse<br \/>\nEnkel positionering ved at placere under h\u00f8jttalere\/apparater<br \/>\nAlternativ skruefastg\u00f8relse i eksisterende gevind<br \/>\nSkruefastg\u00f8relse med ultraflade skruer M6 eller M8 og eventuelt indskruede m\u00f8trikker, f\u00e5s som ekstraudstyr<\/p>\n","protected":false},"excerpt":{"rendered":"<p>\u2713 Stor kontaktflade<br \/>\n\u2713 Forhindrer overf\u00f8rsel af forstyrrende vibrationer<br \/>\n\u2713 Sk\u00e5ner gulvoverflader<\/p>\n","protected":false},"featured_media":5216,"comment_status":"open","ping_status":"closed","template":"","meta":[],"product_brand":[],"product_cat":[1031,1032,1034],"product_tag":[],"class_list":{"0":"post-5214","1":"product","2":"type-product","3":"status-publish","4":"has-post-thumbnail","6":"product_cat-viablue","7":"product_cat-daemper","8":"product_cat-spikes-og-skiver","9":"product_shipping_class-op-til-2-kg","10":"pa_durchmesser-35-mm","11":"pa_farbe-sort","12":"pa_hoehe-192-202-mm","13":"pa_maximalbelastung-200-kg-4-stk","14":"tm-has-options","16":"first","17":"outofstock","18":"taxable","19":"shipping-taxable","20":"purchasable","21":"product-type-simple"},"_links":{"self":[{"href":"https:\/\/pulsschlag24.com\/da\/wp-json\/wp\/v2\/product\/5214","targetHints":{"allow":["GET"]}}],"collection":[{"href":"https:\/\/pulsschlag24.com\/da\/wp-json\/wp\/v2\/product"}],"about":[{"href":"https:\/\/pulsschlag24.com\/da\/wp-json\/wp\/v2\/types\/product"}],"replies":[{"embeddable":true,"href":"https:\/\/pulsschlag24.com\/da\/wp-json\/wp\/v2\/comments?post=5214"}],"wp:featuredmedia":[{"embeddable":true,"href":"https:\/\/pulsschlag24.com\/da\/wp-json\/wp\/v2\/media\/5216"}],"wp:attachment":[{"href":"https:\/\/pulsschlag24.com\/da\/wp-json\/wp\/v2\/media?parent=5214"}],"wp:term":[{"taxonomy":"product_brand","embeddable":true,"href":"https:\/\/pulsschlag24.com\/da\/wp-json\/wp\/v2\/product_brand?post=5214"},{"taxonomy":"product_cat","embeddable":true,"href":"https:\/\/pulsschlag24.com\/da\/wp-json\/wp\/v2\/product_cat?post=5214"},{"taxonomy":"product_tag","embeddable":true,"href":"https:\/\/pulsschlag24.com\/da\/wp-json\/wp\/v2\/product_tag?post=5214"}],"curies":[{"name":"wp","href":"https:\/\/api.w.org\/{rel}","templated":true}]}}