{"id":5185,"date":"2026-02-02T13:57:40","date_gmt":"2026-02-02T12:57:40","guid":{"rendered":"https:\/\/pulsschlag24.com\/?post_type=product&#038;p=5185"},"modified":"2026-02-02T14:58:33","modified_gmt":"2026-02-02T13:58:33","slug":"viablue-qtc-spikes-50010-sort-4-stk-kopie","status":"publish","type":"product","link":"https:\/\/pulsschlag24.com\/da\/produkt\/viablue-qtc-spikes-50010-sort-4-stk-kopie\/","title":{"rendered":"ViaBlue QTC XL Spikes 50088 &#8211; Sort &#8211; 4 stk."},"content":{"rendered":"<p>Skr\u00e6ddersyet. Eksklusivt. Unik.<br \/>\nVIABLUE\u2122 QTC-spikes forhindrer overf\u00f8rsel af forstyrrende vibrationer til m\u00f8bler og overflader og sikrer dermed en klar, ren og differentieret lyd. De formsk\u00f8nne spikes er et optimalt supplement til h\u00f8jttalere og apparater som pladespillere og r\u00f8rforst\u00e6rkere. <\/p>\n<p>QTC Spikes XL er i forhold til QTC Spikes beregnet til st\u00f8rre h\u00f8jttalere med h\u00f8jere v\u00e6gt og st\u00f8rre volumen. XL-skiverne p\u00e5 QTC Spikes XL er st\u00f8tteplader med en ekstra stor diameter p\u00e5 \u00d8 35 mm. <\/p>\n<p>Elegant perfektion<br \/>\n300 kg pr. s\u00e6t maksimal belastning<br \/>\n2 belagte metalunderstel, forbundet med en 20 mm fin gevind<br \/>\n3 mm h\u00f8jdejustering<\/p>\n<p>Intelligent h\u00f8jdejustering op til 3 mm<br \/>\nVIABLUE\u2122 h\u00f8jdejustering direkte mellem metalunderdelene<br \/>\nLet justering takket v\u00e6re 27 mm fingevind<br \/>\nMeget h\u00f8j stabilitet takket v\u00e6re stor gevinddiameter<\/p>\n<p>Komfortabel fastg\u00f8relse<br \/>\nEnkel montering ved hj\u00e6lp af skruer p\u00e5 h\u00f8jttaleren\/enheden med eksisterende gevind<br \/>\nSkrues fast med rustfri st\u00e5lskruer og eventuelt indskruede m\u00f8trikker, der f\u00e5s som ekstraudstyr<br \/>\nBrug vores originale VIABLUE\u2122 Spikes-tilbeh\u00f8r af h\u00f8j kvalitet<\/p>\n","protected":false},"excerpt":{"rendered":"<p>\u2713 Afledning af forstyrrende svingninger<br \/>\n\u2713 Samling og eliminering af vibrationer<br \/>\n\u2713 H\u00f8jdejustering direkte p\u00e5 de to spidskroppe<\/p>\n","protected":false},"featured_media":5200,"comment_status":"open","ping_status":"closed","template":"","meta":[],"product_brand":[],"product_cat":[1031,1034],"product_tag":[],"class_list":{"0":"post-5185","1":"product","2":"type-product","3":"status-publish","4":"has-post-thumbnail","6":"product_cat-viablue","7":"product_cat-spikes-og-skiver","8":"product_shipping_class-op-til-2-kg","9":"pa_durchmesser-48-mm","10":"pa_farbe-sort","11":"pa_hoehe-67-70-mm","12":"pa_maximalbelastung-300-kg-4-stk","13":"tm-has-options","15":"first","16":"outofstock","17":"taxable","18":"shipping-taxable","19":"purchasable","20":"product-type-simple"},"_links":{"self":[{"href":"https:\/\/pulsschlag24.com\/da\/wp-json\/wp\/v2\/product\/5185","targetHints":{"allow":["GET"]}}],"collection":[{"href":"https:\/\/pulsschlag24.com\/da\/wp-json\/wp\/v2\/product"}],"about":[{"href":"https:\/\/pulsschlag24.com\/da\/wp-json\/wp\/v2\/types\/product"}],"replies":[{"embeddable":true,"href":"https:\/\/pulsschlag24.com\/da\/wp-json\/wp\/v2\/comments?post=5185"}],"wp:featuredmedia":[{"embeddable":true,"href":"https:\/\/pulsschlag24.com\/da\/wp-json\/wp\/v2\/media\/5200"}],"wp:attachment":[{"href":"https:\/\/pulsschlag24.com\/da\/wp-json\/wp\/v2\/media?parent=5185"}],"wp:term":[{"taxonomy":"product_brand","embeddable":true,"href":"https:\/\/pulsschlag24.com\/da\/wp-json\/wp\/v2\/product_brand?post=5185"},{"taxonomy":"product_cat","embeddable":true,"href":"https:\/\/pulsschlag24.com\/da\/wp-json\/wp\/v2\/product_cat?post=5185"},{"taxonomy":"product_tag","embeddable":true,"href":"https:\/\/pulsschlag24.com\/da\/wp-json\/wp\/v2\/product_tag?post=5185"}],"curies":[{"name":"wp","href":"https:\/\/api.w.org\/{rel}","templated":true}]}}