{"id":5173,"date":"2026-01-20T12:07:05","date_gmt":"2026-01-20T11:07:05","guid":{"rendered":"https:\/\/pulsschlag24.com\/produkt\/viablue-erstatningsspidser-til-qtc-spikes-50031\/"},"modified":"2026-01-20T12:07:05","modified_gmt":"2026-01-20T11:07:05","slug":"viablue-erstatningsspidser-til-qtc-spikes-50031","status":"publish","type":"product","link":"https:\/\/pulsschlag24.com\/da\/produkt\/viablue-erstatningsspidser-til-qtc-spikes-50031\/","title":{"rendered":"ViaBlue erstatningsspidser til QTC Spikes 50031"},"content":{"rendered":"<p>VIABLUE\u2122 QTC rustfri st\u00e5lspidser, s\u00e5kaldte Peaks, tjener udelukkende som erstatning. QTC Spikes og QTC Spikes XL-s\u00e6t indeholder allerede Peaks. <\/p>\n","protected":false},"excerpt":{"rendered":"<p>\u2713 Anvendes som erstatning ved QTC-spidser<br \/>\n\u2713 Plug and Play<\/p>\n","protected":false},"featured_media":4878,"comment_status":"open","ping_status":"closed","template":"","meta":[],"product_brand":[],"product_cat":[1031,1049],"product_tag":[],"class_list":{"0":"post-5173","1":"product","2":"type-product","3":"status-publish","4":"has-post-thumbnail","6":"product_cat-viablue","7":"product_cat-tilbehoer-viablue","8":"product_shipping_class-op-til-2-kg","9":"pa_durchmesser-8-mm","10":"pa_hoehe-hoejde-125-mm-hvoraf-6-mm-er-synlige","11":"pa_maximalbelastung-200-kg-4-stk","12":"tm-no-options","14":"first","15":"outofstock","16":"taxable","17":"shipping-taxable","18":"purchasable","19":"product-type-simple"},"_links":{"self":[{"href":"https:\/\/pulsschlag24.com\/da\/wp-json\/wp\/v2\/product\/5173","targetHints":{"allow":["GET"]}}],"collection":[{"href":"https:\/\/pulsschlag24.com\/da\/wp-json\/wp\/v2\/product"}],"about":[{"href":"https:\/\/pulsschlag24.com\/da\/wp-json\/wp\/v2\/types\/product"}],"replies":[{"embeddable":true,"href":"https:\/\/pulsschlag24.com\/da\/wp-json\/wp\/v2\/comments?post=5173"}],"wp:featuredmedia":[{"embeddable":true,"href":"https:\/\/pulsschlag24.com\/da\/wp-json\/wp\/v2\/media\/4878"}],"wp:attachment":[{"href":"https:\/\/pulsschlag24.com\/da\/wp-json\/wp\/v2\/media?parent=5173"}],"wp:term":[{"taxonomy":"product_brand","embeddable":true,"href":"https:\/\/pulsschlag24.com\/da\/wp-json\/wp\/v2\/product_brand?post=5173"},{"taxonomy":"product_cat","embeddable":true,"href":"https:\/\/pulsschlag24.com\/da\/wp-json\/wp\/v2\/product_cat?post=5173"},{"taxonomy":"product_tag","embeddable":true,"href":"https:\/\/pulsschlag24.com\/da\/wp-json\/wp\/v2\/product_tag?post=5173"}],"curies":[{"name":"wp","href":"https:\/\/api.w.org\/{rel}","templated":true}]}}