{"id":5163,"date":"2026-01-20T11:13:19","date_gmt":"2026-01-20T10:13:19","guid":{"rendered":"https:\/\/pulsschlag24.com\/produkt\/viablue-rustfrit-staal-gevindadapter\/"},"modified":"2026-04-22T14:06:40","modified_gmt":"2026-04-22T12:06:40","slug":"viablue-rustfrit-staal-gevindadapter","status":"publish","type":"product","link":"https:\/\/pulsschlag24.com\/da\/produkt\/viablue-rustfrit-staal-gevindadapter\/","title":{"rendered":"ViaBlue rustfrit st\u00e5l gevindadapter"},"content":{"rendered":"<p>VIABLUE\u2122 rustfrit st\u00e5l gevindadapter og rustfrit st\u00e5l specialm\u00f8trikker bruges til fastg\u00f8relse af spikes og absorbere.<\/p>\n<p>Diameter Decreaser M6 rustfrit st\u00e5l bruges til centreret montering med M6 skruer i 8 mm huller i QTC spikes, TRI spikes og UFO XL absorbere.<\/p>\n<p>Spikes tilbeh\u00f8r<br \/>\nRustfrit st\u00e5l gevindadapter<\/p>\n<p>Samlet l\u00e6ngde pr. gevindadapter: 20 mm<br \/>\nGevindst\u00f8rrelse til spikes\/absorbere: M6<br \/>\nH\u00f8jde p\u00e5 M6 rustfrit st\u00e5l specialm\u00f8trik: 10 mm<br \/>\n\u00d8 p\u00e5 M6 rustfrit st\u00e5l specialm\u00f8trik: 10 mm<\/p>\n","protected":false},"excerpt":{"rendered":"<p>\u2713 Anvendes til montering og fastg\u00f8relse af pigge og absorbere<br \/>\n\u2713 Tilpasser ViaBlue-pigge og -absorbere til de allerede eksisterende komponenter<\/p>\n","protected":false},"featured_media":4874,"comment_status":"open","ping_status":"closed","template":"","meta":[],"product_brand":[1080],"product_cat":[1031,1049],"product_tag":[],"class_list":{"0":"post-5163","1":"product","2":"type-product","3":"status-publish","4":"has-post-thumbnail","6":"product_brand-viablue","7":"product_cat-viablue","8":"product_cat-tilbehoer-viablue","9":"product_shipping_class-op-til-2-kg","10":"tm-no-options","12":"first","13":"instock","14":"taxable","15":"shipping-taxable","16":"purchasable","17":"product-type-variable"},"_links":{"self":[{"href":"https:\/\/pulsschlag24.com\/da\/wp-json\/wp\/v2\/product\/5163","targetHints":{"allow":["GET"]}}],"collection":[{"href":"https:\/\/pulsschlag24.com\/da\/wp-json\/wp\/v2\/product"}],"about":[{"href":"https:\/\/pulsschlag24.com\/da\/wp-json\/wp\/v2\/types\/product"}],"replies":[{"embeddable":true,"href":"https:\/\/pulsschlag24.com\/da\/wp-json\/wp\/v2\/comments?post=5163"}],"wp:featuredmedia":[{"embeddable":true,"href":"https:\/\/pulsschlag24.com\/da\/wp-json\/wp\/v2\/media\/4874"}],"wp:attachment":[{"href":"https:\/\/pulsschlag24.com\/da\/wp-json\/wp\/v2\/media?parent=5163"}],"wp:term":[{"taxonomy":"product_brand","embeddable":true,"href":"https:\/\/pulsschlag24.com\/da\/wp-json\/wp\/v2\/product_brand?post=5163"},{"taxonomy":"product_cat","embeddable":true,"href":"https:\/\/pulsschlag24.com\/da\/wp-json\/wp\/v2\/product_cat?post=5163"},{"taxonomy":"product_tag","embeddable":true,"href":"https:\/\/pulsschlag24.com\/da\/wp-json\/wp\/v2\/product_tag?post=5163"}],"curies":[{"name":"wp","href":"https:\/\/api.w.org\/{rel}","templated":true}]}}