{"id":5154,"date":"2026-01-19T22:08:50","date_gmt":"2026-01-19T21:08:50","guid":{"rendered":"https:\/\/pulsschlag24.com\/produkt\/viablue-rocket-xl-kabelloefter-cable-lifter-50641-granit-2-stk\/"},"modified":"2026-01-19T22:08:50","modified_gmt":"2026-01-19T21:08:50","slug":"viablue-rocket-xl-kabelloefter-cable-lifter-50641-granit-2-stk","status":"publish","type":"product","link":"https:\/\/pulsschlag24.com\/da\/produkt\/viablue-rocket-xl-kabelloefter-cable-lifter-50641-granit-2-stk\/","title":{"rendered":"ViaBlue Rocket XL kabell\u00f8fter \/ Cable Lifter 50641 &#8211; Granit &#8211; 2 stk."},"content":{"rendered":"<p>Finjustering i perfektion<br \/>\nVIABLUE\u2122 ROCKET XL kabell\u00f8ftere beskytter kabler mod resonans og vibrationer. Ud over en visuelt tiltalende kabelf\u00f8ring undg\u00e5s dannelsen af kapaciteter mellem kabler og gulv. <\/p>\n<p>Massiv aluminiumskrop med h\u00f8j stabilitet<br \/>\nOverfladebehandling med slidst\u00e6rk bel\u00e6gning<br \/>\nStabilitet takket v\u00e6re h\u00f8j v\u00e6gt<br \/>\nInnovative VIABLUE\u2122 softpads for optimal skridsikkerhed<br \/>\nVIABLUE\u2122 softrings til fleksibel og vibrationsd\u00e6mpet opbevaring af kabler<\/p>\n<p>Et optimalt supplement til ethvert system<br \/>\nTil afkobling af kabler fra gulvet<br \/>\nReduktion af vibrationer i kablet<br \/>\nUndg\u00e5else af dannelse af kapaciteter mellem kabel og gulv<\/p>\n<p>Mange forskellige muligheder for kabelopbevaring<br \/>\nUFO DOME: 1 kabel med maks. \u00d8 30 mm<br \/>\nROCKET: 2 kabler med maks. \u00d8 20 mm<br \/>\nROCKET XL: 2 kabler med maks. \u00d8 30 mm   <\/p>\n<p>VIABLUE\u2122 kabell\u00f8ftere reducerer<br \/>\nforvr\u00e6ngninger og st\u00f8j<br \/>\nkoblingskapacitet i kabler<br \/>\np\u00e5virkninger fra forstyrrende felter fra gulve og v\u00e6gge<\/p>\n<p>Enkel installation og placering<br \/>\nVIABLUE\u2122 Cable Lifter placeres direkte under kablerne.<\/p>\n<p>Med kabelhejsene ROCKET og ROCKET XL er det muligt at installere kablerne p\u00e5 2 niveauer.<br \/>\nVed hj\u00e6lp af de medf\u00f8lgende softringe kan kablerne ogs\u00e5 fastg\u00f8res i midten.<\/p>\n<p>Maksimal \u00d8 78 mm<br \/>\nSamlet h\u00f8jde 128 mm<br \/>\nMaks. kabeloptagelse 2x \u00d8 30 mm<br \/>\nKabelh\u00e6vning min. 75 mm \/ maks. 107 mm<br \/>\nEnkeltv\u00e6gt 462 g<br \/>\nSamlet v\u00e6gt 2-pak inkl. emballage 1250 g<br \/>\nSamlet v\u00e6gt 8-pak inkl. emballage 5630 g     <\/p>\n","protected":false},"excerpt":{"rendered":"<p>\u2713 Reduktion af forvr\u00e6ngning og st\u00f8j<br \/>\n\u2713 Anvendes til kabelfrakobling fra gulvet<br \/>\n\u2713 Enkel installation<\/p>\n","protected":false},"featured_media":4934,"comment_status":"open","ping_status":"closed","template":"","meta":[],"product_brand":[],"product_cat":[1031,1043],"product_tag":[],"class_list":{"0":"post-5154","1":"product","2":"type-product","3":"status-publish","4":"has-post-thumbnail","6":"product_cat-viablue","7":"product_cat-kabelloefter-cable-lifter","8":"product_shipping_class-op-til-2-kg","9":"pa_durchmesser-78-mm","10":"pa_farbe-granit","11":"pa_hoehe-128-mm","12":"tm-has-options","14":"first","15":"outofstock","16":"taxable","17":"shipping-taxable","18":"purchasable","19":"product-type-simple"},"_links":{"self":[{"href":"https:\/\/pulsschlag24.com\/da\/wp-json\/wp\/v2\/product\/5154","targetHints":{"allow":["GET"]}}],"collection":[{"href":"https:\/\/pulsschlag24.com\/da\/wp-json\/wp\/v2\/product"}],"about":[{"href":"https:\/\/pulsschlag24.com\/da\/wp-json\/wp\/v2\/types\/product"}],"replies":[{"embeddable":true,"href":"https:\/\/pulsschlag24.com\/da\/wp-json\/wp\/v2\/comments?post=5154"}],"wp:featuredmedia":[{"embeddable":true,"href":"https:\/\/pulsschlag24.com\/da\/wp-json\/wp\/v2\/media\/4934"}],"wp:attachment":[{"href":"https:\/\/pulsschlag24.com\/da\/wp-json\/wp\/v2\/media?parent=5154"}],"wp:term":[{"taxonomy":"product_brand","embeddable":true,"href":"https:\/\/pulsschlag24.com\/da\/wp-json\/wp\/v2\/product_brand?post=5154"},{"taxonomy":"product_cat","embeddable":true,"href":"https:\/\/pulsschlag24.com\/da\/wp-json\/wp\/v2\/product_cat?post=5154"},{"taxonomy":"product_tag","embeddable":true,"href":"https:\/\/pulsschlag24.com\/da\/wp-json\/wp\/v2\/product_tag?post=5154"}],"curies":[{"name":"wp","href":"https:\/\/api.w.org\/{rel}","templated":true}]}}