{"id":5145,"date":"2026-01-19T11:19:22","date_gmt":"2026-01-19T10:19:22","guid":{"rendered":"https:\/\/pulsschlag24.com\/produkt\/viablue-qtc-skiver-50053-oe-16-mm-soelv-8-stk\/"},"modified":"2026-01-19T11:19:22","modified_gmt":"2026-01-19T10:19:22","slug":"viablue-qtc-skiver-50053-oe-16-mm-soelv-8-stk","status":"publish","type":"product","link":"https:\/\/pulsschlag24.com\/da\/produkt\/viablue-qtc-skiver-50053-oe-16-mm-soelv-8-stk\/","title":{"rendered":"ViaBlue QTC skiver 50053 &#8211; \u00d8 16 mm &#8211; s\u00f8lv &#8211; 8 stk."},"content":{"rendered":"<p>Basic Discs til QTC og HS<br \/>\nVIABLUE\u2122 Basic Discs fungerer kun som erstatning. Alle spikes-s\u00e6t indeholder allerede skiver. Alle her n\u00e6vnte disks kan bruges b\u00e5de til HS-spikes og til QTC-spikes.  <\/p>\n<p>\u00d8 16 mm<br \/>\nH\u00f8jkvalitets 2-delt st\u00f8tteplade<br \/>\nBelagt metalunderdel med indl\u00e6g<\/p>\n","protected":false},"excerpt":{"rendered":"<p>\u2713 sk\u00e5ner gulvoverflader<br \/>\n\u2713 ideel optagelse af VIABLUE-spikes fra HS- og QTC-serien<\/p>\n","protected":false},"featured_media":4818,"comment_status":"open","ping_status":"closed","template":"","meta":[],"product_brand":[],"product_cat":[1031,1034],"product_tag":[],"class_list":{"0":"post-5145","1":"product","2":"type-product","3":"status-publish","4":"has-post-thumbnail","6":"product_cat-viablue","7":"product_cat-spikes-og-skiver","8":"product_shipping_class-op-til-2-kg","9":"pa_durchmesser-16-mm","10":"pa_farbe-soelv","11":"pa_hoehe-45-mm","12":"pa_maximalbelastung-200-kg-8-stk","13":"tm-has-options","15":"first","16":"instock","17":"taxable","18":"shipping-taxable","19":"purchasable","20":"product-type-simple"},"_links":{"self":[{"href":"https:\/\/pulsschlag24.com\/da\/wp-json\/wp\/v2\/product\/5145","targetHints":{"allow":["GET"]}}],"collection":[{"href":"https:\/\/pulsschlag24.com\/da\/wp-json\/wp\/v2\/product"}],"about":[{"href":"https:\/\/pulsschlag24.com\/da\/wp-json\/wp\/v2\/types\/product"}],"replies":[{"embeddable":true,"href":"https:\/\/pulsschlag24.com\/da\/wp-json\/wp\/v2\/comments?post=5145"}],"wp:featuredmedia":[{"embeddable":true,"href":"https:\/\/pulsschlag24.com\/da\/wp-json\/wp\/v2\/media\/4818"}],"wp:attachment":[{"href":"https:\/\/pulsschlag24.com\/da\/wp-json\/wp\/v2\/media?parent=5145"}],"wp:term":[{"taxonomy":"product_brand","embeddable":true,"href":"https:\/\/pulsschlag24.com\/da\/wp-json\/wp\/v2\/product_brand?post=5145"},{"taxonomy":"product_cat","embeddable":true,"href":"https:\/\/pulsschlag24.com\/da\/wp-json\/wp\/v2\/product_cat?post=5145"},{"taxonomy":"product_tag","embeddable":true,"href":"https:\/\/pulsschlag24.com\/da\/wp-json\/wp\/v2\/product_tag?post=5145"}],"curies":[{"name":"wp","href":"https:\/\/api.w.org\/{rel}","templated":true}]}}