{"id":5142,"date":"2026-01-19T11:01:44","date_gmt":"2026-01-19T10:01:44","guid":{"rendered":"https:\/\/pulsschlag24.com\/produkt\/viablue-qtc-spikes-50010-sort-4-stk\/"},"modified":"2026-01-19T11:01:44","modified_gmt":"2026-01-19T10:01:44","slug":"viablue-qtc-spikes-50010-sort-4-stk","status":"publish","type":"product","link":"https:\/\/pulsschlag24.com\/da\/produkt\/viablue-qtc-spikes-50010-sort-4-stk\/","title":{"rendered":"ViaBlue QTC Spikes 50010 &#8211; Sort &#8211; 4 stk."},"content":{"rendered":"<p>Individuel. Eksklusiv. Unik.<br \/>\nVIABLUE\u2122 QTC-spikes forhindrer overf\u00f8rsel af forstyrrende vibrationer til m\u00f8bler og overflader og sikrer dermed en klar, ren og differentieret lyd. De formsk\u00f8nne spikes er et optimalt supplement til h\u00f8jttalere og apparater som pladespillere og r\u00f8rforst\u00e6rkere.   <\/p>\n<p>QTC-spikes indeholder VIABLUE\u2122-skiver, dvs. 2-delte underst\u00f8tningsplader med en stor diameter p\u00e5 \u00d8 25 mm. Disse sk\u00e5ner f.eks. parketgulve.<\/p>\n<p>Elegant perfektion<br \/>\n200 kg pr. s\u00e6t maksimal belastning<br \/>\n2 belagte metalunderstel, forbundet med en 20 mm fin gevind<br \/>\n2 mm h\u00f8jdejustering<\/p>\n<p>Intelligent h\u00f8jdejustering op til 2 mm<br \/>\nVIABLUE\u2122 h\u00f8jdejustering direkte mellem metalunderdelene<br \/>\nLet justering takket v\u00e6re 20 mm fingevind<br \/>\nMeget h\u00f8j stabilitet takket v\u00e6re stor gevinddiameter<\/p>\n<p>Komfortabel fastg\u00f8relse<br \/>\nEnkel montering ved hj\u00e6lp af skruer p\u00e5 h\u00f8jttaleren\/enheden med eksisterende gevind<br \/>\nSkruesamling med rustfri st\u00e5lskruer, gevindst\u00e6nger og eventuelt indskruede m\u00f8trikker, f\u00e5s som ekstraudstyr<\/p>\n","protected":false},"excerpt":{"rendered":"<p>\u2713 Afledning af forstyrrende svingninger<br \/>\n\u2713 Samling og eliminering af vibrationer<br \/>\n\u2713 H\u00f8jdejustering direkte p\u00e5 de to spidskroppe<\/p>\n","protected":false},"featured_media":4806,"comment_status":"open","ping_status":"closed","template":"","meta":[],"product_brand":[],"product_cat":[1031,1034],"product_tag":[],"class_list":{"0":"post-5142","1":"product","2":"type-product","3":"status-publish","4":"has-post-thumbnail","6":"product_cat-viablue","7":"product_cat-spikes-og-skiver","8":"product_shipping_class-op-til-2-kg","9":"pa_durchmesser-35-mm","10":"pa_farbe-sort","11":"pa_hoehe-475-495-mm","12":"pa_maximalbelastung-200-kg-4-stk","13":"tm-has-options","15":"first","16":"instock","17":"taxable","18":"shipping-taxable","19":"purchasable","20":"product-type-simple"},"_links":{"self":[{"href":"https:\/\/pulsschlag24.com\/da\/wp-json\/wp\/v2\/product\/5142","targetHints":{"allow":["GET"]}}],"collection":[{"href":"https:\/\/pulsschlag24.com\/da\/wp-json\/wp\/v2\/product"}],"about":[{"href":"https:\/\/pulsschlag24.com\/da\/wp-json\/wp\/v2\/types\/product"}],"replies":[{"embeddable":true,"href":"https:\/\/pulsschlag24.com\/da\/wp-json\/wp\/v2\/comments?post=5142"}],"wp:featuredmedia":[{"embeddable":true,"href":"https:\/\/pulsschlag24.com\/da\/wp-json\/wp\/v2\/media\/4806"}],"wp:attachment":[{"href":"https:\/\/pulsschlag24.com\/da\/wp-json\/wp\/v2\/media?parent=5142"}],"wp:term":[{"taxonomy":"product_brand","embeddable":true,"href":"https:\/\/pulsschlag24.com\/da\/wp-json\/wp\/v2\/product_brand?post=5142"},{"taxonomy":"product_cat","embeddable":true,"href":"https:\/\/pulsschlag24.com\/da\/wp-json\/wp\/v2\/product_cat?post=5142"},{"taxonomy":"product_tag","embeddable":true,"href":"https:\/\/pulsschlag24.com\/da\/wp-json\/wp\/v2\/product_tag?post=5142"}],"curies":[{"name":"wp","href":"https:\/\/api.w.org\/{rel}","templated":true}]}}