{"id":5139,"date":"2026-01-19T10:37:07","date_gmt":"2026-01-19T09:37:07","guid":{"rendered":"https:\/\/pulsschlag24.com\/produkt\/viablue-hs-spikes-50042-soelv-4-stk\/"},"modified":"2026-01-19T10:37:07","modified_gmt":"2026-01-19T09:37:07","slug":"viablue-hs-spikes-50042-soelv-4-stk","status":"publish","type":"product","link":"https:\/\/pulsschlag24.com\/da\/produkt\/viablue-hs-spikes-50042-soelv-4-stk\/","title":{"rendered":"ViaBlue HS Spikes 50042 &#8211; S\u00f8lv &#8211; 4 stk."},"content":{"rendered":"<p>Individuel. Eksklusiv. Unik.<br \/>\nVIABLUE\u2122 HS-spikes forhindrer overf\u00f8rsel af forstyrrende vibrationer til m\u00f8bler og overflader og sikrer dermed en klar, ren og differentieret lyd. De formsk\u00f8nne spikes er et optimalt supplement til h\u00f8jttalere og apparater som pladespillere og r\u00f8rforst\u00e6rkere.   <\/p>\n<p>Slank og pr\u00e6cis<br \/>\n100 kg pr. s\u00e6t maksimal belastning<br \/>\n2 belagte metalunderstel, forbundet med et 15 mm fint gevind<br \/>\n1 mm h\u00f8jdejustering<\/p>\n<p>Intelligent h\u00f8jdejustering op til 1 mm<br \/>\nVIABLUE\u2122 h\u00f8jdejustering direkte mellem metalunderdelene<br \/>\nLet justering takket v\u00e6re 15 mm fingevind<br \/>\nMeget h\u00f8j stabilitet takket v\u00e6re stor gevinddiameter<\/p>\n<p>Komfortabel fastg\u00f8relse<br \/>\nEnkel montering ved hj\u00e6lp af skruer p\u00e5 h\u00f8jttaleren\/enheden med eksisterende gevind<\/p>\n","protected":false},"excerpt":{"rendered":"<p>\u2713 Afledning af forstyrrende svingninger<br \/>\n\u2713 Samling og eliminering af vibrationer<br \/>\n\u2713 H\u00f8jdejustering direkte p\u00e5 de to spidskroppe<\/p>\n","protected":false},"featured_media":4794,"comment_status":"open","ping_status":"closed","template":"","meta":[],"product_brand":[],"product_cat":[1031,1034],"product_tag":[],"class_list":{"0":"post-5139","1":"product","2":"type-product","3":"status-publish","4":"has-post-thumbnail","6":"product_cat-viablue","7":"product_cat-spikes-og-skiver","8":"product_shipping_class-op-til-2-kg","9":"pa_durchmesser-20-mm-da","10":"pa_farbe-soelv","11":"pa_hoehe-358-368-mm","12":"pa_maximalbelastung-100-kg-4-stk","13":"tm-has-options","15":"first","16":"instock","17":"taxable","18":"shipping-taxable","19":"purchasable","20":"product-type-simple"},"_links":{"self":[{"href":"https:\/\/pulsschlag24.com\/da\/wp-json\/wp\/v2\/product\/5139","targetHints":{"allow":["GET"]}}],"collection":[{"href":"https:\/\/pulsschlag24.com\/da\/wp-json\/wp\/v2\/product"}],"about":[{"href":"https:\/\/pulsschlag24.com\/da\/wp-json\/wp\/v2\/types\/product"}],"replies":[{"embeddable":true,"href":"https:\/\/pulsschlag24.com\/da\/wp-json\/wp\/v2\/comments?post=5139"}],"wp:featuredmedia":[{"embeddable":true,"href":"https:\/\/pulsschlag24.com\/da\/wp-json\/wp\/v2\/media\/4794"}],"wp:attachment":[{"href":"https:\/\/pulsschlag24.com\/da\/wp-json\/wp\/v2\/media?parent=5139"}],"wp:term":[{"taxonomy":"product_brand","embeddable":true,"href":"https:\/\/pulsschlag24.com\/da\/wp-json\/wp\/v2\/product_brand?post=5139"},{"taxonomy":"product_cat","embeddable":true,"href":"https:\/\/pulsschlag24.com\/da\/wp-json\/wp\/v2\/product_cat?post=5139"},{"taxonomy":"product_tag","embeddable":true,"href":"https:\/\/pulsschlag24.com\/da\/wp-json\/wp\/v2\/product_tag?post=5139"}],"curies":[{"name":"wp","href":"https:\/\/api.w.org\/{rel}","templated":true}]}}