{"id":5137,"date":"2026-01-19T10:14:45","date_gmt":"2026-01-19T09:14:45","guid":{"rendered":"https:\/\/pulsschlag24.com\/produkt\/viablue-ufo-absorber-50300-oe-35-mm-soelv-4-stk\/"},"modified":"2026-01-21T11:24:40","modified_gmt":"2026-01-21T10:24:40","slug":"viablue-ufo-absorber-50300-oe-35-mm-soelv-4-stk","status":"publish","type":"product","link":"https:\/\/pulsschlag24.com\/da\/produkt\/viablue-ufo-absorber-50300-oe-35-mm-soelv-4-stk\/","title":{"rendered":"ViaBlue UFO Absorber 50302 &#8211; \u00d8 35mm &#8211; S\u00f8lv &#8211; 4 stk."},"content":{"rendered":"<p>Skr\u00e6ddersyet. Eksklusivt. Unik.<\/p>\n<p>VIABLUE\u2122 UFO Absorber er formsk\u00f8nne vibrationsd\u00e6mpere, der kan placeres med eller uden skruer direkte under svingende apparater. Takket v\u00e6re deres optimale tryk forhindrer st\u00f8dd\u00e6mpere overf\u00f8rslen af disse forstyrrende vibrationer til m\u00f8bler og overflader og sikrer dermed en klar, ren og differentieret lyd. Et optimalt supplement til h\u00f8jttalere og apparater som pladespillere og r\u00f8rforst\u00e6rkere.  <\/p>\n<p>Den perfekte base: St\u00f8dd\u00e6mper<\/p>\n<p>100 kg pr. s\u00e6t maksimal belastning<br \/>\nKompakt, belagt metalkrop<br \/>\n2 innovative VIABLUE\u2122 softpads pr. absorber<br \/>\nPlaceres direkte under h\u00f8jttalere\/apparater<\/p>\n<p>Komfortabel placering uden at beskadige gulvet<br \/>\nNem placering ved at stille den under h\u00f8jttalere\/apparater<br \/>\nBeskytter alle overflader, f.eks. parketgulve, takket v\u00e6re stor kontaktflade<\/p>\n<p>Absorberne er skruet fast for at give ekstra stabilitet.<\/p>\n","protected":false},"excerpt":{"rendered":"<p>\u2713 Stor kontaktflade<br \/>\n\u2713 Forhindrer overf\u00f8rsel af forstyrrende vibrationer<br \/>\n\u2713 Sk\u00e5ner gulvoverflader<\/p>\n","protected":false},"featured_media":4786,"comment_status":"open","ping_status":"closed","template":"","meta":[],"product_brand":[],"product_cat":[1031,1032],"product_tag":[],"class_list":{"0":"post-5137","1":"product","2":"type-product","3":"status-publish","4":"has-post-thumbnail","6":"product_cat-viablue","7":"product_cat-daemper","8":"product_shipping_class-op-til-2-kg","9":"pa_durchmesser-35-mm","10":"pa_farbe-soelv","11":"pa_hoehe-165-mm","12":"pa_maximalbelastung-100-kg-4-stk","13":"tm-has-options","15":"first","16":"instock","17":"taxable","18":"shipping-taxable","19":"purchasable","20":"product-type-simple"},"_links":{"self":[{"href":"https:\/\/pulsschlag24.com\/da\/wp-json\/wp\/v2\/product\/5137","targetHints":{"allow":["GET"]}}],"collection":[{"href":"https:\/\/pulsschlag24.com\/da\/wp-json\/wp\/v2\/product"}],"about":[{"href":"https:\/\/pulsschlag24.com\/da\/wp-json\/wp\/v2\/types\/product"}],"replies":[{"embeddable":true,"href":"https:\/\/pulsschlag24.com\/da\/wp-json\/wp\/v2\/comments?post=5137"}],"wp:featuredmedia":[{"embeddable":true,"href":"https:\/\/pulsschlag24.com\/da\/wp-json\/wp\/v2\/media\/4786"}],"wp:attachment":[{"href":"https:\/\/pulsschlag24.com\/da\/wp-json\/wp\/v2\/media?parent=5137"}],"wp:term":[{"taxonomy":"product_brand","embeddable":true,"href":"https:\/\/pulsschlag24.com\/da\/wp-json\/wp\/v2\/product_brand?post=5137"},{"taxonomy":"product_cat","embeddable":true,"href":"https:\/\/pulsschlag24.com\/da\/wp-json\/wp\/v2\/product_cat?post=5137"},{"taxonomy":"product_tag","embeddable":true,"href":"https:\/\/pulsschlag24.com\/da\/wp-json\/wp\/v2\/product_tag?post=5137"}],"curies":[{"name":"wp","href":"https:\/\/api.w.org\/{rel}","templated":true}]}}