{"id":3858,"date":"2025-05-05T14:36:11","date_gmt":"2025-05-05T12:36:11","guid":{"rendered":"https:\/\/pulsschlag24.com\/produkt\/atacama-evoque-eco-60-40-se2-hi-fi-rack-215-mm-niveau-lys-bambus\/"},"modified":"2025-12-09T10:52:55","modified_gmt":"2025-12-09T09:52:55","slug":"atacama-evoque-eco-60-40-se2-hi-fi-rack-215-mm-niveau-lys-bambus","status":"publish","type":"product","link":"https:\/\/pulsschlag24.com\/da\/produkt\/atacama-evoque-eco-60-40-se2-hi-fi-rack-215-mm-niveau-lys-bambus\/","title":{"rendered":"Atacama EVOQUE ECO 60\/40 SE2 \u2013 Hi-Fi-rack \u2013 215 mm niveau \u2013 lys bambus"},"content":{"rendered":"<p>EVOQUE ECO 60\/40 SE2 er teknologisk n\u00e6sten identisk med standardmodellen EVOQUE ECO 24\/16 &#8211; DESIGN EDITION og EVOQUE ECO 60\/40 SE &#8211; SPECIAL EDITION.<br \/>\nDen nye EVOQUE ECO 60\/40 SE2-serie fra Atacama bringer de seneste teknologiske forbedringer til den prisbel\u00f8nnede EVOQUE-serie og tilbyder yderligere fremskridt inden for afb\u00f8jningskanaler og design af benkomponenter i forhold til standard EVOQUE ECO 24\/16 &#8211; DESIGN EDITION og EVOQUE ECO 60\/40 SE &#8211; SPECIAL EDITION.<br \/>\nDe ekstra funktioner og fordele ved EVOQUE ECO 60\/40 SE2 omfatter forskellige opgraderinger i forhold til den tidligere SE &#8211; SPECIAL EDITION, s\u00e5som:<br \/>\nForbedrede mekanisk afstemte benl\u00e6ngder;<br \/>\nA.V.R.D.C = advanced vectorised resonance deflection channels;<br \/>\nAdvanced bronze isolation cone tips;<br \/>\nContoured bamboo panels on the side edge.<br \/>\nForresten: EVOQUE ECO 60\/40 SE2 har allerede vundet f\u00f8lgende pris: What Hifi Magazine \u00bbBest Equipment Rack\u00ab 2019 Award Winner.<br \/>\nAlle de tilg\u00e6ngelige benpakker med base, 165 mm, 215 mm og 265 mm h\u00f8jde leveres i en satin sort finish. Denne udgave matcher ogs\u00e5 det omfattende Atacama-sortiment af h\u00f8jttalerstandere.<br \/>\nEnhver kombination af hyldemoduler kan bruges og placeres p\u00e5 et basismodul op til en maksimal h\u00f8jde p\u00e5 1255 mm.<br \/>\nV\u00e6gtkapaciteten er ca. 30 kg pr. niveau.<br \/>\nEVOQUE ECO 60\/40 SE2 fremstilles i Storbritannien af Atacama og tager et par dage l\u00e6ngere at producere end almindelige lerm\u00f8bler p\u00e5 grund af den eksklusive forarbejdning af massiv bambus. Selv om vi har nok produkter p\u00e5 lager, kan der nogle gange v\u00e6re forsinkelser i leveringen &#8211; v\u00e6r opm\u00e6rksom p\u00e5 dette, n\u00e5r du bestiller dette specielle produkt.<br \/>\nBem\u00e6rk: P\u00e5 grund af dette produkts eksklusivitet kan der v\u00e6re forsinkelser i leveringen. Vi beder dig derfor om at kontakte os p\u00e5 forh\u00e5nd enten via telefon eller e-mail.<\/p>\n<p>Yderligere funktioner og fordele ved EVOQUE ECO 60\/40 SE2<br \/>\nSE2-opgradering sammenlignet med SE &#8211; Forbedrede mekanisk afstemte benl\u00e6ngder<br \/>\nBenl\u00e6ngderne er 5 mm l\u00e6ngere end standard EVOQUE ECO 60\/40 SE, hvilket yderligere reducerer resonansfrekvensen for hvert modul sammenlignet med en tilsvarende standard EVOQUE ECO 60\/40 SE.<br \/>\nSE2-opgradering sammenlignet med SE &#8211; A.V.R.D.C (Advanced Vectored Resonance Deflection Channel)<br \/>\nHvert bambusniveau har nye A.V.R.D.C = advanced vectored resonance deflection channels. A.V.R.D.C. er det tredimensionelle geometriske krumningsdesign, der er indarbejdet i undersiden af hvert planmodul. Dette nyudviklede multi-kurvem\u00f8nster neutraliserer den h\u00f8jfrekvente harmoniske energi ved at lede den v\u00e6k fra de underst\u00f8ttede enheder til benets jordingskomponenter. Hver kanal er sk\u00e5ret i en \u203aV\u2039-form og derefter buet for at lede den maksimale m\u00e6ngde energi, der kommer ind i hylden, lodret ind i en vandret akse mod benkomponenterne for at undg\u00e5 resonansfeedback og maksimere hvert moduls ydeevne.<br \/>\nSE2-opgradering i forhold til SE &#8211; Avancerede isoleringskonusspidser Fremstillet af bronze<br \/>\nMed s\u00e5 meget resonans rettet v\u00e6k fra bambussen er spidsens gr\u00e6nseflade nu blevet \u00e5bnet yderligere for at undg\u00e5 at indsn\u00e6vre denne energi og lade den sprede sig frit til gulvet. Disse nye pigge er l\u00e6ngere og formet til at maksimere overf\u00f8rslen af energi mellem hvert modul, samtidig med at de giver en vis grad af isolering. Atacama kalder dette for mekanisk jording.<br \/>\nSE2-opgradering i forhold til SE &#8211; Konturerede bambuspaneler p\u00e5 sidekanten<br \/>\nVed at tilf\u00f8je konturerede kanter til de to sideflader p\u00e5 hvert bambusmodul kan resonansenergi i form af st\u00e5ende b\u00f8lger undg\u00e5s og i stedet rettes mod de nye vekselstr\u00f8mskanaler, hvilket hj\u00e6lper p\u00e5 effektiviteten af hver hylde. N\u00e5r b\u00f8lgen preller af p\u00e5 kantoverfladen, \u00e6ndrer den fase. For b\u00f8lger, der skaber en st\u00e5ende b\u00f8lge, er den reflekterede b\u00f8lge et spejlbillede af den oprindelige. B\u00f8lgerne kombineres derefter. Hvis amplituden af de to b\u00f8lger har samme fortegn (begge positive \/ begge negative), l\u00e6gges de sammen til en b\u00f8lge med st\u00f8rre amplitude. Denne tilf\u00f8jelse er kendt som konstruktiv interferens. Konturering af sidekanter hj\u00e6lper med at undg\u00e5 dette.<\/p>\n","protected":false},"excerpt":{"rendered":"<p>\u2713 Enhver kombination af reolmoduler kan bruges<br \/>\n\u2713 Bedste forarbejdning af materialerne<br \/>\n\u2713 H\u00f8j b\u00e6reevne og universel brug<br \/>\n\u2713 Konturerede bambuspaneler p\u00e5 sidekanten<\/p>\n","protected":false},"featured_media":1274,"comment_status":"open","ping_status":"closed","template":"","meta":[],"product_brand":[],"product_cat":[252,267,245],"product_tag":[],"class_list":{"0":"post-3858","1":"product","2":"type-product","3":"status-publish","4":"has-post-thumbnail","6":"product_cat-atacama-evoque-eco-da","7":"product_cat-tilbud","8":"product_cat-hi-fi-racks-da","9":"product_shipping_class-op-til-10-kg","10":"pa_breite-aussen-600-mm-da","11":"pa_breite-innen-500-mm-da","12":"pa_farbe-der-saeulenmodule-silkesorte-soejler","13":"pa_hoehe-innen-innenlagerhoehe-215-mm-da","14":"pa_holzfarbe-lys-bambus","15":"pa_regalbrettstaerke-massiv-40-mm-bambus","16":"pa_tiefe-aussen-400-mm-da","17":"pa_tiefe-innen-300-mm-da","18":"tm-has-options","20":"first","21":"instock","22":"sale","23":"taxable","24":"shipping-taxable","25":"purchasable","26":"product-type-simple"},"_links":{"self":[{"href":"https:\/\/pulsschlag24.com\/da\/wp-json\/wp\/v2\/product\/3858","targetHints":{"allow":["GET"]}}],"collection":[{"href":"https:\/\/pulsschlag24.com\/da\/wp-json\/wp\/v2\/product"}],"about":[{"href":"https:\/\/pulsschlag24.com\/da\/wp-json\/wp\/v2\/types\/product"}],"replies":[{"embeddable":true,"href":"https:\/\/pulsschlag24.com\/da\/wp-json\/wp\/v2\/comments?post=3858"}],"wp:featuredmedia":[{"embeddable":true,"href":"https:\/\/pulsschlag24.com\/da\/wp-json\/wp\/v2\/media\/1274"}],"wp:attachment":[{"href":"https:\/\/pulsschlag24.com\/da\/wp-json\/wp\/v2\/media?parent=3858"}],"wp:term":[{"taxonomy":"product_brand","embeddable":true,"href":"https:\/\/pulsschlag24.com\/da\/wp-json\/wp\/v2\/product_brand?post=3858"},{"taxonomy":"product_cat","embeddable":true,"href":"https:\/\/pulsschlag24.com\/da\/wp-json\/wp\/v2\/product_cat?post=3858"},{"taxonomy":"product_tag","embeddable":true,"href":"https:\/\/pulsschlag24.com\/da\/wp-json\/wp\/v2\/product_tag?post=3858"}],"curies":[{"name":"wp","href":"https:\/\/api.w.org\/{rel}","templated":true}]}}