{"id":3765,"date":"2025-11-13T10:55:46","date_gmt":"2025-11-13T09:55:46","guid":{"rendered":"https:\/\/pulsschlag24.com\/?post_type=product&#038;p=3765"},"modified":"2025-11-13T11:14:28","modified_gmt":"2025-11-13T10:14:28","slug":"atacama-apollo-podium-benudskiftningspakke-150-mm-kopie","status":"publish","type":"product","link":"https:\/\/pulsschlag24.com\/da\/produkt\/atacama-apollo-podium-benudskiftningspakke-150-mm-kopie\/","title":{"rendered":"Atacama APOLLO \u2013 PODIUM \u2013 Ben-erstatningspakke \u2013 75 mm base"},"content":{"rendered":"<p>Beskrivelse:<\/p>\n<p>Apollo Podium-serien 75 mm basismodul (65 mm som reolmodul) Benh\u00f8jde-udskiftningss\u00e6t (naturlig eg eller m\u00f8rk eg)<br \/>\nVigtig bem\u00e6rkning: Dette benh\u00f8jde-udskiftningss\u00e6t er kun kompatibelt med f\u00f8lgende Apollo Podium-modeller i massivt egetr\u00e6:<\/p>\n<p>Apollo Podium 6<br \/>\nApollo Podium 10<\/p>\n<p>Ikke kompatibel med:<br \/>\nApollo Podium XL<br \/>\nAlle Podium-stativer fra HiFi Racks Ltd<\/p>\n<p>Produktets egenskaber:<\/p>\n<p>Erstatningsben til kompatible Apollo Podium 6 (enkelt bredde) og 10 (dobbelt bredde) modulreoler. IKKE EGNET TIL Podium-reoler fra HiFi Racks Ltd.<br \/>Med dette s\u00e6t kan benh\u00f8jden p\u00e5 en eksisterende reolmodul justeres. <\/p>\n<p>Leveringsomfang:<br \/>\nFire ydre ben af massivt egetr\u00e6, \u00f8verste skruer og M8 BZP-bundspidser<\/p>\n<p>S\u00e6ttet kr\u00e6ver genbrug:<br \/>\nDu skal genbruge Apollo Podium massivt tr\u00e6hylde i eg.<\/p>\n<p>Vigtig information:<\/p>\n<p>Den angivne h\u00f8jde p\u00e5 75 mm under basismodulet svarer til det indvendige m\u00e5l med monterede f\u00f8dder og ved brug af de medf\u00f8lgende BZP-gulvspidser. Dette modul kan bruges som reolmodul. Ved brug af de kortere standardreolspidser reduceres den indvendige h\u00f8jde til 65 mm.<br \/>M\u00e5l p\u00e5 tr\u00e6blokken (uden spidser): H x B x D 55 mm x 40 mm x 40 mm  <\/p>\n<p>Massivt egetr\u00e6 er et naturprodukt. Farve og \u00e5rer varierer fra stykke til stykke og kan m\u00f8rkne med tiden som f\u00f8lge af naturlig \u00e6ldning. <\/p>\n","protected":false},"excerpt":{"rendered":"<p>\u2713 Benudskiftningss\u00e6t med 4 stk.<br \/>\n\u2713 Passer til Apollo \u2013 Podium 6 og Apollo \u2013 Podium 10 hi-fi-stativer<\/p>\n","protected":false},"featured_media":3769,"comment_status":"open","ping_status":"closed","template":"","meta":[],"product_brand":[],"product_cat":[272,269],"product_tag":[],"class_list":{"0":"post-3765","1":"product","2":"type-product","3":"status-publish","4":"has-post-thumbnail","6":"product_cat-tilbehoer-hi-fi-racks","7":"product_cat-tilbehoer","8":"product_shipping_class-op-til-5-kg","9":"tm-no-options","11":"first","12":"instock","13":"taxable","14":"shipping-taxable","15":"purchasable","16":"product-type-variable"},"_links":{"self":[{"href":"https:\/\/pulsschlag24.com\/da\/wp-json\/wp\/v2\/product\/3765","targetHints":{"allow":["GET"]}}],"collection":[{"href":"https:\/\/pulsschlag24.com\/da\/wp-json\/wp\/v2\/product"}],"about":[{"href":"https:\/\/pulsschlag24.com\/da\/wp-json\/wp\/v2\/types\/product"}],"replies":[{"embeddable":true,"href":"https:\/\/pulsschlag24.com\/da\/wp-json\/wp\/v2\/comments?post=3765"}],"wp:featuredmedia":[{"embeddable":true,"href":"https:\/\/pulsschlag24.com\/da\/wp-json\/wp\/v2\/media\/3769"}],"wp:attachment":[{"href":"https:\/\/pulsschlag24.com\/da\/wp-json\/wp\/v2\/media?parent=3765"}],"wp:term":[{"taxonomy":"product_brand","embeddable":true,"href":"https:\/\/pulsschlag24.com\/da\/wp-json\/wp\/v2\/product_brand?post=3765"},{"taxonomy":"product_cat","embeddable":true,"href":"https:\/\/pulsschlag24.com\/da\/wp-json\/wp\/v2\/product_cat?post=3765"},{"taxonomy":"product_tag","embeddable":true,"href":"https:\/\/pulsschlag24.com\/da\/wp-json\/wp\/v2\/product_tag?post=3765"}],"curies":[{"name":"wp","href":"https:\/\/api.w.org\/{rel}","templated":true}]}}