{"id":3739,"date":"2025-11-13T10:17:13","date_gmt":"2025-11-13T09:17:13","guid":{"rendered":"https:\/\/pulsschlag24.com\/?post_type=product&#038;p=3739"},"modified":"2025-11-13T10:48:35","modified_gmt":"2025-11-13T09:48:35","slug":"atacama-apollo-storm-benudskiftningspakke-135-mm-sort-kopie-kopie","status":"publish","type":"product","link":"https:\/\/pulsschlag24.com\/da\/produkt\/atacama-apollo-storm-benudskiftningspakke-135-mm-sort-kopie-kopie\/","title":{"rendered":"Atacama APOLLO \u2013 PODIUM \u2013 Benudskiftningspakke \u2013 200 mm"},"content":{"rendered":"<p>Beskrivelse:<\/p>\n<p>Apollo Podium-serien \u2013 h\u00f8jdejusterbare ben (naturlig eg eller m\u00f8rk eg)<br \/>\nVigtig bem\u00e6rkning: Dette s\u00e6t er kun kompatibelt med f\u00f8lgende Apollo Podium-modeller i massivt tr\u00e6:<\/p>\n<p>Apollo Podium 6<br \/>\nApollo Podium 10<\/p>\n<p>Ikke kompatibel med:<br \/>\nApollo Podium XL<br \/>\nAlle Podium-stativer fra HiFi Racks Ltd<\/p>\n<p>Produktets egenskaber:<\/p>\n<p>Erstatningsben til de kompatible modul\u00e6re stativer Apollo Podium 6 (enkelt bredde) og 10 (dobbelt bredde). IKKE EGNET TIL PODIUM-STAVER FRA HIFI RACKS LTD.<br \/>\n\u00c6ndrer benh\u00f8jden p\u00e5 et eksisterende reolmodul.<br \/>\nTilg\u00e6ngelige benh\u00f8jder (anvendelig plads efter montering):<br \/>\nStandardmuligheder: 150 mm, 200 mm og 250 mm efter fuldst\u00e6ndig montering. <\/p>\n<p>Bem\u00e6rk:<\/p>\n<p>De angivne h\u00f8jder refererer til de indvendige m\u00e5l med monterede ben.<\/p>\n<p>Pris: Bem\u00e6rk: Prisen for 150 mm-, 200 mm- og 250 mm-varianterne g\u00e6lder kun for fire ydre ben. Alle andre komponenter skal genbruges fra dit eksisterende reolsystem. <\/p>\n<p>Massivt egetr\u00e6 er et naturprodukt. Farve og \u00e5rer varierer fra stykke til stykke og kan m\u00f8rkne med tiden som f\u00f8lge af naturlig \u00e6ldning. <\/p>\n","protected":false},"excerpt":{"rendered":"<p>\u2713 Benudskiftningss\u00e6t med 4 stk.<br \/>\n\u2713 Passer til Apollo \u2013 Podium 6 og Apollo \u2013 Podium 10 hi-fi-stativer<\/p>\n","protected":false},"featured_media":3716,"comment_status":"open","ping_status":"closed","template":"","meta":[],"product_brand":[],"product_cat":[269,272],"product_tag":[],"class_list":{"0":"post-3739","1":"product","2":"type-product","3":"status-publish","4":"has-post-thumbnail","6":"product_cat-tilbehoer","7":"product_cat-tilbehoer-hi-fi-racks","8":"product_shipping_class-op-til-5-kg","9":"tm-no-options","11":"first","12":"instock","13":"taxable","14":"shipping-taxable","15":"purchasable","16":"product-type-variable"},"_links":{"self":[{"href":"https:\/\/pulsschlag24.com\/da\/wp-json\/wp\/v2\/product\/3739","targetHints":{"allow":["GET"]}}],"collection":[{"href":"https:\/\/pulsschlag24.com\/da\/wp-json\/wp\/v2\/product"}],"about":[{"href":"https:\/\/pulsschlag24.com\/da\/wp-json\/wp\/v2\/types\/product"}],"replies":[{"embeddable":true,"href":"https:\/\/pulsschlag24.com\/da\/wp-json\/wp\/v2\/comments?post=3739"}],"wp:featuredmedia":[{"embeddable":true,"href":"https:\/\/pulsschlag24.com\/da\/wp-json\/wp\/v2\/media\/3716"}],"wp:attachment":[{"href":"https:\/\/pulsschlag24.com\/da\/wp-json\/wp\/v2\/media?parent=3739"}],"wp:term":[{"taxonomy":"product_brand","embeddable":true,"href":"https:\/\/pulsschlag24.com\/da\/wp-json\/wp\/v2\/product_brand?post=3739"},{"taxonomy":"product_cat","embeddable":true,"href":"https:\/\/pulsschlag24.com\/da\/wp-json\/wp\/v2\/product_cat?post=3739"},{"taxonomy":"product_tag","embeddable":true,"href":"https:\/\/pulsschlag24.com\/da\/wp-json\/wp\/v2\/product_tag?post=3739"}],"curies":[{"name":"wp","href":"https:\/\/api.w.org\/{rel}","templated":true}]}}