{"id":3649,"date":"2025-11-10T13:05:22","date_gmt":"2025-11-10T12:05:22","guid":{"rendered":"https:\/\/pulsschlag24.com\/?post_type=product&#038;p=3649"},"modified":"2026-04-22T13:59:58","modified_gmt":"2026-04-22T11:59:58","slug":"atacama-apollo-storm-3-hi-fi-rack-lys-eg-kopie","status":"publish","type":"product","link":"https:\/\/pulsschlag24.com\/da\/produkt\/atacama-apollo-storm-3-hi-fi-rack-lys-eg-kopie\/","title":{"rendered":"Atacama EVOQUE ECO 35\/40 \u2013 Hi-Fi-reol \u2013 lys bambus"},"content":{"rendered":"<p>Vi pr\u00e6senterer Atacama Evoque Eco 35-40 COMPACT HiFi-rack i lys bambus.<\/p>\n<p>Den angivne pris g\u00e6lder for et 4-trins rack.<\/p>\n<p>Ideel til kompakte hi-fi-enheder<br \/>\nEvoque Eco 35-40 COMPACT er specielt udviklet til kompakte hi-fi-enheder og tilbyder samme tekniske ydeevne som den prisbel\u00f8nnede Evoque Eco 60-40, men i et mindre format.<\/p>\n<p>Hovedtr\u00e6k:<br \/>\n&#8211; B\u00e6reevne op til 30 kg pr. hylde<br \/>\n&#8211; 40 mm tykke hylder af karboniseret bambus for optimal vibrationsd\u00e6mpning<br \/>\n&#8211; Tre udskiftelige benh\u00f8jder<\/p>\n<p>Ben:<br \/>\n&#8211; Dobbelt A.S.I.S.T.-f\u00f8dder St\u00f8dd\u00e6mpende pakninger<br \/>\n&#8211; Gevindbolte af kulstofst\u00e5l<br \/>\n&#8211; Jordforbindelse af aluminium i luftfartskvalitet<br \/>\n&#8211; 8 mm forniklede, justerbare pigge<\/p>\n<p>Milj\u00f8venlig og etisk forsvarlig<br \/>\nFremstillet af hurtigt voksende, pesticidfri bambus<\/p>\n<p>Klimaneutral produktion og levering:<br \/>\n&#8211; Bambussen stammer fra etisk forsvarlig oprindelse fra en enkelt leverand\u00f8r uden for Kina<br \/>\n&#8211; H\u00e5ndlavet i Storbritannien<\/p>\n<p>Bem\u00e6rk venligst:<br \/>\nBambus er et naturprodukt \u2013 der kan forekomme afvigelser i \u00e5rer og farve.<br \/>\nFarven kan blive m\u00f8rkere med tiden (normal modningsproces).<br \/>\nBillederne er taget i studiet og gengiver muligvis ikke den faktiske farve perfekt.<\/p>\n","protected":false},"excerpt":{"rendered":"<p>\u2713 alle kombinationer af reolmoduler kan bruges<br \/>\n\u2713 bedste forarbejdning af materialer<br \/>\n\u2713 st\u00e6rk b\u00e6reevne og universelt anvendelig<br \/>\n\u2713 designet og fremstillet i Storbritannien<\/p>\n","protected":false},"featured_media":3657,"comment_status":"open","ping_status":"closed","template":"","meta":[],"product_brand":[],"product_cat":[245,252],"product_tag":[],"class_list":{"0":"post-3649","1":"product","2":"type-product","3":"status-publish","4":"has-post-thumbnail","6":"product_cat-hi-fi-racks-da","7":"product_cat-atacama-evoque-eco-da","8":"product_shipping_class-bis-30-kg-da","9":"pa_breite-aussen-350-mm","10":"pa_breite-innen-250-mm","11":"pa_farbe-der-saeulenmodule-silkesorte-soejler","12":"pa_holzfarbe-lys-bambus","13":"pa_regalbrettstaerke-massiv-40-mm-bambus","14":"pa_tiefe-aussen-400-mm-da","15":"pa_tiefe-innen-300-mm-da","16":"tm-has-options","18":"first","19":"instock","20":"taxable","21":"shipping-taxable","22":"purchasable","23":"product-type-simple"},"_links":{"self":[{"href":"https:\/\/pulsschlag24.com\/da\/wp-json\/wp\/v2\/product\/3649","targetHints":{"allow":["GET"]}}],"collection":[{"href":"https:\/\/pulsschlag24.com\/da\/wp-json\/wp\/v2\/product"}],"about":[{"href":"https:\/\/pulsschlag24.com\/da\/wp-json\/wp\/v2\/types\/product"}],"replies":[{"embeddable":true,"href":"https:\/\/pulsschlag24.com\/da\/wp-json\/wp\/v2\/comments?post=3649"}],"wp:featuredmedia":[{"embeddable":true,"href":"https:\/\/pulsschlag24.com\/da\/wp-json\/wp\/v2\/media\/3657"}],"wp:attachment":[{"href":"https:\/\/pulsschlag24.com\/da\/wp-json\/wp\/v2\/media?parent=3649"}],"wp:term":[{"taxonomy":"product_brand","embeddable":true,"href":"https:\/\/pulsschlag24.com\/da\/wp-json\/wp\/v2\/product_brand?post=3649"},{"taxonomy":"product_cat","embeddable":true,"href":"https:\/\/pulsschlag24.com\/da\/wp-json\/wp\/v2\/product_cat?post=3649"},{"taxonomy":"product_tag","embeddable":true,"href":"https:\/\/pulsschlag24.com\/da\/wp-json\/wp\/v2\/product_tag?post=3649"}],"curies":[{"name":"wp","href":"https:\/\/api.w.org\/{rel}","templated":true}]}}