{"id":3622,"date":"2025-11-10T10:11:40","date_gmt":"2025-11-10T09:11:40","guid":{"rendered":"https:\/\/pulsschlag24.com\/?post_type=product&#038;p=3622"},"modified":"2026-04-22T13:59:36","modified_gmt":"2026-04-22T11:59:36","slug":"atacama-elite-eco-24-reference-series-hi-fi-reol-lys-bambus-kopie-kopie","status":"publish","type":"product","link":"https:\/\/pulsschlag24.com\/da\/produkt\/atacama-elite-eco-24-reference-series-hi-fi-reol-lys-bambus-kopie-kopie\/","title":{"rendered":"Atacama APOLLO \u2013 STORM 3 \u2013 Hi-Fi-rack \u2013 M\u00f8rk eg"},"content":{"rendered":"<p>Vi pr\u00e6senterer Apollo Storm 3 (m\u00f8rk eg) kompakt hi-fi-rack.<\/p>\n<p>Den angivne pris g\u00e6lder for et 4-trins rack.<\/p>\n<p>F\u00e5 en bedre lydoplevelse med Apollo Storm 3, et modul\u00e6rt hi-fi-rack, der er perfekt til kompakte hi-fi-komponenter.<\/p>\n<p>Udviklet til fremragende lyd:<\/p>\n<p>\u2022 Pr\u00e6cisionsfremstilling: Hvert reolmodul er pr\u00e6cist CNC-fr\u00e6set for perfekt pasform og optimal ydeevne.<br \/>\n\u2022 H\u00e5ndlavet kvalitet: Erfarne h\u00e5ndv\u00e6rkere s\u00f8rger for et tiltalende udseende, der passer harmonisk ind i din indretning.<br \/>\n\u2022 Isolationsteknologi: Flerlagsisolering med polymerskiver, messingindsatser og justerbare st\u00e5lspidser minimerer resonanser og eksterne vibrationer og leverer dermed den reneste lyd.<br \/>\n\u2022 Konstruktion uden forsinkelser: Konstruktionen af massivt h\u00e5rdttr\u00e6skomposit (27 mm) giver enest\u00e5ende stabilitet og resonansd\u00e6mpning.<\/p>\n<p>Naturlig sk\u00f8nhed:<\/p>\n<p>Konstruktionen i massivt egetr\u00e6 giver reolen et strejf af elegance. De naturlige variationer i farve og \u00e5rer g\u00f8r hver reol til et unikt stykke. Bem\u00e6rk, at egetr\u00e6 m\u00f8rkner med tiden, is\u00e6r ved uds\u00e6ttelse for sollys.  <\/p>\n<p>Apollo Storm 3, der er udviklet og produceret i Storbritannien, er det perfekte valg for audiofile, der forventer h\u00f8jeste ydeevne og tidl\u00f8st design til kompakte hi-fi-komponenter.<\/p>\n<p>Udviklet og fremstillet i Storbritannien.<\/p>\n","protected":false},"excerpt":{"rendered":"<p>\u2713 alle kombinationer af reolmoduler kan bruges<br \/>\n\u2713 bedste forarbejdning af materialer<br \/>\n\u2713 st\u00e6rk b\u00e6reevne og universelt anvendelig<br \/>\n\u2713 designet og fremstillet i Storbritannien<\/p>\n","protected":false},"featured_media":3624,"comment_status":"open","ping_status":"closed","template":"","meta":[],"product_brand":[],"product_cat":[245,246],"product_tag":[],"class_list":{"0":"post-3622","1":"product","2":"type-product","3":"status-publish","4":"has-post-thumbnail","6":"product_cat-hi-fi-racks-da","7":"product_cat-atacama-apollo-da","8":"product_shipping_class-bis-30-kg-da","9":"pa_breite-aussen-325-mm","10":"pa_breite-innen-245-mm","11":"pa_farbe-der-saeulenmodule-silkesorte-soejler","12":"pa_holzfarbe-moerk-eg","13":"pa_regalbrettstaerke-massiv-27-mm-eg","14":"pa_tiefe-aussen-400-mm-da","15":"pa_tiefe-innen-320-mm","16":"tm-has-options","18":"first","19":"outofstock","20":"taxable","21":"shipping-taxable","22":"purchasable","23":"product-type-simple"},"_links":{"self":[{"href":"https:\/\/pulsschlag24.com\/da\/wp-json\/wp\/v2\/product\/3622","targetHints":{"allow":["GET"]}}],"collection":[{"href":"https:\/\/pulsschlag24.com\/da\/wp-json\/wp\/v2\/product"}],"about":[{"href":"https:\/\/pulsschlag24.com\/da\/wp-json\/wp\/v2\/types\/product"}],"replies":[{"embeddable":true,"href":"https:\/\/pulsschlag24.com\/da\/wp-json\/wp\/v2\/comments?post=3622"}],"wp:featuredmedia":[{"embeddable":true,"href":"https:\/\/pulsschlag24.com\/da\/wp-json\/wp\/v2\/media\/3624"}],"wp:attachment":[{"href":"https:\/\/pulsschlag24.com\/da\/wp-json\/wp\/v2\/media?parent=3622"}],"wp:term":[{"taxonomy":"product_brand","embeddable":true,"href":"https:\/\/pulsschlag24.com\/da\/wp-json\/wp\/v2\/product_brand?post=3622"},{"taxonomy":"product_cat","embeddable":true,"href":"https:\/\/pulsschlag24.com\/da\/wp-json\/wp\/v2\/product_cat?post=3622"},{"taxonomy":"product_tag","embeddable":true,"href":"https:\/\/pulsschlag24.com\/da\/wp-json\/wp\/v2\/product_tag?post=3622"}],"curies":[{"name":"wp","href":"https:\/\/api.w.org\/{rel}","templated":true}]}}