{"id":3549,"date":"2025-10-25T22:38:10","date_gmt":"2025-10-25T20:38:10","guid":{"rendered":"https:\/\/pulsschlag24.com\/?post_type=product&#038;p=3549"},"modified":"2025-10-27T14:05:05","modified_gmt":"2025-10-27T13:05:05","slug":"wbt-0661-cu-nextgen-kabelsko-6-mm-gaffel-rent-kobber-4-stk-2x-roed-2x-hvid-kopie-kopie-kopie","status":"publish","type":"product","link":"https:\/\/pulsschlag24.com\/da\/produkt\/wbt-0661-cu-nextgen-kabelsko-6-mm-gaffel-rent-kobber-4-stk-2x-roed-2x-hvid-kopie-kopie-kopie\/","title":{"rendered":"Audio Selection skiver &#8211; \u00d8 30 mm &#8211; s\u00f8lv &#8211; 8 stk."},"content":{"rendered":"<p>AUDIO SELECTION Discs, de praktiske underlagsskiver til spikes og kegler.<\/p>\n<p>sikrer et sikkert fodf\u00e6ste, ogs\u00e5 takket v\u00e6re undersiden med skridsikre egenskaber<br \/>\nforhindrer ridser og skader p\u00e5 gulvet eller hi-fi-reolen<br \/>\nbeskytter apparaternes eller h\u00f8jttalernes spidser eller kegler mod skader<br \/>\nkan kombineres med alle spidser og keglesystemer<\/p>\n<ul>\n<li>Disk \u00d8 = 30mm<\/li>\n<li>H\u00f8jde: 7 mm<\/li>\n<li>Maksimal belastbarhed pr. 12 kg pr. stk.<\/li>\n<\/ul>\n","protected":false},"excerpt":{"rendered":"<p>\u2713 forhindrer ridser og skader p\u00e5 gulvet<br \/>\n\u2713 kan kombineres med alle spikes og keglesystemer<br \/>\n\u2713 sikrer et sikkert fodf\u00e6ste<\/p>\n","protected":false},"featured_media":3523,"comment_status":"open","ping_status":"closed","template":"","meta":[],"product_brand":[],"product_cat":[705,706],"product_tag":[],"class_list":{"0":"post-3549","1":"product","2":"type-product","3":"status-publish","4":"has-post-thumbnail","6":"product_cat-audio-selection-2","7":"product_cat-skiver","8":"product_shipping_class-op-til-2-kg","9":"pa_durchmesser-30-mm","10":"pa_farbe-soelv","11":"pa_hoehe-7-mm","12":"pa_maximalbelastung-48-kg-4-stk","13":"tm-has-options","15":"first","16":"instock","17":"taxable","18":"shipping-taxable","19":"purchasable","20":"product-type-simple"},"_links":{"self":[{"href":"https:\/\/pulsschlag24.com\/da\/wp-json\/wp\/v2\/product\/3549","targetHints":{"allow":["GET"]}}],"collection":[{"href":"https:\/\/pulsschlag24.com\/da\/wp-json\/wp\/v2\/product"}],"about":[{"href":"https:\/\/pulsschlag24.com\/da\/wp-json\/wp\/v2\/types\/product"}],"replies":[{"embeddable":true,"href":"https:\/\/pulsschlag24.com\/da\/wp-json\/wp\/v2\/comments?post=3549"}],"wp:featuredmedia":[{"embeddable":true,"href":"https:\/\/pulsschlag24.com\/da\/wp-json\/wp\/v2\/media\/3523"}],"wp:attachment":[{"href":"https:\/\/pulsschlag24.com\/da\/wp-json\/wp\/v2\/media?parent=3549"}],"wp:term":[{"taxonomy":"product_brand","embeddable":true,"href":"https:\/\/pulsschlag24.com\/da\/wp-json\/wp\/v2\/product_brand?post=3549"},{"taxonomy":"product_cat","embeddable":true,"href":"https:\/\/pulsschlag24.com\/da\/wp-json\/wp\/v2\/product_cat?post=3549"},{"taxonomy":"product_tag","embeddable":true,"href":"https:\/\/pulsschlag24.com\/da\/wp-json\/wp\/v2\/product_tag?post=3549"}],"curies":[{"name":"wp","href":"https:\/\/api.w.org\/{rel}","templated":true}]}}