{"id":3543,"date":"2025-10-25T22:12:48","date_gmt":"2025-10-25T20:12:48","guid":{"rendered":"https:\/\/pulsschlag24.com\/?post_type=product&#038;p=3543"},"modified":"2025-10-27T14:11:33","modified_gmt":"2025-10-27T13:11:33","slug":"wbt-0661-cu-nextgen-kabelsko-6-mm-gaffel-rent-kobber-4-stk-2x-roed-2x-hvid-kopie-kopie-2","status":"publish","type":"product","link":"https:\/\/pulsschlag24.com\/da\/produkt\/wbt-0661-cu-nextgen-kabelsko-6-mm-gaffel-rent-kobber-4-stk-2x-roed-2x-hvid-kopie-kopie-2\/","title":{"rendered":"Audio Selection AS-45 &#8211; MINI-d\u00e6mper &#8211; \u00d8 45 mm &#8211; s\u00f8lv &#8211; 8 stk."},"content":{"rendered":"<p>AUDIO SELECTION D\u00e6mper lille \u2013 underlag til hi-fi-komponenter<\/p>\n<p>Lille, prisbillig gummid\u00e6mper med stabiliseringsring<br \/>\nVibrationer minimeres<br \/>\nSikrer stabilitet<br \/>\nForhindrer ridser og skader p\u00e5 gulvet eller hi-fi-stativet<br \/>\nOptimal til pladespillere, apparater, sm\u00e5 h\u00f8jttalere og reolh\u00f8jttalere<\/p>\n<ul>\n<li>\u00d8 = 45mm<\/li>\n<li>H\u00f8jde: 15 mm<\/li>\n<li>Maksimal belastbarhed pr. 30 kg pr. stk.<\/li>\n<\/ul>\n","protected":false},"excerpt":{"rendered":"<p>\u2713 reducerer vibrationer<br \/>\n\u2713 optimale til apparater og sm\u00e5 h\u00f8jttalere<br \/>\n\u2713 sikrer stabilitet<\/p>\n","protected":false},"featured_media":3529,"comment_status":"open","ping_status":"closed","template":"","meta":[],"product_brand":[],"product_cat":[714,705],"product_tag":[],"class_list":{"0":"post-3543","1":"product","2":"type-product","3":"status-publish","4":"has-post-thumbnail","6":"product_cat-daemper","7":"product_cat-audio-selection-2","8":"product_shipping_class-op-til-2-kg","9":"pa_durchmesser-45-mm","10":"pa_farbe-soelv","11":"pa_hoehe-15-mm","12":"pa_maximalbelastung-120-kg-4-stk","13":"tm-has-options","15":"first","16":"instock","17":"taxable","18":"shipping-taxable","19":"purchasable","20":"product-type-simple"},"_links":{"self":[{"href":"https:\/\/pulsschlag24.com\/da\/wp-json\/wp\/v2\/product\/3543","targetHints":{"allow":["GET"]}}],"collection":[{"href":"https:\/\/pulsschlag24.com\/da\/wp-json\/wp\/v2\/product"}],"about":[{"href":"https:\/\/pulsschlag24.com\/da\/wp-json\/wp\/v2\/types\/product"}],"replies":[{"embeddable":true,"href":"https:\/\/pulsschlag24.com\/da\/wp-json\/wp\/v2\/comments?post=3543"}],"wp:featuredmedia":[{"embeddable":true,"href":"https:\/\/pulsschlag24.com\/da\/wp-json\/wp\/v2\/media\/3529"}],"wp:attachment":[{"href":"https:\/\/pulsschlag24.com\/da\/wp-json\/wp\/v2\/media?parent=3543"}],"wp:term":[{"taxonomy":"product_brand","embeddable":true,"href":"https:\/\/pulsschlag24.com\/da\/wp-json\/wp\/v2\/product_brand?post=3543"},{"taxonomy":"product_cat","embeddable":true,"href":"https:\/\/pulsschlag24.com\/da\/wp-json\/wp\/v2\/product_cat?post=3543"},{"taxonomy":"product_tag","embeddable":true,"href":"https:\/\/pulsschlag24.com\/da\/wp-json\/wp\/v2\/product_tag?post=3543"}],"curies":[{"name":"wp","href":"https:\/\/api.w.org\/{rel}","templated":true}]}}