{"id":3539,"date":"2025-10-24T23:29:29","date_gmt":"2025-10-24T21:29:29","guid":{"rendered":"https:\/\/pulsschlag24.com\/?post_type=product&#038;p=3539"},"modified":"2025-10-27T14:15:15","modified_gmt":"2025-10-27T13:15:15","slug":"wbt-0661-cu-nextgen-kabelsko-6-mm-gaffel-rent-kobber-4-stk-2x-roed-2x-hvid-kopie","status":"publish","type":"product","link":"https:\/\/pulsschlag24.com\/da\/produkt\/wbt-0661-cu-nextgen-kabelsko-6-mm-gaffel-rent-kobber-4-stk-2x-roed-2x-hvid-kopie\/","title":{"rendered":"Audio Selection AS-29 &#8211; MINI-d\u00e6mper &#8211; \u00d8 30 mm &#8211; s\u00f8lv &#8211; 8 stk."},"content":{"rendered":"<p>AUDIO SELECTION D\u00e4mpfer mini \u2013 underlag til hi-fi-komponenter<\/p>\n<p>Mini-gummid\u00e6mpere med stabiliseringsring<br \/>\nOptimale til apparater og sm\u00e5 h\u00f8jttalere<br \/>\nSikrer stabilitet<br \/>\nForhindrer ridser og skader p\u00e5 gulvet eller hi-fi-reolen<br \/>\nReducerer vibrationer<\/p>\n<ul>\n<li>\u00d8 = 30mm<\/li>\n<li>H\u00f8jde ca. 15 mm<\/li>\n<li>Maksimal belastbarhed pr. 15 kg pr. stk.<\/li>\n<\/ul>\n","protected":false},"excerpt":{"rendered":"<p>\u2713 reducerer vibrationer<br \/>\n\u2713 optimale til apparater og sm\u00e5 h\u00f8jttalere<br \/>\n\u2713 sikrer stabilitet<\/p>\n","protected":false},"featured_media":4860,"comment_status":"open","ping_status":"closed","template":"","meta":[],"product_brand":[],"product_cat":[705,714],"product_tag":[],"class_list":{"0":"post-3539","1":"product","2":"type-product","3":"status-publish","4":"has-post-thumbnail","6":"product_cat-audio-selection-2","7":"product_cat-daemper","8":"product_shipping_class-op-til-2-kg","9":"pa_durchmesser-30-mm","10":"pa_hoehe-15-mm","11":"pa_maximalbelastung-60-kg-4-stk","12":"tm-has-options","14":"first","15":"instock","16":"taxable","17":"shipping-taxable","18":"purchasable","19":"product-type-simple"},"_links":{"self":[{"href":"https:\/\/pulsschlag24.com\/da\/wp-json\/wp\/v2\/product\/3539","targetHints":{"allow":["GET"]}}],"collection":[{"href":"https:\/\/pulsschlag24.com\/da\/wp-json\/wp\/v2\/product"}],"about":[{"href":"https:\/\/pulsschlag24.com\/da\/wp-json\/wp\/v2\/types\/product"}],"replies":[{"embeddable":true,"href":"https:\/\/pulsschlag24.com\/da\/wp-json\/wp\/v2\/comments?post=3539"}],"wp:featuredmedia":[{"embeddable":true,"href":"https:\/\/pulsschlag24.com\/da\/wp-json\/wp\/v2\/media\/4860"}],"wp:attachment":[{"href":"https:\/\/pulsschlag24.com\/da\/wp-json\/wp\/v2\/media?parent=3539"}],"wp:term":[{"taxonomy":"product_brand","embeddable":true,"href":"https:\/\/pulsschlag24.com\/da\/wp-json\/wp\/v2\/product_brand?post=3539"},{"taxonomy":"product_cat","embeddable":true,"href":"https:\/\/pulsschlag24.com\/da\/wp-json\/wp\/v2\/product_cat?post=3539"},{"taxonomy":"product_tag","embeddable":true,"href":"https:\/\/pulsschlag24.com\/da\/wp-json\/wp\/v2\/product_tag?post=3539"}],"curies":[{"name":"wp","href":"https:\/\/api.w.org\/{rel}","templated":true}]}}