{"id":3482,"date":"2025-07-10T12:46:53","date_gmt":"2025-07-10T10:46:53","guid":{"rendered":"https:\/\/pulsschlag24.com\/produkt\/atacama-evoque-eco-60-40-special-edition-hi-fi-rack-moerk-bambus-udstiller-med-lette-brugsspor\/"},"modified":"2026-03-13T10:37:20","modified_gmt":"2026-03-13T09:37:20","slug":"atacama-evoque-eco-60-40-special-edition-hi-fi-rack-moerk-bambus-udstiller-med-lette-brugsspor","status":"publish","type":"product","link":"https:\/\/pulsschlag24.com\/da\/produkt\/atacama-evoque-eco-60-40-special-edition-hi-fi-rack-moerk-bambus-udstiller-med-lette-brugsspor\/","title":{"rendered":"Atacama EVOQUE ECO 60\/40 Special Edition \u2013 Hi-Fi-rack \u2013 m\u00f8rk bambus \u2013 udstiller med lette brugsspor"},"content":{"rendered":"<p>Der er tale om en udstiller med lette brugsspor i form af minimale ridser p\u00e5 oversiden af hylderne (ikke synlige, n\u00e5r udstyret st\u00e5r i stativet), trykm\u00e6rker p\u00e5 en hylde (se billeder) samt en afvigelse p\u00e5 15 mm i benl\u00e6ngden p\u00e5 den \u00f8verste hylde.<\/p>\n<p>Produktbillederne er delvist kun eksempelbilleder. Billederne med rumlig omgivelse viser rackets faktiske tilstand.<\/p>\n<p>Leveringen omfatter 4 hylder med f\u00f8lgende m\u00e5l:<\/p>\n<p>1 x Atacama &#8211; EVOQUE ECO 60\/40 Special Edition niveau base<br \/>\n1 x Atacama &#8211; EVOQUE ECO 60\/40 Special Edition niveau 175 mm (oprindeligt h\u00f8rer en 160 mm niveau til p\u00e5 denne position)<br \/>\n1 x Atacama &#8211; EVOQUE ECO 60\/40 Special Edition niveau 210 mm<br \/>\n1 x Atacama &#8211; EVOQUE ECO 60\/40 Special Edition niveau 260 mm<\/p>\n<p>&nbsp;<\/p>\n<p>EVOQUE ECO 60\/40 SE &#8211; SPECIAL EDITION-serien er teknologisk set n\u00e6sten identisk med standard EVOQUE ECO 24\/16 &#8211; DESIGN EDITION.<br \/>\nDen 5-stjernede EVOQUE ECO-specialudgave har ASIST-d\u00e6mpningst\u00e6tninger, mekanisk jordforbindelse og f\u00f8rsteklasses modul\u00e6re isoleringskomponenter, der er monteret som standard p\u00e5 alle Evoque-produkter; sammen med de seneste innovationer inden for hi-fi-underst\u00f8ttelse, som Atacama er pioner inden for, s\u00e5som vektoriserede resonansbafler, afbalanceringsv\u00e6gte til f\u00f8dderne, mekanisk afstemte s\u00f8jlel\u00e6ngder og koniske spidser af bronze til isolering; alt sammen designet til at give den bedst mulige akustiske ydeevne. Dette hi-fi-rack blev ogs\u00e5 tildelt den eftertragtede pris \u00bbBest Equipment Support 2015\u00ab af det h\u00f8jt ansete What Hifi? Sound and Vision magazine.<br \/>\n<!-- -->Alle de tilg\u00e6ngelige benpakker p\u00e5 160 mm, 210 mm og 260 mm h\u00f8jde leveres i en satin sort finish. SPECIAL EDITION matcher det omfattende Atacama-sortiment af h\u00f8jttalerstativer.<br \/>\nEnhver kombination af hyldemoduler kan bruges og placeres p\u00e5 et basismodul op til en maksimal h\u00f8jde p\u00e5 1255 mm.<br \/>\nV\u00e6gtkapaciteten er 30 kg pr. niveau, afh\u00e6ngigt af det samlede opbevaringsbehov.<br \/>\nAlle EVOQUE ECO-modeller har mekanisk jordforbindelse via 8 mm kulstofst\u00e5lbolte gennem hvert ben og ASIST (Atacama Sonic Isolation System Technology), der er designet til at hj\u00e6lpe med at d\u00e6mpe og lede h\u00f8jfrekvent resonans v\u00e6k fra det underst\u00f8ttede udstyr.<br \/>\nEVOQUE ECO 60\/40 SE &#8211; SPECIAL EDITION er fremstillet i Storbritannien af firmaet Atacama og tager et par dage l\u00e6ngere at producere end almindelige lerm\u00f8bler p\u00e5 grund af den eksklusive forarbejdning af massiv bambus. Selv om vi har tilstr\u00e6kkeligt med produkter p\u00e5 lager, kan der nogle gange v\u00e6re forsinkelser i leveringen &#8211; v\u00e6r opm\u00e6rksom p\u00e5 dette, n\u00e5r du bestiller dette specielle produkt.<\/p>\n","protected":false},"excerpt":{"rendered":"<p>\u2713 Enhver kombination af reolmoduler kan bruges<br \/>\u2713 Bedste behandling af materialer<br \/>\u2713 H\u00f8j b\u00e6reevne og universel brug<\/p>\n","protected":false},"featured_media":1634,"comment_status":"open","ping_status":"closed","template":"","meta":[],"product_brand":[],"product_cat":[267,241,243,245,252],"product_tag":[],"class_list":{"0":"post-3482","1":"product","2":"type-product","3":"status-publish","4":"has-post-thumbnail","6":"product_cat-tilbud","7":"product_cat-udgaaede-modeller","8":"product_cat-b-varer","9":"product_cat-hi-fi-racks-da","10":"product_cat-atacama-evoque-eco-da","11":"product_shipping_class-bis-30-kg-da","12":"pa_breite-aussen-600-mm-da","13":"pa_breite-innen-500-mm-da","14":"pa_farbe-der-saeulenmodule-silkesorte-soejler","15":"pa_holzfarbe-moerk-bambus","16":"pa_regalbrettstaerke-massiv-40-mm-bambus","17":"pa_tiefe-aussen-400-mm-da","18":"pa_tiefe-innen-300-mm-da","19":"tm-has-options","21":"first","22":"outofstock","23":"sale","24":"taxable","25":"shipping-taxable","26":"purchasable","27":"product-type-simple"},"_links":{"self":[{"href":"https:\/\/pulsschlag24.com\/da\/wp-json\/wp\/v2\/product\/3482","targetHints":{"allow":["GET"]}}],"collection":[{"href":"https:\/\/pulsschlag24.com\/da\/wp-json\/wp\/v2\/product"}],"about":[{"href":"https:\/\/pulsschlag24.com\/da\/wp-json\/wp\/v2\/types\/product"}],"replies":[{"embeddable":true,"href":"https:\/\/pulsschlag24.com\/da\/wp-json\/wp\/v2\/comments?post=3482"}],"wp:featuredmedia":[{"embeddable":true,"href":"https:\/\/pulsschlag24.com\/da\/wp-json\/wp\/v2\/media\/1634"}],"wp:attachment":[{"href":"https:\/\/pulsschlag24.com\/da\/wp-json\/wp\/v2\/media?parent=3482"}],"wp:term":[{"taxonomy":"product_brand","embeddable":true,"href":"https:\/\/pulsschlag24.com\/da\/wp-json\/wp\/v2\/product_brand?post=3482"},{"taxonomy":"product_cat","embeddable":true,"href":"https:\/\/pulsschlag24.com\/da\/wp-json\/wp\/v2\/product_cat?post=3482"},{"taxonomy":"product_tag","embeddable":true,"href":"https:\/\/pulsschlag24.com\/da\/wp-json\/wp\/v2\/product_tag?post=3482"}],"curies":[{"name":"wp","href":"https:\/\/api.w.org\/{rel}","templated":true}]}}