{"id":3460,"date":"2025-10-14T16:31:06","date_gmt":"2025-10-14T14:31:06","guid":{"rendered":"https:\/\/pulsschlag24.com\/produkt\/wbt-0610-cu-nextgen-bananstik-vinklet-rent-kobber-4-stk-2x-roed-2x-hvid\/"},"modified":"2025-10-14T16:31:06","modified_gmt":"2025-10-14T14:31:06","slug":"wbt-0610-cu-nextgen-bananstik-vinklet-rent-kobber-4-stk-2x-roed-2x-hvid","status":"publish","type":"product","link":"https:\/\/pulsschlag24.com\/da\/produkt\/wbt-0610-cu-nextgen-bananstik-vinklet-rent-kobber-4-stk-2x-roed-2x-hvid\/","title":{"rendered":"WBT-0610 CU &#8211; Nextgen bananstik vinklet &#8211; rent kobber \u2013 4 stk. (2x r\u00f8d, 2x hvid)"},"content":{"rendered":"<p>nextgen\u2122 \u2013 en ny generation af stikforbindelser hos WBT<\/p>\n<p>Signallederen i denne nye nextgen\u2122 bananstik er utrolig tynd og fremstillet af rent kobber. For at beskytte mod oxidation er den nikkelfri og direkte forgyldt. Dermed bevares dens h\u00f8je ledningsevne, og den er fri for magnetiske forstyrrelser. Kontaktstiften er formet s\u00e5ledes, at dens tre segmenter \u203abule ud\u2039 ved at dreje spindlen, og den kan fastklemmes i enhver polklemme. Det derved opn\u00e5ede konstant h\u00f8je kontaktpres garanterer ensartet lave overgangsmodstande.    <\/p>\n<p>Ligesom WBT-0645 er nextgen\u2122-bananen takket v\u00e6re sin skr\u00e5 vinkel kortere og giver mulighed for en mere pladsbesparende opstilling af apparaterne, hvis det \u00f8nskes. WBT-0610 Cu sk\u00e5ner ogs\u00e5 dit kabel: Takket v\u00e6re vinklen f\u00f8res det direkte mod gulvet og kan ikke beskadiges ved at blive kn\u00e6kket. <\/p>\n<p>P\u00e5 trods af signallederens filigrane udf\u00f8relse er WBT-0610 perfekt egnet til krympeteknik. Med de to torxskruer fastg\u00f8r du den krympede kabelende foran og sikrer dit kabel mod tr\u00e6k med den anden. <\/p>\n<p>Stikket er fuldst\u00e6ndigt isoleret og opfylder sikkerhedskravene i henhold til IEC. Sikkerhedsn\u00e5len forhindrer desuden utilsigtet tilslutning af stikket til en stikkontakt. Dermed er WBT-0610 Cu ogs\u00e5 fuldt ud CE-kompatibelt.  <\/p>\n<p>Specifikationer:<\/p>\n<p>Udvendig ledertv\u00e6rsnit (maks.)<\/p>\n<ul>\n<li>op til 10 mm\u00b2<\/li>\n<\/ul>\n<p>tilslutningsteknik<\/p>\n<ul>\n<li>Lodning eller krympning<\/li>\n<\/ul>\n<p>identifikationsnummer<\/p>\n<ul>\n<li>r\u00f8d, hvid og sort<\/li>\n<\/ul>\n<p>tr\u00e6kaflastning<\/p>\n<ul>\n<li>Torx-skrue (T.6)<\/li>\n<\/ul>\n<p>&nbsp;<\/p>\n<p>&nbsp;<\/p>\n<p>&nbsp;<\/p>\n","protected":false},"excerpt":{"rendered":"<p>\u2713 Signalledere af h\u00f8jren kobber<br \/>\n\u2713 massearm nextgen\u2122-princip<br \/>\n\u2713 24 karat direkte forgyldning (nikkelfri)<br \/>\n\u2713 kan fastg\u00f8res med midterstift<br \/>\n\u2713 krympning med WBT-dobbelt torx-skruesystem<br \/>\n\u2713 CE- og IEC-kompatibel<\/p>\n","protected":false},"featured_media":3237,"comment_status":"open","ping_status":"closed","template":"","meta":[],"product_brand":[],"product_cat":[663,664,665],"product_tag":[],"class_list":{"0":"post-3460","1":"product","2":"type-product","3":"status-publish","4":"has-post-thumbnail","6":"product_cat-wbt-2","7":"product_cat-hoejttalerforbindelse","8":"product_cat-bananstik","9":"product_shipping_class-op-til-2-kg","10":"tm-has-options","12":"first","13":"instock","14":"taxable","15":"shipping-taxable","16":"purchasable","17":"product-type-simple"},"_links":{"self":[{"href":"https:\/\/pulsschlag24.com\/da\/wp-json\/wp\/v2\/product\/3460","targetHints":{"allow":["GET"]}}],"collection":[{"href":"https:\/\/pulsschlag24.com\/da\/wp-json\/wp\/v2\/product"}],"about":[{"href":"https:\/\/pulsschlag24.com\/da\/wp-json\/wp\/v2\/types\/product"}],"replies":[{"embeddable":true,"href":"https:\/\/pulsschlag24.com\/da\/wp-json\/wp\/v2\/comments?post=3460"}],"wp:featuredmedia":[{"embeddable":true,"href":"https:\/\/pulsschlag24.com\/da\/wp-json\/wp\/v2\/media\/3237"}],"wp:attachment":[{"href":"https:\/\/pulsschlag24.com\/da\/wp-json\/wp\/v2\/media?parent=3460"}],"wp:term":[{"taxonomy":"product_brand","embeddable":true,"href":"https:\/\/pulsschlag24.com\/da\/wp-json\/wp\/v2\/product_brand?post=3460"},{"taxonomy":"product_cat","embeddable":true,"href":"https:\/\/pulsschlag24.com\/da\/wp-json\/wp\/v2\/product_cat?post=3460"},{"taxonomy":"product_tag","embeddable":true,"href":"https:\/\/pulsschlag24.com\/da\/wp-json\/wp\/v2\/product_tag?post=3460"}],"curies":[{"name":"wp","href":"https:\/\/api.w.org\/{rel}","templated":true}]}}