{"id":3458,"date":"2025-10-14T21:03:38","date_gmt":"2025-10-14T19:03:38","guid":{"rendered":"https:\/\/pulsschlag24.com\/produkt\/wbt-0681-cu-nextgen-kabelsko-8-mm-gaffel-rent-kobber-4-stk-2x-roed-2x-hvid\/"},"modified":"2025-10-14T21:03:38","modified_gmt":"2025-10-14T19:03:38","slug":"wbt-0681-cu-nextgen-kabelsko-8-mm-gaffel-rent-kobber-4-stk-2x-roed-2x-hvid","status":"publish","type":"product","link":"https:\/\/pulsschlag24.com\/da\/produkt\/wbt-0681-cu-nextgen-kabelsko-8-mm-gaffel-rent-kobber-4-stk-2x-roed-2x-hvid\/","title":{"rendered":"WBT-0681 CU &#8211; Nextgen kabelsko &#8211; 8 mm gaffel &#8211; rent kobber \u2013 4 stk. (2x r\u00f8d, 2x hvid)"},"content":{"rendered":"<p>nextgen\u2122 \u2013 en ny generation af stikforbindelser hos WBT<\/p>\n<p>De velkendte WBT sandwich-kabelsko har nu f\u00e5et deres helt specielle nextgen-opdatering. Signallederen har altid v\u00e6ret fremstillet af rent kobber (i Cu-versionerne) og har haft et minimalistisk design. I overensstemmelse med WBT&#8217;s nextgen-princip er stikket nu ogs\u00e5 konstrueret s\u00e5 det er stort set metalfrit. Gl\u00e6d dig til en endnu mere detaljeret og rummelig musikgengivelse!   <\/p>\n<p>N\u00f8glen til denne kabelskoens ekstraordin\u00e6re kvalitet ligger i den specielle konstruktion af kontaktgaflen efter det patenterede* sandwichprincip: Elastomer-svingsd\u00e6mpere eliminerer luft- og kropsst\u00f8j samt magnetostriktioner. Kontaktmikrofonie undertrykkes i videst muligt omfang, og der opst\u00e5r ingen forstyrrende baggrundsst\u00f8j. Samtidig forbedres forbindelsens brudfasthed. Sandwichkonstruktionen, hvor elastomer er indlagt i en st\u00e5lkappe, giver et h\u00f8jt og j\u00e6vnt kontaktpres og minimerer overgangsmodstanden. Fire pr\u00e6gede kontaktpunkter p\u00e5 undersiden af gaffelen skaber en pr\u00e6cist defineret kontakt. Is\u00e6r ved h\u00f8je str\u00f8mme eller lave sp\u00e6ndinger forbedres signaloverf\u00f8rslen markant. For at sikre overgangsmodstanden p\u00e5 lang sigt er overfladen af kobbersignallederen beskyttet mod oxidation ved hj\u00e6lp af en nikkelfri direkte forgyldning.      <\/p>\n<p>The cable connection is made using crimp technology. Thanks to the fine-threaded Torx screws, the connection is reliable and resistant to tension. <\/p>\n<p>Stikbenene er fuldst\u00e6ndigt isolerede og opfylder sikkerhedskravene i henhold til CE og IEC.<\/p>\n<p>* EP Patent Nr. 1 066 660, US Patent Nr. 6,319,078<\/p>\n<p>&nbsp;<\/p>\n<p>Specifikationer:<\/p>\n<p>Gabelweite<\/p>\n<ul>\n<li>WBT-0681 Cu 8 mm gaffel (1\/3 tomme)<\/li>\n<\/ul>\n<p>Ledertv\u00e6rsnit (maks.)<\/p>\n<ul>\n<li>10 mm\u00b2 (7 AWG)<\/li>\n<\/ul>\n<p>tilslutningsteknik<\/p>\n<ul>\n<li>krympning<\/li>\n<\/ul>\n<p>identifikationsnummer<\/p>\n<ul>\n<li>r\u00f8d, hvid eller sort<\/li>\n<\/ul>\n","protected":false},"excerpt":{"rendered":"<p>\u2713 H\u00f8jstr\u00f8mskabelsko<br \/>\n\u2713 Signalledning af rent kobber<br \/>\n\u2713 24 karat direkte forgyldning (nikkelfri)<br \/>\n\u2713 Elastomer-svingsd\u00e6mper til vibrationsd\u00e6mpning<br \/>\n\u2713 Sandwichgaffel for konstant h\u00f8jt kontaktpres<br \/>\n\u2713 Krympning med WBT-dobbelt torx-skruesystem<br \/>\n\u2713 CE- og IEC-konform<\/p>\n","protected":false},"featured_media":3275,"comment_status":"open","ping_status":"closed","template":"","meta":[],"product_brand":[],"product_cat":[664,667,663],"product_tag":[],"class_list":{"0":"post-3458","1":"product","2":"type-product","3":"status-publish","4":"has-post-thumbnail","6":"product_cat-hoejttalerforbindelse","7":"product_cat-kabelsko-2","8":"product_cat-wbt-2","9":"product_shipping_class-op-til-2-kg","10":"tm-has-options","12":"first","13":"instock","14":"taxable","15":"shipping-taxable","16":"purchasable","17":"product-type-simple"},"_links":{"self":[{"href":"https:\/\/pulsschlag24.com\/da\/wp-json\/wp\/v2\/product\/3458","targetHints":{"allow":["GET"]}}],"collection":[{"href":"https:\/\/pulsschlag24.com\/da\/wp-json\/wp\/v2\/product"}],"about":[{"href":"https:\/\/pulsschlag24.com\/da\/wp-json\/wp\/v2\/types\/product"}],"replies":[{"embeddable":true,"href":"https:\/\/pulsschlag24.com\/da\/wp-json\/wp\/v2\/comments?post=3458"}],"wp:featuredmedia":[{"embeddable":true,"href":"https:\/\/pulsschlag24.com\/da\/wp-json\/wp\/v2\/media\/3275"}],"wp:attachment":[{"href":"https:\/\/pulsschlag24.com\/da\/wp-json\/wp\/v2\/media?parent=3458"}],"wp:term":[{"taxonomy":"product_brand","embeddable":true,"href":"https:\/\/pulsschlag24.com\/da\/wp-json\/wp\/v2\/product_brand?post=3458"},{"taxonomy":"product_cat","embeddable":true,"href":"https:\/\/pulsschlag24.com\/da\/wp-json\/wp\/v2\/product_cat?post=3458"},{"taxonomy":"product_tag","embeddable":true,"href":"https:\/\/pulsschlag24.com\/da\/wp-json\/wp\/v2\/product_tag?post=3458"}],"curies":[{"name":"wp","href":"https:\/\/api.w.org\/{rel}","templated":true}]}}