{"id":3314,"date":"2025-10-14T21:15:16","date_gmt":"2025-10-14T19:15:16","guid":{"rendered":"https:\/\/pulsschlag24.com\/produkt\/wbt-0800-wbt-0820-soelvsoldeblod-med-bly\/"},"modified":"2025-10-14T21:15:16","modified_gmt":"2025-10-14T19:15:16","slug":"wbt-0800-wbt-0820-soelvsoldeblod-med-bly","status":"publish","type":"product","link":"https:\/\/pulsschlag24.com\/da\/produkt\/wbt-0800-wbt-0820-soelvsoldeblod-med-bly\/","title":{"rendered":"WBT-0800 \/ WBT-0820 &#8211; S\u00f8lvsoldeblod med bly"},"content":{"rendered":"<p>WBT-0800 og WBT-0820 er blyholdigt s\u00f8lvsolde.<\/p>\n<p>Der findes enten en lille spole som forbrugerpakke med 42 g og en tr\u00e5dtykkelse p\u00e5 0,9 mm og til v\u00e6rkstedsbrug samt produktion en st\u00f8rre spole med 250 g og en tr\u00e5dtykkelse p\u00e5 0,8 mm.<\/p>\n<p>&nbsp;<\/p>\n<p>Resum\u00e9:<\/p>\n<p>WBT-0800:<\/p>\n<ul>\n<li>V\u00e6gt\/rulle: 42 g<\/li>\n<li>Diameter: 0,9 m<\/li>\n<\/ul>\n<p>WBT-0820:<\/p>\n<ul>\n<li>V\u00e6gt\/rulle: 250 g<\/li>\n<li>Diameter: 0,8 mm<\/li>\n<\/ul>\n","protected":false},"excerpt":{"rendered":"<p>\u2713 Kvalitetslodde med 4 % fint s\u00f8lvindhold<br \/>\n\u2713 Halogenfrit flusmiddel sk\u00e5ner \u00e6dle metalloverflader<br \/>\n\u2713 Smeltetemperatur 178\/180 \u00b0C us\u00e6dvanlig lav (loddetin med blyindhold)<\/p>\n","protected":false},"featured_media":3243,"comment_status":"open","ping_status":"closed","template":"","meta":[],"product_brand":[],"product_cat":[668,669,663],"product_tag":[],"class_list":{"0":"post-3314","1":"product","2":"type-product","3":"status-publish","4":"has-post-thumbnail","6":"product_cat-tilbehoer-wbt-2","7":"product_cat-soelvsoelvsoelv","8":"product_cat-wbt-2","9":"product_shipping_class-op-til-2-kg","10":"tm-no-options","12":"first","13":"instock","14":"taxable","15":"shipping-taxable","16":"purchasable","17":"product-type-variable"},"_links":{"self":[{"href":"https:\/\/pulsschlag24.com\/da\/wp-json\/wp\/v2\/product\/3314","targetHints":{"allow":["GET"]}}],"collection":[{"href":"https:\/\/pulsschlag24.com\/da\/wp-json\/wp\/v2\/product"}],"about":[{"href":"https:\/\/pulsschlag24.com\/da\/wp-json\/wp\/v2\/types\/product"}],"replies":[{"embeddable":true,"href":"https:\/\/pulsschlag24.com\/da\/wp-json\/wp\/v2\/comments?post=3314"}],"wp:featuredmedia":[{"embeddable":true,"href":"https:\/\/pulsschlag24.com\/da\/wp-json\/wp\/v2\/media\/3243"}],"wp:attachment":[{"href":"https:\/\/pulsschlag24.com\/da\/wp-json\/wp\/v2\/media?parent=3314"}],"wp:term":[{"taxonomy":"product_brand","embeddable":true,"href":"https:\/\/pulsschlag24.com\/da\/wp-json\/wp\/v2\/product_brand?post=3314"},{"taxonomy":"product_cat","embeddable":true,"href":"https:\/\/pulsschlag24.com\/da\/wp-json\/wp\/v2\/product_cat?post=3314"},{"taxonomy":"product_tag","embeddable":true,"href":"https:\/\/pulsschlag24.com\/da\/wp-json\/wp\/v2\/product_tag?post=3314"}],"curies":[{"name":"wp","href":"https:\/\/api.w.org\/{rel}","templated":true}]}}