{"id":3210,"date":"2025-10-08T10:48:51","date_gmt":"2025-10-08T08:48:51","guid":{"rendered":"https:\/\/pulsschlag24.com\/?post_type=product&#038;p=3210"},"modified":"2025-10-08T11:37:15","modified_gmt":"2025-10-08T09:37:15","slug":"atacama-apollo-atlas-wm1-vaeghyldemodul-lys-eg-kopie-2","status":"publish","type":"product","link":"https:\/\/pulsschlag24.com\/da\/produkt\/atacama-apollo-atlas-wm1-vaeghyldemodul-lys-eg-kopie-2\/","title":{"rendered":"Atacama Apollo &#8211; Athena VS1 \u2013 Sofabord \u2013 Lys eg"},"content":{"rendered":"<p>Forsk\u00f8n dit hjem og din pladesamling.<\/p>\n<p>Endelig et statement-stykke, der understreger din passion for musik.<\/p>\n<p>Dette sofabord i smukt massivt egetr\u00e6 med vinylopbevaring passer perfekt til vores ber\u00f8mte Apollo HiFi-m\u00f8bler og v\u00e6gbeslag. Det er mere end bare et bord: Den rummelige nederste hylde har fire separate rum og tilbyder overskuelig opbevaringsplads til op til 200 af dine yndlings-LP&#8217;er. <\/p>\n<p>Designet og fremstillet i Storbritannien.<\/p>\n","protected":false},"excerpt":{"rendered":"<p>\u2713 Bedste udf\u00f8relse af materialerne<br \/>\n\u2713 St\u00e6rk modstandsdygtighed og universelt anvendelig<br \/>\n\u2713 Designet og fremstillet i Storbritannien<\/p>\n","protected":false},"featured_media":3220,"comment_status":"open","ping_status":"closed","template":"","meta":[],"product_brand":[],"product_cat":[246,503],"product_tag":[],"class_list":{"0":"post-3210","1":"product","2":"type-product","3":"status-publish","4":"has-post-thumbnail","6":"product_cat-atacama-apollo-da","7":"product_cat-vaegbeslag","8":"product_shipping_class-bis-30-kg-da","9":"pa_breite-aussen-660-mm","10":"pa_hoehe-445-mm","11":"pa_holzfarbe-lys-eg","12":"pa_tiefe-aussen-660-mm","13":"tm-no-options","15":"first","16":"instock","17":"taxable","18":"shipping-taxable","19":"purchasable","20":"product-type-simple"},"_links":{"self":[{"href":"https:\/\/pulsschlag24.com\/da\/wp-json\/wp\/v2\/product\/3210","targetHints":{"allow":["GET"]}}],"collection":[{"href":"https:\/\/pulsschlag24.com\/da\/wp-json\/wp\/v2\/product"}],"about":[{"href":"https:\/\/pulsschlag24.com\/da\/wp-json\/wp\/v2\/types\/product"}],"replies":[{"embeddable":true,"href":"https:\/\/pulsschlag24.com\/da\/wp-json\/wp\/v2\/comments?post=3210"}],"wp:featuredmedia":[{"embeddable":true,"href":"https:\/\/pulsschlag24.com\/da\/wp-json\/wp\/v2\/media\/3220"}],"wp:attachment":[{"href":"https:\/\/pulsschlag24.com\/da\/wp-json\/wp\/v2\/media?parent=3210"}],"wp:term":[{"taxonomy":"product_brand","embeddable":true,"href":"https:\/\/pulsschlag24.com\/da\/wp-json\/wp\/v2\/product_brand?post=3210"},{"taxonomy":"product_cat","embeddable":true,"href":"https:\/\/pulsschlag24.com\/da\/wp-json\/wp\/v2\/product_cat?post=3210"},{"taxonomy":"product_tag","embeddable":true,"href":"https:\/\/pulsschlag24.com\/da\/wp-json\/wp\/v2\/product_tag?post=3210"}],"curies":[{"name":"wp","href":"https:\/\/api.w.org\/{rel}","templated":true}]}}