{"id":3155,"date":"2025-09-25T08:29:51","date_gmt":"2025-09-25T06:29:51","guid":{"rendered":"https:\/\/pulsschlag24.com\/?post_type=product&#038;p=3155"},"modified":"2025-09-30T13:03:44","modified_gmt":"2025-09-30T11:03:44","slug":"atacama-apollo-atlas-wm1-vaeghyldemodul-lys-eg-kopie","status":"publish","type":"product","link":"https:\/\/pulsschlag24.com\/da\/produkt\/atacama-apollo-atlas-wm1-vaeghyldemodul-lys-eg-kopie\/","title":{"rendered":"Atacama APOLLO &#8211; Atlas WM1 &#8211; V\u00e6ghyldemodul \u2013 M\u00f8rk eg"},"content":{"rendered":"<p>Apollo Atlas WM1 v\u00e6gbeslag i m\u00f8rk massiv eg<\/p>\n<p>Giv din pladespiller den sikre placering, den fortjener, med Apollo Atlas WM1 v\u00e6gbeslag i massivt egetr\u00e6.<\/p>\n<p>Denne hylde er specielt udviklet til stabil v\u00e6gmontering af dit hi-fi-udstyr, is\u00e6r pladespillere. Det er den perfekte l\u00f8sning, hvis gulvet i din lytterum giver efter eller buer, n\u00e5r du placerer din pladespiller p\u00e5 et traditionelt rack, hvilket kan f\u00f8re til udfald af n\u00e5len og dermed afbrydelser i lyden. Ved at montere din pladespiller p\u00e5 v\u00e6ggen undg\u00e5r du dette problem fuldst\u00e6ndigt og f\u00e5r en klar, uafbrudt afspilning.  <\/p>\n<p>Atlas WM1 er udviklet som et supplement til Apollo Podium- og Storm-serierne og har en afstand p\u00e5 20 mm mellem hylden og v\u00e6ggen. Det giver tilstr\u00e6kkelig plads til kabelf\u00f8ring bag apparatet. To ekstra udsparinger i hylden giver ekstra dybde og g\u00f8r det muligt at f\u00f8re str\u00f8m- og signalkabler separat. Det bidrager til at reducere forstyrrelser og forbedre lydkvaliteten.   <\/p>\n<p>Har du brug for tilpasningsmuligheder og mere isolering? Apollo Isoplinth 1 Tilf\u00f8j modul <\/p>\n<p>For alle, der \u00f8nsker at l\u00f8fte deres pladespillers ydeevne til et nyt niveau, f\u00e5s Apollo Isoplinth 1 isoleringshyldemodulet separat. Dette modul indeholder fire 40 mm lange, justerbare BZP-spikes og HD-L-spikesko med Sorbothane-d\u00e6mpningspuder. Dette modul giver ikke kun ekstra lydisolering til alle underst\u00f8ttede hi-fi-enheder, men g\u00f8r det ogs\u00e5 muligt at udj\u00e6vne din pladespiller pr\u00e6cist for perfekt balance og sporstabilitet.  <\/p>\n<p>Vigtige installationsanvisninger<\/p>\n<p>Atlas WM1-reolmodulet kan ikke justeres efter installationen. Hvis du bruger en pladespiller, skal du sikre dig, at den har justerbare f\u00f8dder, s\u00e5 den kan justeres pr\u00e6cist p\u00e5 reolen. Hvis din pladespiller ikke har denne funktion, anbefaler vi p\u00e5 det kraftigste, at du k\u00f8ber det valgfri Isoplinth 1-reolmodul for at opn\u00e5 en perfekt vandret placering.  <\/p>\n<p>Der kr\u00e6ves professionel installation. De medf\u00f8lgende v\u00e6gskruer til Apollo Atlas WM1 er velegnede til massive v\u00e6gge, men forskellige v\u00e6gtyper kr\u00e6ver forskellige, specielle fastg\u00f8relsesmidler. Det er brugerens ansvar at sikre, at reolen er monteret sikkert og korrekt og kan b\u00e6re v\u00e6gten af brugerens udstyr. Reolens b\u00e6reevne afh\u00e6nger af v\u00e6ggenes beskaffenhed og monteringskvaliteten. I de fleste tilf\u00e6lde b\u00f8r modulet maksimalt belastes med 20 kg.    <\/p>\n<p>Eg er et naturmateriale, derfor varierer farve og \u00e5rer afh\u00e6ngigt af modulet.<\/p>\n<p>Modulerne Apollo Atlas WM1 og Isoplinth 1 fremstilles i Storbritannien.<\/p>\n","protected":false},"excerpt":{"rendered":"<p>\u2713 Bedste udf\u00f8relse af materialerne<br \/>\n\u2713 St\u00e6rk modstandsdygtighed og universelt anvendelig<br \/>\n\u2713 Designet og fremstillet i Storbritannien<\/p>\n","protected":false},"featured_media":3117,"comment_status":"open","ping_status":"closed","template":"","meta":[],"product_brand":[],"product_cat":[503,246],"product_tag":[],"class_list":{"0":"post-3155","1":"product","2":"type-product","3":"status-publish","4":"has-post-thumbnail","6":"product_cat-vaegbeslag","7":"product_cat-atacama-apollo-da","8":"product_shipping_class-op-til-20-kg","9":"pa_breite-aussen-500-mm-da","10":"pa_hoehe-465-mm-da","11":"pa_holzfarbe-moerk-eg","12":"pa_maximalbelastung-20-kg-da","13":"pa_regalbrettstaerke-massiv-40-mm-eg","14":"pa_tiefe-aussen-650-mm-da","15":"tm-no-options","17":"first","18":"instock","19":"taxable","20":"shipping-taxable","21":"purchasable","22":"product-type-variable"},"_links":{"self":[{"href":"https:\/\/pulsschlag24.com\/da\/wp-json\/wp\/v2\/product\/3155","targetHints":{"allow":["GET"]}}],"collection":[{"href":"https:\/\/pulsschlag24.com\/da\/wp-json\/wp\/v2\/product"}],"about":[{"href":"https:\/\/pulsschlag24.com\/da\/wp-json\/wp\/v2\/types\/product"}],"replies":[{"embeddable":true,"href":"https:\/\/pulsschlag24.com\/da\/wp-json\/wp\/v2\/comments?post=3155"}],"wp:featuredmedia":[{"embeddable":true,"href":"https:\/\/pulsschlag24.com\/da\/wp-json\/wp\/v2\/media\/3117"}],"wp:attachment":[{"href":"https:\/\/pulsschlag24.com\/da\/wp-json\/wp\/v2\/media?parent=3155"}],"wp:term":[{"taxonomy":"product_brand","embeddable":true,"href":"https:\/\/pulsschlag24.com\/da\/wp-json\/wp\/v2\/product_brand?post=3155"},{"taxonomy":"product_cat","embeddable":true,"href":"https:\/\/pulsschlag24.com\/da\/wp-json\/wp\/v2\/product_cat?post=3155"},{"taxonomy":"product_tag","embeddable":true,"href":"https:\/\/pulsschlag24.com\/da\/wp-json\/wp\/v2\/product_tag?post=3155"}],"curies":[{"name":"wp","href":"https:\/\/api.w.org\/{rel}","templated":true}]}}