{"id":3054,"date":"2025-09-17T09:52:16","date_gmt":"2025-09-17T07:52:16","guid":{"rendered":"https:\/\/pulsschlag24.com\/?post_type=product&#038;p=3054"},"modified":"2025-09-17T10:35:17","modified_gmt":"2025-09-17T08:35:17","slug":"atacama-moseco-5-hoejttalerstativ-515-mm-sort-bundplade-i-lys-bambus-kopie","status":"publish","type":"product","link":"https:\/\/pulsschlag24.com\/da\/produkt\/atacama-moseco-5-hoejttalerstativ-515-mm-sort-bundplade-i-lys-bambus-kopie\/","title":{"rendered":"Atacama Moseco 5.1 \u2013 H\u00f8jttalerstativ \u2013 560 mm \u2013 sort &amp; bundplade i lys bambus"},"content":{"rendered":"<p>Atacama Moseco Revised.1 h\u00f8jttalerstativ. <\/p>\n<p>&nbsp;<\/p>\n<p>De specialbestilte og britiskproducerede Atacama Moseco Revised.1 h\u00f8jttalerstandere er en markant opdateret version af den oprindelige, flerdobbelte prisvindende Moseco-serie. De byder p\u00e5 flere forbedringer i forhold til forg\u00e6ngermodellen, herunder:  <\/p>\n<p>&nbsp;<\/p>\n<p>H\u00f8jere h\u00f8jde:<\/p>\n<p>De reviderede stativer f\u00e5s nu i h\u00f8jderne 5, 6, 6, 7 og 10 mm (ca. 15 mm mere end den tilsvarende version af den u\u00e6ndrede Moseco-serie). Det giver dig st\u00f8rre fleksibilitet til at opn\u00e5 den ideelle lytteh\u00f8jde for dine h\u00f8jttalere. <\/p>\n<p>Den nye bambusbundplade er designet, s\u00e5 den passer til det prisbel\u00f8nnede Atacama Evoque Eco 60-40 SE2 hi-fi-stativ, som magasinet What HiFi Sound &amp; Vision har k\u00e5ret som det bedste hi-fi-stativ i 2019, 2020, 2021 og 2022.<\/p>\n<p>&nbsp;<\/p>\n<p>Forbedret stabilitet:<\/p>\n<p>Den samlede afstand mellem gulvspidserne er blevet \u00f8get, hvilket g\u00f8r stativerne mere stabile p\u00e5 uj\u00e6vne overflader. Placeringen af de lodrette r\u00f8r er ogs\u00e5 blevet forbedret og centraliseret, hvilket giver stativerne et mere sikkert fodf\u00e6ste. <\/p>\n<p>&nbsp;<\/p>\n<p>St\u00f8rre udvalg af valgfri d\u00e6kplade-pakker:<\/p>\n<p>Der er nu et st\u00f8rre udvalg af valgfri d\u00e6kplade-pakker (s\u00e6lges separat), som giver dig st\u00f8rre fleksibilitet, n\u00e5r du skal v\u00e6lge den ideelle d\u00e6kpladest\u00f8rrelse til dine h\u00f8jttalere.<\/p>\n<p>&nbsp;<\/p>\n<p>25 % h\u00f8jere b\u00e6reevne for h\u00f8jttalere:<\/p>\n<p>De reviderede stativer kan nu b\u00e6re h\u00f8jttalere p\u00e5 op til 10 kg eller 12,5 kg ved delvis belastning med Atacama Atabites og er dermed velegnede til et st\u00f8rre udvalg af h\u00f8jttalere.<\/p>\n<p>De nye Atacama Moseco .1 h\u00f8jttalerstandere er fremstillet i Storbritannien af materialer af h\u00f8j kvalitet og har 2 \u00e5rs garanti. De er et fremragende valg for alle, der s\u00f8ger en kraftfuld, alsidig og elegant h\u00f8jttalerstander. <\/p>\n<p>&nbsp;<\/p>\n<p>Her er nogle flere detaljer om de reviderede Atacama Moseco .1 h\u00f8jttalerstandere:<\/p>\n<p>Stativets bundplader er fremstillet af h\u00f8jdensitetsbambus, der er produceret efter vores egne specifikationer. Det er et b\u00e6redygtigt og akustisk neutralt materiale. <\/p>\n<p>&nbsp;<\/p>\n<p>Stativerne har kabelstyring via det bageste lodrette st\u00f8tter\u00f8r og kan rumme h\u00f8jttalerkabler med en diameter p\u00e5 op til 15 mm. (Se bem\u00e6rkninger). <\/p>\n<p>Stativene f\u00e5s i forskellige h\u00f8jder og udf\u00f8relser, der passer til dine h\u00f8jttalers krav og indretning.<\/p>\n<p>&nbsp;<\/p>\n<p>Stativerne er nemme at montere og justere takket v\u00e6re de medf\u00f8lgende M8 BZP-bundspidser (komplet med kontram\u00f8trikker).<\/p>\n<p>&nbsp;<\/p>\n<p>Stativerne leveres som standard med mini-gelpuder til den \u00f8verste plade for at sikre, beskytte og lydd\u00e6mpe undersiden af dine h\u00f8jttalere.<\/p>\n<p>&nbsp;<\/p>\n<p>Detaljer om kabelf\u00f8ring:<\/p>\n<p>BEM\u00c6RK VENLIGST:<\/p>\n<p>Hullets diameter er 18 mm.<\/p>\n<p>R\u00f8rets samlede udvendige diameter er 28 mm.<\/p>\n<p>Da h\u00f8jttalerkablet skal drejes 90 grader i r\u00f8ret, b\u00f8r h\u00f8jttalerkabler med en diameter p\u00e5 op til 15 mm kunne passe gennem hullerne, afh\u00e6ngigt af kablets fleksibilitet.<\/p>\n<p>N\u00e5r kablet er f\u00f8rt gennem r\u00f8ret, skal der monteres bananstik eller fladstik p\u00e5 kablet.<\/p>\n","protected":false},"excerpt":{"rendered":"<p>\u2713 Smukt design og fremragende finish<br \/>\n\u2713 Stor belastbarhed og universel anvendelse<br \/>\n\u2713 Inkluderer isolerende gelpuder fra Atacama, designet og fremstillet i Storbritannien<\/p>\n","protected":false},"featured_media":3062,"comment_status":"open","ping_status":"closed","template":"","meta":[],"product_brand":[],"product_cat":[255,260],"product_tag":[],"class_list":{"0":"post-3054","1":"product","2":"type-product","3":"status-publish","4":"has-post-thumbnail","6":"product_cat-hoejttalerstativer","7":"product_cat-atacama-moseco-da","8":"product_shipping_class-op-til-20-kg","9":"pa_basisplatte-b-x-t-245-mm-x-280-mm-da-2","10":"pa_belastung-pro-staender-10-kg-da-2","11":"pa_deckplatte-b-x-t-130-mm-x-170-mm-da","12":"pa_gesamthoehe-560-mm-da-2","13":"pa_holzfarbe-lys-bambus","14":"pa_material-farbe-basisplatte-lys-bambus","15":"pa_material-farbe-staender-mat-sort","16":"tm-has-options","18":"first","19":"instock","20":"taxable","21":"shipping-taxable","22":"purchasable","23":"product-type-simple"},"_links":{"self":[{"href":"https:\/\/pulsschlag24.com\/da\/wp-json\/wp\/v2\/product\/3054","targetHints":{"allow":["GET"]}}],"collection":[{"href":"https:\/\/pulsschlag24.com\/da\/wp-json\/wp\/v2\/product"}],"about":[{"href":"https:\/\/pulsschlag24.com\/da\/wp-json\/wp\/v2\/types\/product"}],"replies":[{"embeddable":true,"href":"https:\/\/pulsschlag24.com\/da\/wp-json\/wp\/v2\/comments?post=3054"}],"wp:featuredmedia":[{"embeddable":true,"href":"https:\/\/pulsschlag24.com\/da\/wp-json\/wp\/v2\/media\/3062"}],"wp:attachment":[{"href":"https:\/\/pulsschlag24.com\/da\/wp-json\/wp\/v2\/media?parent=3054"}],"wp:term":[{"taxonomy":"product_brand","embeddable":true,"href":"https:\/\/pulsschlag24.com\/da\/wp-json\/wp\/v2\/product_brand?post=3054"},{"taxonomy":"product_cat","embeddable":true,"href":"https:\/\/pulsschlag24.com\/da\/wp-json\/wp\/v2\/product_cat?post=3054"},{"taxonomy":"product_tag","embeddable":true,"href":"https:\/\/pulsschlag24.com\/da\/wp-json\/wp\/v2\/product_tag?post=3054"}],"curies":[{"name":"wp","href":"https:\/\/api.w.org\/{rel}","templated":true}]}}