{"id":3051,"date":"2025-09-16T13:16:37","date_gmt":"2025-09-16T11:16:37","guid":{"rendered":"https:\/\/pulsschlag24.com\/produkt\/european-exclusive-atacama-apollo-cyclone-5-xl-hoejttalerstativ-515-mm-sort-bundplade-i-sapelli-mahogni\/"},"modified":"2025-09-16T13:16:37","modified_gmt":"2025-09-16T11:16:37","slug":"european-exclusive-atacama-apollo-cyclone-5-xl-hoejttalerstativ-515-mm-sort-bundplade-i-sapelli-mahogni","status":"publish","type":"product","link":"https:\/\/pulsschlag24.com\/da\/produkt\/european-exclusive-atacama-apollo-cyclone-5-xl-hoejttalerstativ-515-mm-sort-bundplade-i-sapelli-mahogni\/","title":{"rendered":"\u201cEuropean Exclusive\u201d Atacama Apollo Cyclone 5 XL \u2013 h\u00f8jttalerstativ \u2013 515 mm \u2013 sort &amp; bundplade i sapelli-mahogni"},"content":{"rendered":"<p>\u201cEuropean Exclusive\u201d<\/p>\n<p>&nbsp;<\/p>\n<p>Forbedr din lydoplevelse<\/p>\n<p>Apollo Cyclone XL h\u00f8jttalerstativer er en elegant og funktionel l\u00f8sning til dit hi-fi-anl\u00e6g. V\u00e6lg mellem tre popul\u00e6re h\u00f8jdeindstillinger, s\u00e5 du kan placere dine h\u00f8jttalere perfekt og f\u00e5 den bedste lydkvalitet. <\/p>\n<p>Tilpasning er helt enkelt<\/p>\n<p>Ud over standardpladerne kan der k\u00f8bes ekstra pladepakker separat, s\u00e5 stativerne passer perfekt til dine h\u00f8jttalere. Hver massiv Sapelli-mahogni-bundplade har fire M8-spikes, der effektivt isolerer h\u00f8jttalerstativerne fra gulvet og minimerer vibrationer. <\/p>\n<p>Optimer din lyd<\/p>\n<p>For yderligere tilpasningsmuligheder kan den forreste s\u00f8jle fyldes med Atabites, s\u00e5 h\u00f8jttalerstativerne kan tilpasses dine h\u00f8jttalere og rumakustikken. Til Cyclone 7 XL er en 7 kg d\u00e5se Atabites tilstr\u00e6kkelig (den maksimale b\u00e6reevne for denne model er ca. 6,8 kg). Den bageste s\u00f8jle har store kabel\u00e5bninger til h\u00f8jkvalitets h\u00f8jttalerkabler eller et standard IEC-netkabel \u2013 for en overskuelig og p\u00e6n ops\u00e6tning.  <\/p>\n<p>Komplement\u00e6rt design<\/p>\n<p>Apollo Cyclone XL h\u00f8jttalerstativer passer perfekt til Apollo Storm 6 XL hi-fi-reolen og danner et harmonisk og \u00e6stetisk tiltalende lydsystem. De decentrerede lodrette r\u00f8r giver mulighed for fleksibel placering af dine h\u00f8jttalere og giver dig mulighed for at v\u00e6lge den optimale afstand til v\u00e6ggen. <\/p>\n<p>H\u00f8jkvalitetsmaterialer og forarbejdning<\/p>\n<p>Disse h\u00f8jttalerstandere er fremstillet i Storbritannien af h\u00f8jkvalitets sapelli-mahogni og er designet til at holde i mange \u00e5r. De naturlige farveforskelle, \u00e5rer og knaster er en del af tr\u00e6ets unikke sk\u00f8nhed og udg\u00f8r ikke en fejl. Hvert par Cyclone XL h\u00f8jttalerstandere er et \u00e6stetisk unikat!  <\/p>\n<p>Bem\u00e6rk: Ved brug af stativerne p\u00e5 f\u00f8lsomme gulvbel\u00e6gninger kan det v\u00e6re n\u00f8dvendigt at anvende to pakker eller separat tilg\u00e6ngelige HD-S Spike-sko.<\/p>\n<p>Oplev Apollo Cyclone XL-h\u00f8jttalerstativerne, og forbedr din lydoplevelse allerede i dag.<\/p>\n","protected":false},"excerpt":{"rendered":"<p>\u2713 Smukt design og fremragende forarbejdningskvalitet<br \/>\n\u2713 Stor belastbarhed og universel anvendelighed<br \/>\n\u2713 Inkluderer isolerende gelpuder fra Atacama Designet og fremstillet i Storbritannien<\/p>\n","protected":false},"featured_media":2992,"comment_status":"open","ping_status":"closed","template":"","meta":[],"product_brand":[],"product_cat":[255,256],"product_tag":[],"class_list":{"0":"post-3051","1":"product","2":"type-product","3":"status-publish","4":"has-post-thumbnail","6":"product_cat-hoejttalerstativer","7":"product_cat-atacama-apollo-cyclone-da","8":"product_shipping_class-op-til-20-kg","9":"pa_basisplatte-b-x-t-280-mm-x-350-mm-da-2","10":"pa_belastung-pro-staender-20-kg-da","11":"pa_deckplatte-b-x-t-130-mm-x-170-mm-da","12":"pa_gesamthoehe-515-mm-da","13":"pa_holzfarbe-sapelli-mahogni-da","14":"pa_material-farbe-basisplatte-sapelli-mahogni-da","15":"pa_material-farbe-staender-mat-sort","16":"tm-has-options","18":"first","19":"instock","20":"taxable","21":"shipping-taxable","22":"purchasable","23":"product-type-simple"},"_links":{"self":[{"href":"https:\/\/pulsschlag24.com\/da\/wp-json\/wp\/v2\/product\/3051","targetHints":{"allow":["GET"]}}],"collection":[{"href":"https:\/\/pulsschlag24.com\/da\/wp-json\/wp\/v2\/product"}],"about":[{"href":"https:\/\/pulsschlag24.com\/da\/wp-json\/wp\/v2\/types\/product"}],"replies":[{"embeddable":true,"href":"https:\/\/pulsschlag24.com\/da\/wp-json\/wp\/v2\/comments?post=3051"}],"wp:featuredmedia":[{"embeddable":true,"href":"https:\/\/pulsschlag24.com\/da\/wp-json\/wp\/v2\/media\/2992"}],"wp:attachment":[{"href":"https:\/\/pulsschlag24.com\/da\/wp-json\/wp\/v2\/media?parent=3051"}],"wp:term":[{"taxonomy":"product_brand","embeddable":true,"href":"https:\/\/pulsschlag24.com\/da\/wp-json\/wp\/v2\/product_brand?post=3051"},{"taxonomy":"product_cat","embeddable":true,"href":"https:\/\/pulsschlag24.com\/da\/wp-json\/wp\/v2\/product_cat?post=3051"},{"taxonomy":"product_tag","embeddable":true,"href":"https:\/\/pulsschlag24.com\/da\/wp-json\/wp\/v2\/product_tag?post=3051"}],"curies":[{"name":"wp","href":"https:\/\/api.w.org\/{rel}","templated":true}]}}