{"id":2909,"date":"2025-05-05T14:36:18","date_gmt":"2025-05-05T12:36:18","guid":{"rendered":"https:\/\/pulsschlag24.com\/produkt\/atacama-elite-eco-24-reference-series-hi-fi-reol-moerk-bambus\/"},"modified":"2025-05-05T14:36:18","modified_gmt":"2025-05-05T12:36:18","slug":"atacama-elite-eco-24-reference-series-hi-fi-reol-moerk-bambus","status":"publish","type":"product","link":"https:\/\/pulsschlag24.com\/da\/produkt\/atacama-elite-eco-24-reference-series-hi-fi-reol-moerk-bambus\/","title":{"rendered":"Atacama ELITE ECO 24 Reference Series &#8211; Hi-Fi-reol &#8211; M\u00f8rk bambus"},"content":{"rendered":"<p>Atacama Elite Eco 24 Reference Hifi Rack &#8211; tager din hi-fi-oplevelse til et nyt niveau med innovativt design<\/p>\n<p>Fordyb dig i det ypperste inden for lyd med Atacama Elite Eco 24 modul\u00e6re hi-fi-stativ fra Reference-serien. Vinderen af den prestigefyldte 5-stjernede pris, dette hi-fi-stativ, er kendetegnet ved et uds\u00f8gt, semi-lukket design i ren bambus, der b\u00e5de er visuelt tiltalende og akustisk avanceret.<br \/>\nTil kenderen, der kr\u00e6ver den h\u00f8jeste kvalitet, introducerer Elite Eco 24 Reference de revolutionerende Three-Dimensional Advanced Vectored Resonance Deflection Channels (3D-A.V.R.D.C.). Denne banebrydende teknologi s\u00e6tter en ny standard inden for Atacama-m\u00f8beldesign og giver uovertruffen kontrol og effektivitet.<br \/>\nElite Eco 24 Reference kan nemt underst\u00f8tte hi-fi-komponenter p\u00e5 op til 80 kg pr. modul med en maksimal kapacitet p\u00e5 250 kg for et fuldt monteret rack.  <\/p>\n<p>Men det, der g\u00f8r Elite Eco 24 s\u00e5 speciel, er den innovative 3D A.V.R.D.C.-teknologi. Denne funktion afb\u00f8jer dygtigt u\u00f8nskede resonanser v\u00e6k fra dit v\u00e6rdifulde lydudstyr. Bambuspanelerne er strategisk sk\u00e5ret med lodrette kanaler, som i kombination med rillerne i hylderne og benene kanaliserer den mekaniske resonans til h\u00f8jdest\u00f8tterne. Disse st\u00f8tter overf\u00f8rer derefter energien til de justerbare isolationsspikes i gulvet. Disse isoleringspigge forbedrer ikke kun stabiliteten, men skaber ogs\u00e5 en lille \u00e5bning p\u00e5 hver side af reolen, s\u00e5 luften kan cirkulere optimalt omkring dine hi-fi-komponenter og give bedre ventilation.<br \/>\nFor at sikre en uber\u00f8rt lydoplevelse har de fire basismodulf\u00f8dder nikkelbelagte, omvendte frustrum-kegler mellem bambussen og gulvpiggene for at forhindre feedback fra gulvet.    <\/p>\n<p>Tag dit hi-fi-system til et nyt niveau med Atacama Elite Eco 24 hi-fi-hylden &#8211; hvor innovativt design m\u00f8der uovertruffen ydeevne.<\/p>\n","protected":false},"excerpt":{"rendered":"<p>\u2713 Belastningskapacitet op til 80 kg pr. modul<br \/>\n\u2713 Samlet kapacitet 250 kg<br \/>\n\u2713 3D-A.V.R.D.C-teknologi fjerner resonanser<\/p>\n","protected":false},"featured_media":1360,"comment_status":"open","ping_status":"closed","template":"","meta":[],"product_brand":[],"product_cat":[245,249],"product_tag":[],"class_list":{"0":"post-2909","1":"product","2":"type-product","3":"status-publish","4":"has-post-thumbnail","6":"product_cat-hi-fi-racks-da","7":"product_cat-atacama-elite-eco-da","8":"product_shipping_class-bis-30-kg-da","9":"pa_breite-aussen-600-mm-da","10":"pa_breite-innen-520-mm-da","11":"pa_holzfarbe-moerk-bambus","12":"pa_regalbrettstaerke-massiv-40-mm-bambus","13":"pa_tiefe-aussen-400-mm-da","14":"pa_tiefe-innen-300-mm-da","15":"tm-has-options","17":"first","18":"outofstock","19":"taxable","20":"shipping-taxable","21":"purchasable","22":"product-type-simple"},"_links":{"self":[{"href":"https:\/\/pulsschlag24.com\/da\/wp-json\/wp\/v2\/product\/2909","targetHints":{"allow":["GET"]}}],"collection":[{"href":"https:\/\/pulsschlag24.com\/da\/wp-json\/wp\/v2\/product"}],"about":[{"href":"https:\/\/pulsschlag24.com\/da\/wp-json\/wp\/v2\/types\/product"}],"replies":[{"embeddable":true,"href":"https:\/\/pulsschlag24.com\/da\/wp-json\/wp\/v2\/comments?post=2909"}],"wp:featuredmedia":[{"embeddable":true,"href":"https:\/\/pulsschlag24.com\/da\/wp-json\/wp\/v2\/media\/1360"}],"wp:attachment":[{"href":"https:\/\/pulsschlag24.com\/da\/wp-json\/wp\/v2\/media?parent=2909"}],"wp:term":[{"taxonomy":"product_brand","embeddable":true,"href":"https:\/\/pulsschlag24.com\/da\/wp-json\/wp\/v2\/product_brand?post=2909"},{"taxonomy":"product_cat","embeddable":true,"href":"https:\/\/pulsschlag24.com\/da\/wp-json\/wp\/v2\/product_cat?post=2909"},{"taxonomy":"product_tag","embeddable":true,"href":"https:\/\/pulsschlag24.com\/da\/wp-json\/wp\/v2\/product_tag?post=2909"}],"curies":[{"name":"wp","href":"https:\/\/api.w.org\/{rel}","templated":true}]}}