{"id":2898,"date":"2025-05-05T14:36:11","date_gmt":"2025-05-05T12:36:11","guid":{"rendered":"https:\/\/pulsschlag24.com\/produkt\/atacama-evoque-eco-65-60-se2-reference-hi-fi-reol-moerk-bambus\/"},"modified":"2026-04-22T14:00:08","modified_gmt":"2026-04-22T12:00:08","slug":"atacama-evoque-eco-65-60-se2-reference-hi-fi-reol-moerk-bambus","status":"publish","type":"product","link":"https:\/\/pulsschlag24.com\/da\/produkt\/atacama-evoque-eco-65-60-se2-reference-hi-fi-reol-moerk-bambus\/","title":{"rendered":"Atacama EVOQUE ECO 65\/60 SE2 Reference &#8211; Hi-Fi-reol &#8211; M\u00f8rk bambus"},"content":{"rendered":"<p>Atacama Evoque Eco 65-60 SE2 Reference Series kombinerer de seneste teknologiske forbedringer fra den prisbel\u00f8nnede Evoque-serie og tilbyder yderligere forbedringer af afb\u00f8jningskanalerne og benkomponenternes design i forhold til standard Evoque og Evoque Eco Special Edition. Beslaget i Reference-serien er som standard udstyret med mekanisk afstemte pigge i rustfrit st\u00e5l, som giver en 50 % h\u00f8jere belastningskapacitet pr. modul sammenlignet med Evoque Eco 60-40 SE2. Det har ogs\u00e5 en betydeligt st\u00f8rre lejebredde (65 cm) og -dybde (60 cm), s\u00e5 det kan rumme st\u00f8rre hi-fi-komponenter.<br \/>\nFunktioner og fordele ved Evoque SE2 Reference-serien  <\/p>\n<p>1. Bambusgulve med h\u00f8j densitet.<br \/>\nAtacamas karboniserede bambus med h\u00f8j densitet giver betydelige lydm\u00e6ssige fordele i forhold til konventionelle h\u00e5rdttr\u00e6s- og finergulve. Den unikke mikropor\u00f8se struktur giver fremragende vibrationsd\u00e6mpning og resonanskontrol. Produktionsprocessen, lagdelingen, t\u00e6theden og den samlede tykkelse er specielt udvalgt for at optimere de akustiske resultater.  <\/p>\n<p>2. A.S.I.S.T. d\u00e6mpende t\u00e6tninger.<br \/>\nAtacama Sonic Isolation System Technology (A.S.I.S.T.) er integreret i hvert modul. Det best\u00e5r af to d\u00e6mpningst\u00e6tninger* i hvert ben, som reducerer resonans og isolerer aluminiumskomponenterne fra den ydre benkrave. <\/p>\n<p>3. \u00d8vre og nedre aluminiumsh\u00e6tter, forbundet via indvendige bolte.<br \/>\nDisse komponenter fungerer som resonansledere og leder energien v\u00e6k fra bambushylderne, s\u00e5 den kan spredes til gulvet.<\/p>\n<p>4. Mekanisk afstemte benl\u00e6ngder*<br \/>\nBenl\u00e6ngderne er 20 mm l\u00e6ngere end den tilsvarende benh\u00f8jde p\u00e5 en standard Evoque. Det reducerer resonansfrekvensen for hvert modul* i forhold til en sammenlignelig standard-Evoque. <\/p>\n<p>5. Modv\u00e6gte til benindstilling*<br \/>\nVed at fastg\u00f8re fuldt justerbare frostrum-modv\u00e6gte af forniklet bronze til de indvendige benbolte* kan modulfrekvensen justeres for at reducere resonansen i de respektive enheder.<\/p>\n<p>6. SE2-opgradering i forhold til SE &#8211; forbedrede mekanisk afstemte benl\u00e6ngder*<br \/>\nBenl\u00e6ngderne er 5 mm l\u00e6ngere end standard Evoque SE. Det reducerer resonansfrekvensen for hvert modul* yderligere i forhold til en sammenlignelig standard Evoque SE. <\/p>\n<p>7. SE2-opgradering i forhold til SE &#8211; A.V.R.D.C Advanced Vectored Resonance Deflection Channels.<br \/>\nHvert Bamboo-panel har nye A.V.R.D.C Advanced Vectored Resonance Deflection Channels.<\/p>\n<p>A.V.R.D.C. er det tredimensionelle, buede geometriske design, der er indbygget i undersiden af hvert modul. Dette nyudviklede, multi-buede m\u00f8nster neutraliserer h\u00f8jfrekvent harmonisk energi ved at lede den v\u00e6k fra de underst\u00f8ttede enheder til benenes jordforbindelse. Hver kanal er sk\u00e5ret i en V-form og derefter buet for at lede den maksimale m\u00e6ngde energi, der kommer ind i hylden lodret, til benkomponenterne vandret. P\u00e5 den m\u00e5de undg\u00e5r man resonansfeedback og maksimerer hvert moduls ydeevne.   <\/p>\n<p>8. SE2 Reference Series-opgradering i forhold til SE2 &#8211; avancerede isoleringskegler i rustfrit st\u00e5l.<br \/>\nFordi s\u00e5 meget resonans kanaliseres v\u00e6k fra bambussen, er spike-gr\u00e6nsefladen nu blevet \u00e5bnet bredere. P\u00e5 den m\u00e5de undg\u00e5r man at indsn\u00e6vre energien og lader den sprede sig frit til gulvet. De nye pigge er l\u00e6ngere og formet til at maksimere energioverf\u00f8rslen mellem modulerne, samtidig med at de giver en vis isolering. Vi kalder dette \u00bbmekanisk jording\u00ab. Piggene i referenceserien er lavet af rustfrit st\u00e5l og giver mulighed for en 50 % h\u00f8jere b\u00e6reevne pr. modul.    <\/p>\n<p>9. SE2-opgradering i forhold til SE &#8211; bambuspaneler med sidekanter.<br \/>\nDe konturerede kanter p\u00e5 de to sideflader af hvert bambusmodul undg\u00e5r resonansenergi i form af st\u00e5ende b\u00f8lger og leder den i stedet til de nye AVRDC-kanaler, hvilket \u00f8ger effektiviteten af hver hylde. N\u00e5r b\u00f8lgen preller af p\u00e5 kantoverfladen, \u00e6ndrer den fase. I tilf\u00e6lde af b\u00f8lger, der skaber en st\u00e5ende b\u00f8lge, er den reflekterede b\u00f8lge et spejlbillede af den oprindelige. B\u00f8lgerne kombineres derefter. Hvis amplituderne af de to b\u00f8lger har samme fortegn (begge positive \/ begge negative), l\u00e6gges de sammen til en b\u00f8lge med st\u00f8rre amplitude. Denne tilf\u00f8jelse er kendt som konstruktiv interferens. Konturering af sidekanterne hj\u00e6lper med at undg\u00e5 dette.      <\/p>\n","protected":false},"excerpt":{"rendered":"<p>\u2713 H\u00f8j belastningskapacitet og universel brug<br \/>\n\u2713 St\u00f8rre hylde (650 mm x 600 mm) til at rumme st\u00f8rre hi-fi-komponenter<br \/>\n\u2713 Udvidede vektorresonansafb\u00f8jningskanaler<\/p>\n","protected":false},"featured_media":1302,"comment_status":"open","ping_status":"closed","template":"","meta":[],"product_brand":[],"product_cat":[245,252],"product_tag":[],"class_list":{"0":"post-2898","1":"product","2":"type-product","3":"status-publish","4":"has-post-thumbnail","6":"product_cat-hi-fi-racks-da","7":"product_cat-atacama-evoque-eco-da","8":"product_shipping_class-bis-30-kg-da","9":"pa_breite-innen-550-mm-da","10":"pa_farbe-der-saeulenmodule-silkesorte-soejler","11":"pa_holzfarbe-moerk-bambus","12":"pa_regalbrettstaerke-massiv-40-mm-bambus","13":"pa_tiefe-aussen-600-mm-da","14":"pa_tiefe-innen-500-mm-da","15":"tm-has-options","17":"first","18":"outofstock","19":"taxable","20":"shipping-taxable","21":"purchasable","22":"product-type-simple"},"_links":{"self":[{"href":"https:\/\/pulsschlag24.com\/da\/wp-json\/wp\/v2\/product\/2898","targetHints":{"allow":["GET"]}}],"collection":[{"href":"https:\/\/pulsschlag24.com\/da\/wp-json\/wp\/v2\/product"}],"about":[{"href":"https:\/\/pulsschlag24.com\/da\/wp-json\/wp\/v2\/types\/product"}],"replies":[{"embeddable":true,"href":"https:\/\/pulsschlag24.com\/da\/wp-json\/wp\/v2\/comments?post=2898"}],"wp:featuredmedia":[{"embeddable":true,"href":"https:\/\/pulsschlag24.com\/da\/wp-json\/wp\/v2\/media\/1302"}],"wp:attachment":[{"href":"https:\/\/pulsschlag24.com\/da\/wp-json\/wp\/v2\/media?parent=2898"}],"wp:term":[{"taxonomy":"product_brand","embeddable":true,"href":"https:\/\/pulsschlag24.com\/da\/wp-json\/wp\/v2\/product_brand?post=2898"},{"taxonomy":"product_cat","embeddable":true,"href":"https:\/\/pulsschlag24.com\/da\/wp-json\/wp\/v2\/product_cat?post=2898"},{"taxonomy":"product_tag","embeddable":true,"href":"https:\/\/pulsschlag24.com\/da\/wp-json\/wp\/v2\/product_tag?post=2898"}],"curies":[{"name":"wp","href":"https:\/\/api.w.org\/{rel}","templated":true}]}}