{"id":2889,"date":"2025-08-22T21:19:22","date_gmt":"2025-08-22T19:19:22","guid":{"rendered":"https:\/\/pulsschlag24.com\/produkt\/atacama-apollo-storm-6-premium-black-edition-hi-fi-reol-sort-kan-tilpasses\/"},"modified":"2025-09-29T10:55:46","modified_gmt":"2025-09-29T08:55:46","slug":"atacama-apollo-storm-6-premium-black-edition-hi-fi-reol-sort-kan-tilpasses","status":"publish","type":"product","link":"https:\/\/pulsschlag24.com\/da\/produkt\/atacama-apollo-storm-6-premium-black-edition-hi-fi-reol-sort-kan-tilpasses\/","title":{"rendered":"Atacama APOLLO \u2013 STORM 6 Premium Black Edition \u2013 Hi-Fi-reol \u2013 Sort \u2013 Kan tilpasses"},"content":{"rendered":"<p>APOLLO &#8211; STORM 6 er en del af Atacama Storm-serien.<\/p>\n<p>Vi pr\u00e6senterer det prisbel\u00f8nnede Apollo Storm 6 HiFi-rack Premium Black Edition<\/p>\n<p>Forbedr din lydoplevelse med Apollo Storm 6, et modul\u00e6rt hi-fi-rack i massivt egetr\u00e6, der er blevet anerkendt for sin fremragende ydeevne af What HiFi? Sound &amp; Vision Magazine (januar 2018).<\/p>\n<p>&nbsp;<\/p>\n<p>Udviklet til fremragende lyd:<\/p>\n<ul>\n<li>Pr\u00e6cisionsteknik: Hvert reolmodul er omhyggeligt CNC-fr\u00e6set for at sikre en perfekt pasform og optimal ydeevne.<\/li>\n<li>H\u00e5ndlavet kvalitet: Engagerede h\u00e5ndv\u00e6rkere s\u00f8rger for en visuelt imponerende \u00e6stetik, der passer perfekt til din boligindretning.<\/li>\n<li>Isoleringsteknologi: Den flerlagede isolering med polymerskiver, messingindsatser og justerbare st\u00e5lspidser minimerer resonanser og eksterne vibrationer og sikrer den bedst mulige lyd.<\/li>\n<li>Vridningsstiv konstruktion: Den massive kompositkonstruktion af h\u00e5rdttr\u00e6 (27 mm) giver enest\u00e5ende stabilitet og resonansabsorption.<\/li>\n<li>NY finish p\u00e5 Premium Black Edition \u2013 for- og sidekanter lakeret i silkemat sort, undersiden m\u00f8rkbejdset for at fremh\u00e6ve den \u00e6gte tr\u00e6struktur.<\/li>\n<\/ul>\n<p>Tilpasset dine behov:<\/p>\n<ul>\n<li>Modul\u00e6rt design: Dette rack er fleksibelt. Du kan v\u00e6lge hvert modul i henhold til dit udstyr og din plads. Du skal blot tilf\u00f8je eller fjerne det \u00f8nskede antal moduler og benh\u00f8jde til din indk\u00f8bskurv, s\u00e5 justeres prisen automatisk ved kassen.<\/li>\n<li>Individuel opbevaring: V\u00e6lg mellem fire opbevaringsh\u00f8jder for at skabe den perfekte konfiguration til dine hi-fi-komponenter. Modulerne f\u00e5s i h\u00f8jderne 60 mm, 135 mm, 185 mm og 235 mm.<\/li>\n<\/ul>\n<p>Naturlig sk\u00f8nhed:<\/p>\n<p>Konstruktionen i massivt m\u00f8rkt egetr\u00e6 giver reolen et strejf af elegance, og de naturlige variationer i farve og \u00e5retegning g\u00f8r hver reol unik. Bem\u00e6rk, at egetr\u00e6 med tiden bliver m\u00f8rkere, is\u00e6r ved uds\u00e6ttelse for sollys. For at opn\u00e5 et ensartet udseende b\u00f8r du k\u00f8be alle de n\u00f8dvendige moduler p\u00e5 forh\u00e5nd.<\/p>\n<p>Apollo Storm 6, der er udviklet og produceret i Storbritannien, er det perfekte valg for audiofile, der v\u00e6rds\u00e6tter b\u00e5de fremragende ydeevne og tidl\u00f8s stil.<\/p>\n","protected":false},"excerpt":{"rendered":"<p>\u2713 alle kombinationer af reolmoduler kan bruges<br \/>\n\u2713 bedste forarbejdning af materialer<br \/>\n\u2713 st\u00e6rk b\u00e6reevne og universelt anvendelig<br \/>\n\u2713 designet og fremstillet i Storbritannien<\/p>\n","protected":false},"featured_media":2591,"comment_status":"open","ping_status":"closed","template":"","meta":[],"product_brand":[],"product_cat":[245,246],"product_tag":[],"class_list":{"0":"post-2889","1":"product","2":"type-product","3":"status-publish","4":"has-post-thumbnail","6":"product_cat-hi-fi-racks-da","7":"product_cat-atacama-apollo-da","8":"product_shipping_class-bis-30-kg-da","9":"pa_breite-aussen-590-mm-da","10":"pa_breite-innen-510-mm-da","11":"pa_farbe-der-saeulenmodule-silkesorte-soejler","12":"pa_holzfarbe-sort","13":"pa_regalbrettstaerke-massiv-27-mm-eg","14":"pa_tiefe-aussen-450-mm-da","15":"pa_tiefe-innen-370-mm-da","16":"tm-has-options","18":"first","19":"instock","20":"taxable","21":"shipping-taxable","22":"purchasable","23":"product-type-simple"},"_links":{"self":[{"href":"https:\/\/pulsschlag24.com\/da\/wp-json\/wp\/v2\/product\/2889","targetHints":{"allow":["GET"]}}],"collection":[{"href":"https:\/\/pulsschlag24.com\/da\/wp-json\/wp\/v2\/product"}],"about":[{"href":"https:\/\/pulsschlag24.com\/da\/wp-json\/wp\/v2\/types\/product"}],"replies":[{"embeddable":true,"href":"https:\/\/pulsschlag24.com\/da\/wp-json\/wp\/v2\/comments?post=2889"}],"wp:featuredmedia":[{"embeddable":true,"href":"https:\/\/pulsschlag24.com\/da\/wp-json\/wp\/v2\/media\/2591"}],"wp:attachment":[{"href":"https:\/\/pulsschlag24.com\/da\/wp-json\/wp\/v2\/media?parent=2889"}],"wp:term":[{"taxonomy":"product_brand","embeddable":true,"href":"https:\/\/pulsschlag24.com\/da\/wp-json\/wp\/v2\/product_brand?post=2889"},{"taxonomy":"product_cat","embeddable":true,"href":"https:\/\/pulsschlag24.com\/da\/wp-json\/wp\/v2\/product_cat?post=2889"},{"taxonomy":"product_tag","embeddable":true,"href":"https:\/\/pulsschlag24.com\/da\/wp-json\/wp\/v2\/product_tag?post=2889"}],"curies":[{"name":"wp","href":"https:\/\/api.w.org\/{rel}","templated":true}]}}