{"id":2857,"date":"2025-05-05T14:35:58","date_gmt":"2025-05-05T12:35:58","guid":{"rendered":"https:\/\/pulsschlag24.com\/produkt\/atacama-apollo-podium-6-hi-fi-reol-moerk-eg-opbevaring-af-vinyl\/"},"modified":"2026-04-22T13:59:51","modified_gmt":"2026-04-22T11:59:51","slug":"atacama-apollo-podium-6-hi-fi-reol-moerk-eg-opbevaring-af-vinyl","status":"publish","type":"product","link":"https:\/\/pulsschlag24.com\/da\/produkt\/atacama-apollo-podium-6-hi-fi-reol-moerk-eg-opbevaring-af-vinyl\/","title":{"rendered":"Atacama APOLLO &#8211; PODIUM 6 &#8211; Hi-Fi-reol &#8211; M\u00f8rk eg &#8211; Opbevaring af vinyl"},"content":{"rendered":"<p>Apollo Podium 6 HiFi vinylopbevaringsmodul: En alsidig tilf\u00f8jelse til din lydops\u00e6tning<\/p>\n<p>Udvid dit Apollo Podium 6 hi-fi-rack med Apollo Podium 6 vinylopbevaringsmodul.<\/p>\n<p>Den angivne pris er for ET Podium 6 vinylopbevaringsmodul.<\/p>\n<p>Der skal enten placeres et podium 6-basismodul eller et hyldemodul under dette modul.<\/p>\n<p>Der kan maksimalt stables to vinylopbevaringsmoduler oven p\u00e5 hinanden, og de skal placeres p\u00e5 de to nederste niveauer i en komplet Podium 6-reol.<\/p>\n<p>Apollo Podium 6 HiFi Vinyl Storage Module er en elegant og funktionel l\u00f8sning til at organisere din vinylsamling. Det er designet til at supplere Apollo Podium 6 HiFi Modular Rack og giver en alsidig opbevaringsmulighed for vinyl og lydkomponenter. <\/p>\n<p>Vigtigste funktioner:<\/p>\n<p>Modul\u00e6rt design: Kan nemt integreres i Apollo Podium 6-hyldemodulerne for at skabe et skr\u00e6ddersyet opbevaringssystem.<br \/>\nAlsidig opbevaring: Giver plads til plader og lydkomponenter og tilf\u00f8jer fleksibilitet til din ops\u00e6tning.<br \/>\nAftagelige tv\u00e6rstivere: Tilpas modulets indre, s\u00e5 det passer til dine individuelle opbevaringsbehov.<br \/>\nStabelbart design: Kombiner flere moduler for at f\u00e5 mere opbevaringsplads. Op til to moduler kan stables i samme rack.<br \/>\nMaterialer af h\u00f8j kvalitet: Fremstillet af robust, massivt europ\u00e6isk egetr\u00e6 med nikkelbelagte messingpigge for optimal isolering og stabilitet.<br \/>\nPerfekt til: <\/p>\n<p>Vinylentusiaster, der leder efter en stilfuld og organiseret opbevaringsl\u00f8sning.<br \/>\nAudiophiler, der gerne vil vise deres udstyr frem og samtidig skabe et rent og ryddeligt rum.<br \/>\nForbedr din lytteoplevelse<\/p>\n<p>Apollo Podium 6 hi-fi-vinylopbevaringsmodul giver ikke kun praktisk opbevaringsplads, men tilf\u00f8jer ogs\u00e5 et strejf af elegance til din lydops\u00e6tning. De rene linjer og materialer af h\u00f8j kvalitet passer til mange forskellige indretningsstile. <\/p>\n<p>Invester i kvalitet<\/p>\n<p>Med Apollo Podium 6 investerer du i et holdbart produkt af h\u00f8j kvalitet, som vil forbedre din lytteoplevelse i mange \u00e5r fremover.<\/p>\n<p>VIGTIGT<\/p>\n<p>Bem\u00e6rk: Apollo Podium 6-modulerne kan ikke udskiftes med Podium-serien fra hifi Racks Ltd p\u00e5 grund af forskellige tekniske specifikationer. Oplev forskellen med Apollo Podium 6 hi-fi-rack. Bestil i dag, og tag din lydops\u00e6tning til det n\u00e6ste niveau.  <\/p>\n<p>Naturlig sk\u00f8nhed:<\/p>\n<p>Konstruktionen i massiv natureg giver reolen et strejf af elegance, og de naturlige farve- og \u00e5rringsvariationer g\u00f8r hver reol unik. Bem\u00e6rk, at egetr\u00e6 naturligt bliver m\u00f8rkere med tiden, is\u00e6r hvis det uds\u00e6ttes for sollys. For at f\u00e5 et ensartet udseende anbefales det at k\u00f8be alle de n\u00f8dvendige moduler p\u00e5 forh\u00e5nd.  <\/p>\n","protected":false},"excerpt":{"rendered":"<p>\u2713 Hifi-reolen passer til alle m\u00e6rker og modeller<br \/>\n\u2713 S\u00f8jlemoduler i eg<br \/>\n\u2713 H\u00f8j belastningskapacitet og universel brug<br \/>\n\u2713 Alle kombinationer af hyldemoduler kan bruges<\/p>\n","protected":false},"featured_media":1210,"comment_status":"open","ping_status":"closed","template":"","meta":[],"product_brand":[],"product_cat":[245,246],"product_tag":[],"class_list":{"0":"post-2857","1":"product","2":"type-product","3":"status-publish","4":"has-post-thumbnail","6":"product_cat-hi-fi-racks-da","7":"product_cat-atacama-apollo-da","8":"product_shipping_class-bis-30-kg-da","9":"pa_breite-aussen-550-mm-da","10":"pa_breite-innen-500-mm-da","11":"pa_farbe-der-saeulenmodule-moerk-eg","12":"pa_hoehe-innen-innenlagerhoehe-340-mm-da","13":"pa_holzfarbe-moerk-eg","14":"pa_regalbrettstaerke-massiv-27-mm-eg","15":"pa_tiefe-aussen-450-mm-da","16":"pa_tiefe-innen-360-mm-da","17":"tm-has-options","19":"first","20":"instock","21":"taxable","22":"shipping-taxable","23":"purchasable","24":"product-type-simple"},"_links":{"self":[{"href":"https:\/\/pulsschlag24.com\/da\/wp-json\/wp\/v2\/product\/2857","targetHints":{"allow":["GET"]}}],"collection":[{"href":"https:\/\/pulsschlag24.com\/da\/wp-json\/wp\/v2\/product"}],"about":[{"href":"https:\/\/pulsschlag24.com\/da\/wp-json\/wp\/v2\/types\/product"}],"replies":[{"embeddable":true,"href":"https:\/\/pulsschlag24.com\/da\/wp-json\/wp\/v2\/comments?post=2857"}],"wp:featuredmedia":[{"embeddable":true,"href":"https:\/\/pulsschlag24.com\/da\/wp-json\/wp\/v2\/media\/1210"}],"wp:attachment":[{"href":"https:\/\/pulsschlag24.com\/da\/wp-json\/wp\/v2\/media?parent=2857"}],"wp:term":[{"taxonomy":"product_brand","embeddable":true,"href":"https:\/\/pulsschlag24.com\/da\/wp-json\/wp\/v2\/product_brand?post=2857"},{"taxonomy":"product_cat","embeddable":true,"href":"https:\/\/pulsschlag24.com\/da\/wp-json\/wp\/v2\/product_cat?post=2857"},{"taxonomy":"product_tag","embeddable":true,"href":"https:\/\/pulsschlag24.com\/da\/wp-json\/wp\/v2\/product_tag?post=2857"}],"curies":[{"name":"wp","href":"https:\/\/api.w.org\/{rel}","templated":true}]}}