{"id":2746,"date":"2025-08-29T08:21:23","date_gmt":"2025-08-29T06:21:23","guid":{"rendered":"https:\/\/pulsschlag24.com\/produkt\/atacama-apollo-storm-10-premium-black-edition-hi-fi-rack-135-mm-hylde-med-vinylopbevaring-sort\/"},"modified":"2025-08-29T08:21:23","modified_gmt":"2025-08-29T06:21:23","slug":"atacama-apollo-storm-10-premium-black-edition-hi-fi-rack-135-mm-hylde-med-vinylopbevaring-sort","status":"publish","type":"product","link":"https:\/\/pulsschlag24.com\/da\/produkt\/atacama-apollo-storm-10-premium-black-edition-hi-fi-rack-135-mm-hylde-med-vinylopbevaring-sort\/","title":{"rendered":"Atacama APOLLO \u2013 STORM 10 \u2013 Premium Black Edition \u2013 Hi-Fi-rack \u2013 135 mm hylde med vinylopbevaring \u2013 Sort"},"content":{"rendered":"<p>F\u00e5 mere ud af din pladesamling med Apollo Storm 10 pladeopbevaringsmodulet \u2013 et imponerende og funktionelt tilbeh\u00f8r til dit Apollo Storm 10 modulrack.<\/p>\n<p>Den nye, innovative tilf\u00f8jelse til dit Apollo Storm 10 modulrack g\u00f8r det muligt at opbevare og pr\u00e6sentere 12-tommer plader ved siden af din pladespiller.<\/p>\n<p>Pr\u00e6senter op til 70 af dine yndlingsalbums, og gennemse nemt din samling for at finde den perfekte lytteoplevelse!<\/p>\n<p>En skridsikker m\u00e5tte p\u00e5 den nederste hylde sikrer, at dine plader ligger sikkert og ikke glider rundt. Pladeopbevaringsmodulet giver maksimal fleksibilitet, da det kan placeres b\u00e5de til venstre og h\u00f8jre, s\u00e5 du kan placere din pladespiller p\u00e5 begge sider. <\/p>\n<p>Dette modul er kompatibelt med to benh\u00f8jder: 135 mm eller 185 mm. Begge benh\u00f8jder giver tilstr\u00e6kkelig plads til hi-fi-anl\u00e6g eller cd&#8217;er under hylden p\u00e5 den modsatte side af pladehylden.<\/p>\n<p>Benene er lakeret i silkesort og f\u00e5s i massivt egetr\u00e6.<\/p>\n<p>BEM\u00c6RK: Storm 10 vinylopbevaringsmodulet skal altid placeres p\u00e5 ekstra standard Storm 10-moduler.<\/p>\n<p>Hvorfor Apollo Storm 10?<\/p>\n<p>Modul\u00e6rt design: Dette rack er fleksibelt designet, s\u00e5 du kan v\u00e6lge pr\u00e6cis det antal, du har brug for til dit udstyr og din plads. Du kan blot tilf\u00f8je eller fjerne de \u00f8nskede moduler i din indk\u00f8bskurv. Prisen justeres automatisk ved betaling.<br \/>\nDesignet til ydeevne: Apollo Storm 10 er ikke kun et smukt m\u00f8bel. Det er omhyggeligt udviklet til at maksimere ydeevnen af dit audiovisuelle udstyr. Den vridningsfrie konstruktion i massivt egetr\u00e6 og det flerlagede isoleringssystem minimerer resonanser og eksterne vibrationer og sikrer den h\u00f8jeste lydkvalitet.<br \/>\nElegant design: Den naturlige egetr\u00e6sfiner med h\u00e5ndlavede detaljer giver ethvert hjemmebiograf eller stue et strejf af elegance. Med to benfarver og fire hydeh\u00f8jder kan du tilpasse reolen individuelt og integrere den perfekt i din eksisterende indretning.<br \/>\nEkstra funktioner:     <\/p>\n<p>Pr\u00e6cisionsfremstillede reolmoduler for perfekt pasform<br \/>\nBenpakke f\u00e5s i sort<br \/>\nFire lagerh\u00f8jdeindstillinger<br \/>\nJusterbare spidser til udligning af uj\u00e6vne gulve (vi anbefaler spidser til f\u00f8lsomme gulve)<br \/>\nMassiv egekonstruktion for stabilitet og holdbarhed<br \/>\nNy opbevaringsmulighed i vinyl p\u00e5 den \u00f8verste hylde<\/p>\n<p>Bem\u00e6rk:<br \/>\nEg er et naturmateriale. Farveforskelle, knaster og \u00e5rer er derfor at forvente. Hvert modul er unikt og bliver m\u00f8rkere med tiden p\u00e5 grund af sollys.<br \/>\nFor at opn\u00e5 et ensartet look anbefales det at k\u00f8be hele reolen med det n\u00f8dvendige antal moduler.<br \/>\nApollo Storm 10 er udviklet og fremstillet i Storbritannien og er det perfekte valg til audio- og videofans, der v\u00e6rds\u00e6tter ydeevne og stil.  <\/p>\n<p>Designet og fremstillet i Storbritannien.<\/p>\n","protected":false},"excerpt":{"rendered":"<p>\u2713 alle kombinationer af reolmoduler kan bruges<br \/>\n\u2713 bedste forarbejdning af materialer<br \/>\n\u2713 st\u00e6rk b\u00e6reevne og universelt anvendelig<br \/>\n\u2713 designet og fremstillet i Storbritannien<\/p>\n","protected":false},"featured_media":2943,"comment_status":"open","ping_status":"closed","template":"","meta":[],"product_brand":[],"product_cat":[245,246],"product_tag":[],"class_list":{"0":"post-2746","1":"product","2":"type-product","3":"status-publish","4":"has-post-thumbnail","6":"product_cat-hi-fi-racks-da","7":"product_cat-atacama-apollo-da","8":"product_shipping_class-op-til-20-kg","9":"pa_breite-aussen-990-mm-da","10":"pa_breite-innen-910-mm-da","11":"pa_farbe-der-saeulenmodule-silkesorte-soejler","12":"pa_hoehe-innen-innenlagerhoehe-235-mm-da","13":"pa_holzfarbe-sort","14":"pa_regalbrettstaerke-massiv-27-mm-eg","15":"pa_tiefe-aussen-450-mm-da","16":"pa_tiefe-innen-370-mm-da","17":"tm-has-options","19":"first","20":"instock","21":"taxable","22":"shipping-taxable","23":"purchasable","24":"product-type-simple"},"_links":{"self":[{"href":"https:\/\/pulsschlag24.com\/da\/wp-json\/wp\/v2\/product\/2746","targetHints":{"allow":["GET"]}}],"collection":[{"href":"https:\/\/pulsschlag24.com\/da\/wp-json\/wp\/v2\/product"}],"about":[{"href":"https:\/\/pulsschlag24.com\/da\/wp-json\/wp\/v2\/types\/product"}],"replies":[{"embeddable":true,"href":"https:\/\/pulsschlag24.com\/da\/wp-json\/wp\/v2\/comments?post=2746"}],"wp:featuredmedia":[{"embeddable":true,"href":"https:\/\/pulsschlag24.com\/da\/wp-json\/wp\/v2\/media\/2943"}],"wp:attachment":[{"href":"https:\/\/pulsschlag24.com\/da\/wp-json\/wp\/v2\/media?parent=2746"}],"wp:term":[{"taxonomy":"product_brand","embeddable":true,"href":"https:\/\/pulsschlag24.com\/da\/wp-json\/wp\/v2\/product_brand?post=2746"},{"taxonomy":"product_cat","embeddable":true,"href":"https:\/\/pulsschlag24.com\/da\/wp-json\/wp\/v2\/product_cat?post=2746"},{"taxonomy":"product_tag","embeddable":true,"href":"https:\/\/pulsschlag24.com\/da\/wp-json\/wp\/v2\/product_tag?post=2746"}],"curies":[{"name":"wp","href":"https:\/\/api.w.org\/{rel}","templated":true}]}}