{"id":2638,"date":"2025-08-25T11:28:54","date_gmt":"2025-08-25T09:28:54","guid":{"rendered":"https:\/\/pulsschlag24.com\/?post_type=product&#038;p=2638"},"modified":"2025-08-25T11:28:55","modified_gmt":"2025-08-25T09:28:55","slug":"atacama-apollo-storm-10-hi-fi-rack-185-mm-bred-moerk-eg-kopie","status":"publish","type":"product","link":"https:\/\/pulsschlag24.com\/da\/produkt\/atacama-apollo-storm-10-hi-fi-rack-185-mm-bred-moerk-eg-kopie\/","title":{"rendered":"Atacama APOLLO \u2013 STORM 10 Premium Black Edition \u2013 Hi-Fi-rack \u2013 185 mm plan \u2013 Sort"},"content":{"rendered":"<p>Vi pr\u00e6senterer Apollo Storm 10: Det ultimative modulopbyggede AV-rack<\/p>\n<p>&nbsp;<\/p>\n<p>Forbedr din audiovisuelle oplevelse med Apollo Storm 10 Premium Black Edition, et imponerende og funktionelt modul\u00e6rt AV-rack i massivt britisk egetr\u00e6. Der kan v\u00e6lges mellem op til 4 niveauer med forskellige h\u00f8jdeafstande \u2013 basis 60 mm, 135 mm, 185 mm og 235 mm. <\/p>\n<p>&nbsp;<\/p>\n<p>Hvorfor Apollo Storm 10?<\/p>\n<p>&nbsp;<\/p>\n<p>Modul\u00e6rt design: Dette rack er fleksibelt designet, s\u00e5 du kan v\u00e6lge pr\u00e6cis det antal, du har brug for til dit udstyr og din plads. Du skal blot tilf\u00f8je de n\u00f8dvendige moduler til din indk\u00f8bskurv eller fjerne dem, og prisen justeres automatisk under betalingsprocessen. <\/p>\n<p>Designet til ydeevne: Apollo Storm 10 er ikke kun et smukt m\u00f8bel. Det er omhyggeligt udviklet til at maksimere ydeevnen af dit audiovisuelle udstyr. Den vridningsstive konstruktion i massivt egetr\u00e6 og det flerlagede isoleringssystem minimerer resonanser og eksterne vibrationer og sikrer den h\u00f8jeste lydkvalitet.  <\/p>\n<p>Elegant design: Den naturlige egetr\u00e6sfarve med h\u00e5ndlavede detaljer giver ethvert hjemmebiograf eller stue et strejf af elegance. Med to benfarver og fire hyldeh\u00f8jder kan du tilpasse reolen individuelt til din eksisterende indretning. <\/p>\n<p>Ekstra funktioner:<\/p>\n<p>&nbsp;<\/p>\n<p>Pr\u00e6cist tilpassede reolmoduler for perfekt pasform<\/p>\n<p>Fire hyldeh\u00f8jder<\/p>\n<p>Justerbare pigge til udligning af uj\u00e6vne gulve (pigge anbefales til f\u00f8lsomme gulve)<\/p>\n<p>Massiv egekonstruktion for stabilitet og holdbarhed<\/p>\n<p>Bem\u00e6rk:<\/p>\n<p>&nbsp;<\/p>\n<p>Eg er et naturmateriale, derfor kan der forekomme afvigelser i \u00e5retegningen.<\/p>\n<p>For at opn\u00e5 et ensartet udseende b\u00f8r du k\u00f8be hele racket med det n\u00f8dvendige antal moduler p\u00e5 forh\u00e5nd.<\/p>\n<p>Apollo Storm 10, der er udviklet og produceret i Storbritannien, er det perfekte valg for audio- og videolskere, der v\u00e6rds\u00e6tter ydeevne og stil.<\/p>\n","protected":false},"excerpt":{"rendered":"<p>\u2713 alle kombinationer af reolmoduler kan bruges<br \/>\n\u2713 bedste forarbejdning af materialer<br \/>\n\u2713 st\u00e6rk b\u00e6reevne og universelt anvendelig<br \/>\n\u2713 designet og fremstillet i Storbritannien<\/p>\n","protected":false},"featured_media":2679,"comment_status":"open","ping_status":"closed","template":"","meta":[],"product_brand":[],"product_cat":[245,246],"product_tag":[],"class_list":{"0":"post-2638","1":"product","2":"type-product","3":"status-publish","4":"has-post-thumbnail","6":"product_cat-hi-fi-racks-da","7":"product_cat-atacama-apollo-da","8":"product_shipping_class-op-til-20-kg","9":"pa_breite-aussen-990-mm-da","10":"pa_breite-innen-910-mm-da","11":"pa_farbe-der-saeulenmodule-silkesorte-soejler","12":"pa_hoehe-innen-innenlagerhoehe-185-mm-da","13":"pa_holzfarbe-sort","14":"pa_regalbrettstaerke-massiv-27-mm-eg","15":"pa_tiefe-aussen-450-mm-da","16":"pa_tiefe-innen-370-mm-da","17":"tm-has-options","19":"first","20":"instock","21":"taxable","22":"shipping-taxable","23":"purchasable","24":"product-type-simple"},"_links":{"self":[{"href":"https:\/\/pulsschlag24.com\/da\/wp-json\/wp\/v2\/product\/2638","targetHints":{"allow":["GET"]}}],"collection":[{"href":"https:\/\/pulsschlag24.com\/da\/wp-json\/wp\/v2\/product"}],"about":[{"href":"https:\/\/pulsschlag24.com\/da\/wp-json\/wp\/v2\/types\/product"}],"replies":[{"embeddable":true,"href":"https:\/\/pulsschlag24.com\/da\/wp-json\/wp\/v2\/comments?post=2638"}],"wp:featuredmedia":[{"embeddable":true,"href":"https:\/\/pulsschlag24.com\/da\/wp-json\/wp\/v2\/media\/2679"}],"wp:attachment":[{"href":"https:\/\/pulsschlag24.com\/da\/wp-json\/wp\/v2\/media?parent=2638"}],"wp:term":[{"taxonomy":"product_brand","embeddable":true,"href":"https:\/\/pulsschlag24.com\/da\/wp-json\/wp\/v2\/product_brand?post=2638"},{"taxonomy":"product_cat","embeddable":true,"href":"https:\/\/pulsschlag24.com\/da\/wp-json\/wp\/v2\/product_cat?post=2638"},{"taxonomy":"product_tag","embeddable":true,"href":"https:\/\/pulsschlag24.com\/da\/wp-json\/wp\/v2\/product_tag?post=2638"}],"curies":[{"name":"wp","href":"https:\/\/api.w.org\/{rel}","templated":true}]}}