{"id":2377,"date":"2025-05-06T10:08:01","date_gmt":"2025-05-06T08:08:01","guid":{"rendered":"https:\/\/pulsschlag24.com\/produkt\/atacama-apollo-storm-benudskiftningssaet-185-mm-sort\/"},"modified":"2025-05-06T10:08:01","modified_gmt":"2025-05-06T08:08:01","slug":"atacama-apollo-storm-benudskiftningssaet-185-mm-sort","status":"publish","type":"product","link":"https:\/\/pulsschlag24.com\/da\/produkt\/atacama-apollo-storm-benudskiftningssaet-185-mm-sort\/","title":{"rendered":"Atacama APOLLO \u2013 STORM \u2013 Benudskiftningss\u00e6t \u2013 185 mm \u2013 sort"},"content":{"rendered":"<p>Erstatningspakke til benh\u00f8jden p\u00e5 Apollo Storm-serien.<br \/>\nPasser til Apollo &#8211; Storm 6 og Apollo &#8211; Storm 10 Hi-Fi-stativer.<br \/>\nIkke egnet til Apollo &#8211; Storm 10 &#8211; AV-stativ &#8211; 2 hyldebunde til tv-installation eller Apollo &#8211; Storm 6 &#8211; 2 hyldebunde til opbevaring af vinylplader!<br \/>\nHvis du allerede har et Apollo &#8211; Storm 6 eller Apollo &#8211; Storm 10 rack, men \u00f8nsker at \u00e6ndre benh\u00f8jden eller benfarven p\u00e5 et eller flere af dine hyldemoduler, kan du bestille de n\u00f8dvendige dele.<br \/>\nDen angivne h\u00f8jde er det indvendige m\u00e5l, n\u00e5r benene er monteret med alle fastg\u00f8relseselementer og beslag.<\/p>\n<p>Bem\u00e6rk:<br \/>\nPrisen g\u00e6lder for fire udvendige r\u00f8r med de nederste spidsskrueindsatser. Alle andre komponenter, der oprindeligt blev leveret med reolmodulet, skal genbruges. <\/p>\n","protected":false},"excerpt":{"rendered":"<p>\u2713 Benpakke i sort (silk black) i s\u00e6t med 4 stk.<br \/>\n\u2713 Passer til Apollo &#8211; Storm 6 og Apollo &#8211; Storm 10 Hi-Fi-stativer<br \/>\n\u2713 De 185 mm s\u00f8jler leveres med de nederste spidsskruer<\/p>\n","protected":false},"featured_media":1584,"comment_status":"open","ping_status":"closed","template":"","meta":[],"product_brand":[],"product_cat":[269,272],"product_tag":[],"class_list":{"0":"post-2377","1":"product","2":"type-product","3":"status-publish","4":"has-post-thumbnail","6":"product_cat-tilbehoer","7":"product_cat-tilbehoer-hi-fi-racks","8":"product_shipping_class-op-til-5-kg","9":"tm-has-options","11":"first","12":"outofstock","13":"taxable","14":"shipping-taxable","15":"purchasable","16":"product-type-simple"},"_links":{"self":[{"href":"https:\/\/pulsschlag24.com\/da\/wp-json\/wp\/v2\/product\/2377","targetHints":{"allow":["GET"]}}],"collection":[{"href":"https:\/\/pulsschlag24.com\/da\/wp-json\/wp\/v2\/product"}],"about":[{"href":"https:\/\/pulsschlag24.com\/da\/wp-json\/wp\/v2\/types\/product"}],"replies":[{"embeddable":true,"href":"https:\/\/pulsschlag24.com\/da\/wp-json\/wp\/v2\/comments?post=2377"}],"wp:featuredmedia":[{"embeddable":true,"href":"https:\/\/pulsschlag24.com\/da\/wp-json\/wp\/v2\/media\/1584"}],"wp:attachment":[{"href":"https:\/\/pulsschlag24.com\/da\/wp-json\/wp\/v2\/media?parent=2377"}],"wp:term":[{"taxonomy":"product_brand","embeddable":true,"href":"https:\/\/pulsschlag24.com\/da\/wp-json\/wp\/v2\/product_brand?post=2377"},{"taxonomy":"product_cat","embeddable":true,"href":"https:\/\/pulsschlag24.com\/da\/wp-json\/wp\/v2\/product_cat?post=2377"},{"taxonomy":"product_tag","embeddable":true,"href":"https:\/\/pulsschlag24.com\/da\/wp-json\/wp\/v2\/product_tag?post=2377"}],"curies":[{"name":"wp","href":"https:\/\/api.w.org\/{rel}","templated":true}]}}