{"id":2374,"date":"2025-05-06T10:08:01","date_gmt":"2025-05-06T08:08:01","guid":{"rendered":"https:\/\/pulsschlag24.com\/produkt\/atacama-evoque-eco-se2-ben-erstatningspakke-215-mm-sort\/"},"modified":"2025-05-06T10:08:01","modified_gmt":"2025-05-06T08:08:01","slug":"atacama-evoque-eco-se2-ben-erstatningspakke-215-mm-sort","status":"publish","type":"product","link":"https:\/\/pulsschlag24.com\/da\/produkt\/atacama-evoque-eco-se2-ben-erstatningspakke-215-mm-sort\/","title":{"rendered":"Atacama EVOQUE ECO SE2 \u2013 Ben-erstatningspakke \u2013 215 mm \u2013 sort"},"content":{"rendered":"<p>Erstatningspakke til benh\u00f8jden p\u00e5 Atacama &#8211; EVOQUE ECO SE2-serien.<br \/>\nPasser til EVOQUE ECO 60\/40 SE2 Hi-Fi-stativer.<br \/>\nIKKE egnet til Evoque (standardversioner), Special Edition, Design Edition eller Custom!<br \/>\nHvis du allerede har et Atacama &#8211; EVOQUE ECO 60\/40 SE2 rack, men \u00f8nsker at \u00e6ndre benh\u00f8jden p\u00e5 et eller flere af dine reolmoduler, kan du bestille de n\u00f8dvendige dele.<br \/>\nDen angivne h\u00f8jde er det indvendige m\u00e5l, n\u00e5r benene er monteret med alle fastg\u00f8relseselementer og beslag.<br \/>\nBem\u00e6rk: Vi tilbyder ogs\u00e5 denne artikel i andre st\u00f8rrelser.<\/p>\n<p>Bem\u00e6rk:<br \/>\nPrisen g\u00e6lder for fire udvendige r\u00f8r med fire gevindst\u00e6nger. Alle andre komponenter, der oprindeligt blev leveret med reolsystemet, skal genbruges. <\/p>\n","protected":false},"excerpt":{"rendered":"<p>\u2713 Benpakke i satin sort (satin black) i s\u00e6t med 4 stk.<br \/>\n\u2713 passer til Atacama &#8211; EVOQUE ECO SE2 Hi-Fi-stativer<br \/>\n\u2713 de 215 mm s\u00f8jler leveres med de tilh\u00f8rende gevindst\u00e6nger<\/p>\n","protected":false},"featured_media":1592,"comment_status":"open","ping_status":"closed","template":"","meta":[],"product_brand":[],"product_cat":[269,272],"product_tag":[],"class_list":{"0":"post-2374","1":"product","2":"type-product","3":"status-publish","4":"has-post-thumbnail","6":"product_cat-tilbehoer","7":"product_cat-tilbehoer-hi-fi-racks","8":"product_shipping_class-op-til-5-kg","9":"tm-has-options","11":"first","12":"instock","13":"taxable","14":"shipping-taxable","15":"purchasable","16":"product-type-simple"},"_links":{"self":[{"href":"https:\/\/pulsschlag24.com\/da\/wp-json\/wp\/v2\/product\/2374","targetHints":{"allow":["GET"]}}],"collection":[{"href":"https:\/\/pulsschlag24.com\/da\/wp-json\/wp\/v2\/product"}],"about":[{"href":"https:\/\/pulsschlag24.com\/da\/wp-json\/wp\/v2\/types\/product"}],"replies":[{"embeddable":true,"href":"https:\/\/pulsschlag24.com\/da\/wp-json\/wp\/v2\/comments?post=2374"}],"wp:featuredmedia":[{"embeddable":true,"href":"https:\/\/pulsschlag24.com\/da\/wp-json\/wp\/v2\/media\/1592"}],"wp:attachment":[{"href":"https:\/\/pulsschlag24.com\/da\/wp-json\/wp\/v2\/media?parent=2374"}],"wp:term":[{"taxonomy":"product_brand","embeddable":true,"href":"https:\/\/pulsschlag24.com\/da\/wp-json\/wp\/v2\/product_brand?post=2374"},{"taxonomy":"product_cat","embeddable":true,"href":"https:\/\/pulsschlag24.com\/da\/wp-json\/wp\/v2\/product_cat?post=2374"},{"taxonomy":"product_tag","embeddable":true,"href":"https:\/\/pulsschlag24.com\/da\/wp-json\/wp\/v2\/product_tag?post=2374"}],"curies":[{"name":"wp","href":"https:\/\/api.w.org\/{rel}","templated":true}]}}