{"id":2371,"date":"2025-06-09T13:42:01","date_gmt":"2025-06-09T11:42:01","guid":{"rendered":"https:\/\/pulsschlag24.com\/produkt\/atacama-evoque-eco-60-40-special-edition-benudskiftningssaet-210-mm-sort\/"},"modified":"2026-03-17T22:24:25","modified_gmt":"2026-03-17T21:24:25","slug":"atacama-evoque-eco-60-40-special-edition-benudskiftningssaet-210-mm-sort","status":"publish","type":"product","link":"https:\/\/pulsschlag24.com\/da\/produkt\/atacama-evoque-eco-60-40-special-edition-benudskiftningssaet-210-mm-sort\/","title":{"rendered":"Atacama EVOQUE ECO 60\/40 Special Edition \u2013 Benudskiftningss\u00e6t \u2013 210 mm \u2013 sort"},"content":{"rendered":"<p>Erstatningss\u00e6t til benh\u00f8jden p\u00e5 Atacama &#8211; EVOQUE ECO SE-serien.<br \/>Passer til EVOQUE ECO 60\/40 SE hi-fi-reoler.<br \/>Udelukkende egnet til Evoque (standardversioner), Special Edition, Design Edition eller Custom!<br \/>Hvis du allerede har et Atacama &#8211; EVOQUE ECO 60\/40 SE-reol, men \u00f8nsker at \u00e6ndre benh\u00f8jden p\u00e5 et eller flere af dine reolmoduler, kan du bestille de n\u00f8dvendige dele.<br \/>Den angivne h\u00f8jde er det indvendige m\u00e5l, n\u00e5r benene er fuldt monteret med alle fastg\u00f8relser og beslag.<br \/>Bem\u00e6rk: Vi tilbyder ogs\u00e5 denne vare i andre st\u00f8rrelser.<\/p>\n<p>Bem\u00e6rk:<br \/>\nPrisen g\u00e6lder for fire ydre r\u00f8r med fire gevindst\u00e6nger. Alle \u00f8vrige komponenter, der oprindeligt fulgte med reolmodulet, skal genbruges. <\/p>\n<p><span style=\"font-weight: 400;\">Weitere interessante Produkte finden Sie in unserer Kategorie <a href=\"https:\/\/pulsschlag24.com\/da\/produktkategori\/hi-fi-racks-da\/\">Hi-Fi Racks.<\/a><\/span><\/p>\n","protected":false},"excerpt":{"rendered":"<p>\u2713 S\u00e6t med 4 ben i sort satin (satin black)<br \/>\n\u2713 Passer til Atacama &#8211; EVOQUE ECO SE \u2013 Special Edition Hi-Fi-reoler<br \/>\n\u2713 De 210 mm h\u00f8je ben leveres med de tilh\u00f8rende gevindst\u00e6nger<\/p>\n","protected":false},"featured_media":1690,"comment_status":"open","ping_status":"closed","template":"","meta":[],"product_brand":[],"product_cat":[241,269,272],"product_tag":[],"class_list":{"0":"post-2371","1":"product","2":"type-product","3":"status-publish","4":"has-post-thumbnail","6":"product_cat-udgaaede-modeller","7":"product_cat-tilbehoer","8":"product_cat-tilbehoer-hi-fi-racks","9":"product_shipping_class-op-til-5-kg","10":"tm-has-options","12":"first","13":"instock","14":"taxable","15":"shipping-taxable","16":"purchasable","17":"product-type-simple"},"_links":{"self":[{"href":"https:\/\/pulsschlag24.com\/da\/wp-json\/wp\/v2\/product\/2371","targetHints":{"allow":["GET"]}}],"collection":[{"href":"https:\/\/pulsschlag24.com\/da\/wp-json\/wp\/v2\/product"}],"about":[{"href":"https:\/\/pulsschlag24.com\/da\/wp-json\/wp\/v2\/types\/product"}],"replies":[{"embeddable":true,"href":"https:\/\/pulsschlag24.com\/da\/wp-json\/wp\/v2\/comments?post=2371"}],"wp:featuredmedia":[{"embeddable":true,"href":"https:\/\/pulsschlag24.com\/da\/wp-json\/wp\/v2\/media\/1690"}],"wp:attachment":[{"href":"https:\/\/pulsschlag24.com\/da\/wp-json\/wp\/v2\/media?parent=2371"}],"wp:term":[{"taxonomy":"product_brand","embeddable":true,"href":"https:\/\/pulsschlag24.com\/da\/wp-json\/wp\/v2\/product_brand?post=2371"},{"taxonomy":"product_cat","embeddable":true,"href":"https:\/\/pulsschlag24.com\/da\/wp-json\/wp\/v2\/product_cat?post=2371"},{"taxonomy":"product_tag","embeddable":true,"href":"https:\/\/pulsschlag24.com\/da\/wp-json\/wp\/v2\/product_tag?post=2371"}],"curies":[{"name":"wp","href":"https:\/\/api.w.org\/{rel}","templated":true}]}}