{"id":2368,"date":"2025-05-27T14:02:18","date_gmt":"2025-05-27T12:02:18","guid":{"rendered":"https:\/\/pulsschlag24.com\/produkt\/atacama-eris2-eco-5-0-ben-erstatningspakke-200-mm-sort-udgaaende-model\/"},"modified":"2026-04-22T14:02:50","modified_gmt":"2026-04-22T12:02:50","slug":"atacama-eris2-eco-5-0-ben-erstatningspakke-200-mm-sort-udgaaende-model","status":"publish","type":"product","link":"https:\/\/pulsschlag24.com\/da\/produkt\/atacama-eris2-eco-5-0-ben-erstatningspakke-200-mm-sort-udgaaende-model\/","title":{"rendered":"Atacama ERIS2 ECO 5.0 \u2013 Ben-erstatningspakke \u2013 200 mm \u2013 sort &#8211; Udg\u00e5ende model"},"content":{"rendered":"<p>Erstatningspakke til benh\u00f8jden p\u00e5 ERIS2 Eco 5.0-serien.<br \/>\nHvis du allerede har et ERIS2 Eco 5.0-rack, men \u00f8nsker at \u00e6ndre benh\u00f8jden p\u00e5 et eller flere af dine reolmoduler, kan du bestille de n\u00f8dvendige dele.<br \/>\nDen angivne h\u00f8jde er det indvendige m\u00e5l, n\u00e5r benene er monteret med alle fastg\u00f8relseselementer og beslag.<\/p>\n","protected":false},"excerpt":{"rendered":"<p>\u2713 Benpakke i satin sort (satin black) i s\u00e6t med 3 stk.<br \/>\n\u2713 passer til Atacama \u2013 ERIS2 ECO 5.0 Hi-Fi-stativer<\/p>\n","protected":false},"featured_media":1662,"comment_status":"open","ping_status":"closed","template":"","meta":[],"product_brand":[1078],"product_cat":[272,241,267,269],"product_tag":[],"class_list":{"0":"post-2368","1":"product","2":"type-product","3":"status-publish","4":"has-post-thumbnail","6":"product_brand-atacama","7":"product_cat-tilbehoer-hi-fi-racks","8":"product_cat-udgaaede-modeller","9":"product_cat-tilbud","10":"product_cat-tilbehoer","11":"product_shipping_class-op-til-5-kg","12":"tm-has-options","14":"first","15":"instock","16":"sale","17":"taxable","18":"shipping-taxable","19":"purchasable","20":"product-type-simple"},"_links":{"self":[{"href":"https:\/\/pulsschlag24.com\/da\/wp-json\/wp\/v2\/product\/2368","targetHints":{"allow":["GET"]}}],"collection":[{"href":"https:\/\/pulsschlag24.com\/da\/wp-json\/wp\/v2\/product"}],"about":[{"href":"https:\/\/pulsschlag24.com\/da\/wp-json\/wp\/v2\/types\/product"}],"replies":[{"embeddable":true,"href":"https:\/\/pulsschlag24.com\/da\/wp-json\/wp\/v2\/comments?post=2368"}],"wp:featuredmedia":[{"embeddable":true,"href":"https:\/\/pulsschlag24.com\/da\/wp-json\/wp\/v2\/media\/1662"}],"wp:attachment":[{"href":"https:\/\/pulsschlag24.com\/da\/wp-json\/wp\/v2\/media?parent=2368"}],"wp:term":[{"taxonomy":"product_brand","embeddable":true,"href":"https:\/\/pulsschlag24.com\/da\/wp-json\/wp\/v2\/product_brand?post=2368"},{"taxonomy":"product_cat","embeddable":true,"href":"https:\/\/pulsschlag24.com\/da\/wp-json\/wp\/v2\/product_cat?post=2368"},{"taxonomy":"product_tag","embeddable":true,"href":"https:\/\/pulsschlag24.com\/da\/wp-json\/wp\/v2\/product_tag?post=2368"}],"curies":[{"name":"wp","href":"https:\/\/api.w.org\/{rel}","templated":true}]}}